{"id":3,"date":"2025-02-28T10:55:33","date_gmt":"2025-02-28T09:55:33","guid":{"rendered":"http:\/\/www.preventionshop.es\/?page_id=3"},"modified":"2026-01-24T07:12:50","modified_gmt":"2026-01-24T06:12:50","slug":"aviso-legal","status":"publish","type":"page","link":"https:\/\/www.preventionshop.es\/ca\/avis-legal\/","title":{"rendered":"Av\u00eds legal"},"content":{"rendered":"<p style=\"text-align: justify;\">\nEn compliment de l\u2019article 10 de la Llei 34\/2002, de l\u201911 de juliol, de serveis de la societat de la informaci\u00f3 i de comer\u00e7 electr\u00f2nic (LSSICE), s\u2019exposen a continuaci\u00f3 les dades identificatives de l\u2019empresa.\n<\/p>\n<p><strong>Denominaci\u00f3 social:<\/strong><br \/>\nPrevention Shop (AMC SYSTEMS) \u2013 Angel Mart\u00ednez Carri\u00f3<br \/>\nN\u00famero d\u2019identificaci\u00f3 fiscal<br \/>\nES40342387L<\/p>\n<p><strong>Domicili social:<\/strong><\/p>\n<div class=\"textwidget\">\n<p style=\"text-align: justify;\">\nPreventionShop<br \/>\nC\/ Tramuntana<br \/>\n17141 Bellcaire d\u2019Empord\u00e0<br \/>\nEspanya\n<\/p>\n<p style=\"text-align: justify;\">\n+34 607 680 742<br \/>\n<a href=\"mailto:info@preventionshop.es\">info@preventionshop.es<\/a>\n<\/p>\n<p>Dades relatives a l\u2019autoritzaci\u00f3 administrativa pr\u00e8via per a l\u2019exercici de l\u2019activitat:<br \/>\nDes de l\u20191 de gener de 2020.<\/p>\n<p><strong>Objecte<\/strong><\/p>\n<p style=\"text-align: justify;\">\nEl present Av\u00eds Legal regula l\u2019acc\u00e9s, la navegaci\u00f3 i l\u2019\u00fas del lloc web https:\/\/www.preventionshop.es, aix\u00ed com les responsabilitats derivades de la utilitzaci\u00f3 dels seus continguts.\n<\/p>\n<p style=\"text-align: justify;\">\nL\u2019acc\u00e9s i l\u2019\u00fas del lloc web atribueix la condici\u00f3 d\u2019usuari i implica l\u2019acceptaci\u00f3 plena i sense reserves de totes les disposicions incloses en aquest Av\u00eds Legal.\n<\/p>\n<p><strong>Condicions d\u2019\u00fas<\/strong><\/p>\n<p style=\"text-align: justify;\">\nL\u2019usuari es compromet a fer un \u00fas adequat del lloc web i dels seus continguts, de conformitat amb la legislaci\u00f3 vigent, la bona fe i l\u2019ordre p\u00fablic.\n<\/p>\n<p style=\"text-align: justify;\">\nQueda prohibit l\u2019\u00fas del lloc web amb finalitats il\u00b7l\u00edcites o lesives, o que puguin causar perjudici o impedir el funcionament normal del mateix.\n<\/p>\n<p><strong>Propietat intel\u00b7lectual i industrial<\/strong><\/p>\n<p style=\"text-align: justify;\">\nTots els continguts del lloc web, incloent-hi textos, imatges, dissenys, logotips, icones, programari i altres elements, s\u00f3n titularitat del responsable del lloc web o de tercers autoritzats, i queda prohibida la seva reproducci\u00f3, distribuci\u00f3 o comunicaci\u00f3 p\u00fablica sense autoritzaci\u00f3 expressa.\n<\/p>\n<p><strong>Responsabilitat<\/strong><\/p>\n<p style=\"text-align: justify;\">\nEl titular del lloc web no es fa responsable dels errors o omissions en els continguts, ni dels danys derivats de l\u2019\u00fas del lloc web, ni de qualsevol actuaci\u00f3 realitzada sobre la base de la informaci\u00f3 que s\u2019hi facilita.\n<\/p>\n<p style=\"text-align: justify;\">\nAix\u00ed mateix, no es garanteix l\u2019abs\u00e8ncia de virus o altres elements que puguin produir alteracions en els sistemes inform\u00e0tics de l\u2019usuari.\n<\/p>\n<p><strong>Enlla\u00e7os externs<\/strong><\/p>\n<p style=\"text-align: justify;\">\nEl lloc web pot contenir enlla\u00e7os a p\u00e0gines web de tercers. El titular no es responsabilitza del contingut, pol\u00edtiques o pr\u00e0ctiques d\u2019aquests llocs externs.\n<\/p>\n<p><strong>Legislaci\u00f3 aplicable i jurisdicci\u00f3<\/strong><\/p>\n<p style=\"text-align: justify;\">\nLa relaci\u00f3 entre l\u2019usuari i el titular del lloc web es regir\u00e0 per la normativa espanyola vigent. Per a la resoluci\u00f3 de qualsevol controv\u00e8rsia, les parts se sotmetran als jutjats i tribunals que corresponguin conforme a dret.\n<\/p>\n<p><strong>Codis de conducta als quals l\u2019empresa est\u00e0 adherida<\/strong><\/p>\n<p style=\"text-align: justify;\">\nObe\u00efm els sistemes de gesti\u00f3 pactats. Reciclem tots els residus generats per la pr\u00f2pia activitat.\n<\/p>\n<p style=\"text-align: justify;\">\nEls nostres codis \u00e8tics fan de Prevention Shop una empresa saludable, ecol\u00f2gica i amb una bona gesti\u00f3 del medi ambient.\n<\/p>\n<\/div>\n","protected":false},"excerpt":{"rendered":"<p>En compliment de l\u2019article 10 de la Llei 34\/2002, de l\u201911 de juliol, de serveis de la societat de la informaci\u00f3 i de comer\u00e7 electr\u00f2nic (LSSICE), s\u2019exposen a continuaci\u00f3 les dades identificatives de l\u2019empresa. Denominaci\u00f3 [&hellip;]<\/p>\n","protected":false},"author":1,"featured_media":0,"parent":0,"menu_order":0,"comment_status":"closed","ping_status":"closed","template":"templates\/template-fullwidth-boxed.php","meta":{"inline_featured_image":false,"footnotes":""},"class_list":["post-3","page","type-page","status-publish","hentry"],"yoast_head":"<!-- This site is optimized with the Yoast SEO plugin v27.5 - https:\/\/yoast.com\/product\/yoast-seo-wordpress\/ -->\n<title>Av\u00eds legal<\/title>\n<meta name=\"description\" content=\"En compliment de l\u2019article 10 de la Llei 34\/2002, de l\u201911 de juliol, de serveis de la societat de la informaci\u00f3 i de comer\u00e7 electr\u00f2nic (LSSICE), s\u2019exposen a continuaci\u00f3 les dades identificatives de l\u2019empresa. Denominaci\u00f3 social: Prevention Shop (AMC SYSTEMS) \u2013 Angel Mart\u00ednez Carri\u00f3 N\u00famero d\u2019identificaci\u00f3 fiscal ES40342387L Domicili social: PreventionShop C\/ Tramuntana 17141 Bellcaire&hellip;\" \/>\n<meta name=\"robots\" content=\"index, follow, max-snippet:-1, max-image-preview:large, max-video-preview:-1\" \/>\n<link rel=\"canonical\" href=\"\" \/>\n<meta property=\"og:locale\" content=\"ca_ES\" \/>\n<meta property=\"og:type\" content=\"article\" \/>\n<meta property=\"og:title\" content=\"Av\u00eds legal\" \/>\n<meta property=\"og:description\" content=\"En compliment de l\u2019article 10 de la Llei 34\/2002, de l\u201911 de juliol, de serveis de la societat de la informaci\u00f3 i de comer\u00e7 electr\u00f2nic (LSSICE), s\u2019exposen a continuaci\u00f3 les dades identificatives de l\u2019empresa. Denominaci\u00f3 social: Prevention Shop (AMC SYSTEMS) \u2013 Angel Mart\u00ednez Carri\u00f3 N\u00famero d\u2019identificaci\u00f3 fiscal ES40342387L Domicili social: PreventionShop C\/ Tramuntana 17141 Bellcaire&hellip;\" \/>\n<meta property=\"og:url\" content=\"https:\/\/www.preventionshop.es\/ca\/avis-legal\/\" \/>\n<meta property=\"og:site_name\" content=\"Prevention Shop\" \/>\n<meta property=\"article:publisher\" content=\"https:\/\/www.facebook.com\/profile.php?id=100068991094376\" \/>\n<meta property=\"article:modified_time\" content=\"2026-01-24T06:12:50+00:00\" \/>\n<meta name=\"twitter:card\" content=\"summary_large_image\" \/>\n<meta name=\"twitter:site\" content=\"@PreventionShop\" \/>\n<meta name=\"twitter:label1\" content=\"Temps estimat de lectura\" \/>\n\t<meta name=\"twitter:data1\" content=\"2 minuts\" \/>\n<script type=\"application\/ld+json\" class=\"yoast-schema-graph\">{\"@context\":\"https:\\\/\\\/schema.org\",\"@graph\":[{\"@type\":\"WebPage\",\"@id\":\"https:\\\/\\\/www.preventionshop.es\\\/ca\\\/avis-legal\\\/\",\"url\":\"https:\\\/\\\/www.preventionshop.es\\\/ca\\\/avis-legal\\\/\",\"name\":\"Aviso legal - Prevention Shop\",\"isPartOf\":{\"@id\":\"https:\\\/\\\/www.preventionshop.es\\\/#website\"},\"datePublished\":\"2025-02-28T09:55:33+00:00\",\"dateModified\":\"2026-01-24T06:12:50+00:00\",\"description\":\"Botiga en l\u00ednia amb els millors productes per poder resoldre les auditories necess\u00e0ries de la ind\u00fastria moderna. No Brady, Seton, Lock Out Tag Out de Master Lock.\",\"breadcrumb\":{\"@id\":\"https:\\\/\\\/www.preventionshop.es\\\/ca\\\/avis-legal\\\/#breadcrumb\"},\"inLanguage\":\"ca\",\"potentialAction\":[{\"@type\":\"ReadAction\",\"target\":[\"https:\\\/\\\/www.preventionshop.es\\\/ca\\\/avis-legal\\\/\"]}]},{\"@type\":\"BreadcrumbList\",\"@id\":\"https:\\\/\\\/www.preventionshop.es\\\/ca\\\/avis-legal\\\/#breadcrumb\",\"itemListElement\":[{\"@type\":\"ListItem\",\"position\":1,\"name\":\"Inici - Prevention Shop\",\"item\":\"https:\\\/\\\/www.preventionshop.es\\\/\"},{\"@type\":\"ListItem\",\"position\":2,\"name\":\"Av\u00eds legal\"}]},{\"@type\":\"WebSite\",\"@id\":\"https:\\\/\\\/www.preventionshop.es\\\/ca\\\/#website\",\"url\":\"https:\\\/\\\/www.preventionshop.es\\\/ca\\\/\",\"name\":\"Prevention Shop\",\"description\":\"Etiquetas y carteles\",\"publisher\":{\"@id\":\"https:\\\/\\\/www.preventionshop.es\\\/ca\\\/#organization\"},\"alternateName\":\"Etiquetas y carteles\",\"potentialAction\":[{\"@type\":\"SearchAction\",\"target\":{\"@type\":\"EntryPoint\",\"urlTemplate\":\"https:\\\/\\\/www.preventionshop.es\\\/ca\\\/?s={search_term_string}\"},\"query-input\":{\"@type\":\"PropertyValueSpecification\",\"valueRequired\":true,\"valueName\":\"search_term_string\"}}],\"inLanguage\":\"ca\"},{\"@type\":\"Organization\",\"@id\":\"https:\\\/\\\/www.preventionshop.es\\\/ca\\\/#organization\",\"name\":\"Prevention Shop\",\"url\":\"https:\\\/\\\/www.preventionshop.es\\\/ca\\\/\",\"logo\":{\"@type\":\"ImageObject\",\"inLanguage\":\"ca\",\"@id\":\"https:\\\/\\\/www.preventionshop.es\\\/ca\\\/#\\\/schema\\\/logo\\\/image\\\/\",\"url\":\"https:\\\/\\\/www.preventionshop.es\\\/\\\/wp-content\\\/uploads\\\/2025\\\/12\\\/favi.png\",\"contentUrl\":\"https:\\\/\\\/www.preventionshop.es\\\/\\\/wp-content\\\/uploads\\\/2025\\\/12\\\/favi.png\",\"width\":512,\"height\":512,\"caption\":\"Prevention Shop\"},\"image\":{\"@id\":\"https:\\\/\\\/www.preventionshop.es\\\/ca\\\/#\\\/schema\\\/logo\\\/image\\\/\"},\"sameAs\":[\"https:\\\/\\\/www.facebook.com\\\/profile.php?id=100068991094376\",\"https:\\\/\\\/x.com\\\/PreventionShop\",\"https:\\\/\\\/www.instagram.com\\\/preventionshop.es\\\/\"]}]}<\/script>\n<!-- \/ Yoast SEO plugin. -->","yoast_head_json":{"title":"Av\u00eds legal","description":"En compliment de l\u2019article 10 de la Llei 34\/2002, de l\u201911 de juliol, de serveis de la societat de la informaci\u00f3 i de comer\u00e7 electr\u00f2nic (LSSICE), s\u2019exposen a continuaci\u00f3 les dades identificatives de l\u2019empresa. Denominaci\u00f3 social: Prevention Shop (AMC SYSTEMS) \u2013 Angel Mart\u00ednez Carri\u00f3 N\u00famero d\u2019identificaci\u00f3 fiscal ES40342387L Domicili social: PreventionShop C\/ Tramuntana 17141 Bellcaire&hellip;","robots":{"index":"index","follow":"follow","max-snippet":"max-snippet:-1","max-image-preview":"max-image-preview:large","max-video-preview":"max-video-preview:-1"},"canonical":"En compliment de l\u2019article 10 de la Llei 34\/2002, de l\u201911 de juliol, de serveis de la societat de la informaci\u00f3 i de comer\u00e7 electr\u00f2nic (LSSICE), s\u2019exposen a continuaci\u00f3 les dades identificatives de l\u2019empresa. Denominaci\u00f3 social: Prevention Shop (AMC SYSTEMS) \u2013 Angel Mart\u00ednez Carri\u00f3 N\u00famero d\u2019identificaci\u00f3 fiscal ES40342387L Domicili social: PreventionShop C\/ Tramuntana 17141 Bellcaire&hellip;","og_locale":"ca_ES","og_type":"article","og_title":"Av\u00eds legal","og_description":"En compliment de l\u2019article 10 de la Llei 34\/2002, de l\u201911 de juliol, de serveis de la societat de la informaci\u00f3 i de comer\u00e7 electr\u00f2nic (LSSICE), s\u2019exposen a continuaci\u00f3 les dades identificatives de l\u2019empresa. Denominaci\u00f3 social: Prevention Shop (AMC SYSTEMS) \u2013 Angel Mart\u00ednez Carri\u00f3 N\u00famero d\u2019identificaci\u00f3 fiscal ES40342387L Domicili social: PreventionShop C\/ Tramuntana 17141 Bellcaire&hellip;","og_url":"https:\/\/www.preventionshop.es\/ca\/avis-legal\/","og_site_name":"Prevention Shop","article_publisher":"https:\/\/www.facebook.com\/profile.php?id=100068991094376","article_modified_time":"2026-01-24T06:12:50+00:00","twitter_card":"summary_large_image","twitter_site":"@PreventionShop","twitter_misc":{"Temps estimat de lectura":"2 minuts"},"schema":{"@context":"https:\/\/schema.org","@graph":[{"@type":"WebPage","@id":"https:\/\/www.preventionshop.es\/ca\/avis-legal\/","url":"https:\/\/www.preventionshop.es\/ca\/avis-legal\/","name":"Aviso legal - Prevention Shop","isPartOf":{"@id":"https:\/\/www.preventionshop.es\/#website"},"datePublished":"2025-02-28T09:55:33+00:00","dateModified":"2026-01-24T06:12:50+00:00","description":"Botiga en l\u00ednia amb els millors productes per poder resoldre les auditories necess\u00e0ries de la ind\u00fastria moderna. No Brady, Seton, Lock Out Tag Out de Master Lock.","breadcrumb":{"@id":"https:\/\/www.preventionshop.es\/ca\/avis-legal\/#breadcrumb"},"inLanguage":"ca","potentialAction":[{"@type":"ReadAction","target":["https:\/\/www.preventionshop.es\/ca\/avis-legal\/"]}]},{"@type":"BreadcrumbList","@id":"https:\/\/www.preventionshop.es\/ca\/avis-legal\/#breadcrumb","itemListElement":[{"@type":"ListItem","position":1,"name":"Inici - Prevention Shop","item":"https:\/\/www.preventionshop.es\/"},{"@type":"ListItem","position":2,"name":"Av\u00eds legal"}]},{"@type":"WebSite","@id":"https:\/\/www.preventionshop.es\/ca\/#website","url":"https:\/\/www.preventionshop.es\/ca\/","name":"Prevention Shop","description":"Etiquetas y carteles","publisher":{"@id":"https:\/\/www.preventionshop.es\/ca\/#organization"},"alternateName":"Etiquetas y carteles","potentialAction":[{"@type":"SearchAction","target":{"@type":"EntryPoint","urlTemplate":"https:\/\/www.preventionshop.es\/ca\/?s={search_term_string}"},"query-input":{"@type":"PropertyValueSpecification","valueRequired":true,"valueName":"search_term_string"}}],"inLanguage":"ca"},{"@type":"Organization","@id":"https:\/\/www.preventionshop.es\/ca\/#organization","name":"Prevention Shop","url":"https:\/\/www.preventionshop.es\/ca\/","logo":{"@type":"ImageObject","inLanguage":"ca","@id":"https:\/\/www.preventionshop.es\/ca\/#\/schema\/logo\/image\/","url":"https:\/\/www.preventionshop.es\/\/wp-content\/uploads\/2025\/12\/favi.png","contentUrl":"https:\/\/www.preventionshop.es\/\/wp-content\/uploads\/2025\/12\/favi.png","width":512,"height":512,"caption":"Prevention Shop"},"image":{"@id":"https:\/\/www.preventionshop.es\/ca\/#\/schema\/logo\/image\/"},"sameAs":["https:\/\/www.facebook.com\/profile.php?id=100068991094376","https:\/\/x.com\/PreventionShop","https:\/\/www.instagram.com\/preventionshop.es\/"]}]}},"_links":{"self":[{"href":"https:\/\/www.preventionshop.es\/ca\/wp-json\/wp\/v2\/pages\/3","targetHints":{"allow":["GET"]}}],"collection":[{"href":"https:\/\/www.preventionshop.es\/ca\/wp-json\/wp\/v2\/pages"}],"about":[{"href":"https:\/\/www.preventionshop.es\/ca\/wp-json\/wp\/v2\/types\/page"}],"author":[{"embeddable":true,"href":"https:\/\/www.preventionshop.es\/ca\/wp-json\/wp\/v2\/users\/1"}],"replies":[{"embeddable":true,"href":"https:\/\/www.preventionshop.es\/ca\/wp-json\/wp\/v2\/comments?post=3"}],"version-history":[{"count":8,"href":"https:\/\/www.preventionshop.es\/ca\/wp-json\/wp\/v2\/pages\/3\/revisions"}],"predecessor-version":[{"id":3358,"href":"https:\/\/www.preventionshop.es\/ca\/wp-json\/wp\/v2\/pages\/3\/revisions\/3358"}],"wp:attachment":[{"href":"https:\/\/www.preventionshop.es\/ca\/wp-json\/wp\/v2\/media?parent=3"}],"curies":[{"name":"wp","href":"https:\/\/api.w.org\/{rel}","templated":true}]}}