{"id":3334,"date":"2026-01-21T12:38:07","date_gmt":"2026-01-21T11:38:07","guid":{"rendered":"https:\/\/www.preventionshop.es\/?page_id=3334"},"modified":"2026-01-21T18:33:50","modified_gmt":"2026-01-21T17:33:50","slug":"cancelacion-de-pedidos","status":"publish","type":"page","link":"https:\/\/www.preventionshop.es\/ca\/cancelacio-de-comandes\/","title":{"rendered":"Cancel\u00b7laci\u00f3 de comandes"},"content":{"rendered":"<div>\r\n  <div style=\"text-align: justify;\">\r\n    El client podr\u00e0 sol\u00b7licitar la cancel\u00b7laci\u00f3 d\u2019una comanda sempre que aquesta no hagi estat processada ni enviada. Per sol\u00b7licitar la cancel\u00b7laci\u00f3, s\u2019haur\u00e0 de posar en contacte amb el nostre servei d\u2019atenci\u00f3 al client al m\u00e9s aviat possible a trav\u00e9s dels canals habilitats al lloc web.\r\n  <\/div>\r\n  <div>&nbsp;<\/div>\r\n  <div style=\"text-align: justify;\">\r\n    Un cop la comanda hagi estat enviada, no ser\u00e0 possible la seva cancel\u00b7laci\u00f3 i s\u2019aplicaran les condicions establertes a l\u2019apartat de Devoluci\u00f3 i reemborsament.\r\n  <\/div>\r\n<\/div>\r\n<div id=\"block-468073-560f-42\" class=\"wp-block-gutenbee-buttons block-468073-560f-42\">\r\n  <style>\r\n    .wp-block-gutenbee-buttons.block-468073-560f-42 { justify-content: flex-start; }\r\n  <\/style>\r\n  \r\n  <div id=\"block-5a88b8-3703-41\" class=\"wp-block-gutenbee-button block-5a88b8-3703-41\">\r\n    <a href=\"\/ca\/contacte-i-suport\/\" class=\"gutenbee-block-button-link\">Contacta amb nosaltres<\/a>\r\n  <\/div>\r\n  \r\n<\/div>\r\n","protected":false},"excerpt":{"rendered":"<p>El client podr\u00e0 sol\u00b7licitar la cancel\u00b7laci\u00f3 d\u2019una comanda sempre que aquesta no hagi estat processada ni enviada. Per sol\u00b7licitar la cancel\u00b7laci\u00f3, s\u2019haur\u00e0 de posar en contacte amb el nostre servei d\u2019atenci\u00f3 al client al m\u00e9s [&hellip;]<\/p>\n","protected":false},"author":1,"featured_media":0,"parent":0,"menu_order":0,"comment_status":"closed","ping_status":"closed","template":"templates\/template-fullwidth-boxed.php","meta":{"inline_featured_image":false,"footnotes":""},"class_list":["post-3334","page","type-page","status-publish","hentry"],"yoast_head":"<!-- This site is optimized with the Yoast SEO plugin v27.5 - https:\/\/yoast.com\/product\/yoast-seo-wordpress\/ -->\n<title>Cancel\u00b7laci\u00f3 de comandes<\/title>\n<meta name=\"description\" content=\"El client podr\u00e0 sol\u00b7licitar la cancel\u00b7laci\u00f3 d\u2019una comanda sempre que aquesta no hagi estat processada ni enviada. Per sol\u00b7licitar la cancel\u00b7laci\u00f3, s\u2019haur\u00e0 de posar en contacte amb el nostre servei d\u2019atenci\u00f3 al client al m\u00e9s aviat possible a trav\u00e9s dels canals habilitats al lloc web. &nbsp; Un cop la comanda hagi estat enviada, no ser\u00e0&hellip;\" \/>\n<meta name=\"robots\" content=\"index, follow, max-snippet:-1, max-image-preview:large, max-video-preview:-1\" \/>\n<link rel=\"canonical\" href=\"http:\/\/El%20client%20podr\u00e0%20sol\u00b7licitar%20la%20cancel\u00b7laci\u00f3%20d\u2019una%20comanda%20sempre%20que%20aquesta%20no%20hagi%20estat%20processada%20ni%20enviada.%20Per%20sol\u00b7licitar%20la%20cancel\u00b7laci\u00f3,%20s\u2019haur\u00e0%20de%20posar%20en%20contacte%20amb%20el%20nostre%20servei%20d\u2019atenci\u00f3%20al%20client%20al%20m\u00e9s%20aviat%20possible%20a%20trav\u00e9s%20dels%20canals%20habilitats%20al%20lloc%20web.%20&nbsp;%20Un%20cop%20la%20comanda%20hagi%20estat%20enviada,%20no%20ser\u00e0&hellip;\" \/>\n<meta property=\"og:locale\" content=\"ca_ES\" \/>\n<meta property=\"og:type\" content=\"article\" \/>\n<meta property=\"og:title\" content=\"Cancel\u00b7laci\u00f3 de comandes\" \/>\n<meta property=\"og:description\" content=\"El client podr\u00e0 sol\u00b7licitar la cancel\u00b7laci\u00f3 d\u2019una comanda sempre que aquesta no hagi estat processada ni enviada. Per sol\u00b7licitar la cancel\u00b7laci\u00f3, s\u2019haur\u00e0 de posar en contacte amb el nostre servei d\u2019atenci\u00f3 al client al m\u00e9s aviat possible a trav\u00e9s dels canals habilitats al lloc web. &nbsp; Un cop la comanda hagi estat enviada, no ser\u00e0&hellip;\" \/>\n<meta property=\"og:url\" content=\"https:\/\/www.preventionshop.es\/ca\/cancelacio-de-comandes\/\" \/>\n<meta property=\"og:site_name\" content=\"Prevention Shop\" \/>\n<meta property=\"article:publisher\" content=\"https:\/\/www.facebook.com\/profile.php?id=100068991094376\" \/>\n<meta property=\"article:modified_time\" content=\"2026-01-21T17:33:50+00:00\" \/>\n<meta name=\"twitter:card\" content=\"summary_large_image\" \/>\n<meta name=\"twitter:site\" content=\"@PreventionShop\" \/>\n<meta name=\"twitter:label1\" content=\"Temps estimat de lectura\" \/>\n\t<meta name=\"twitter:data1\" content=\"1 minut\" \/>\n<script type=\"application\/ld+json\" class=\"yoast-schema-graph\">{\"@context\":\"https:\\\/\\\/schema.org\",\"@graph\":[{\"@type\":\"WebPage\",\"@id\":\"https:\\\/\\\/www.preventionshop.es\\\/ca\\\/cancelacio-de-comandes\\\/\",\"url\":\"https:\\\/\\\/www.preventionshop.es\\\/ca\\\/cancelacio-de-comandes\\\/\",\"name\":\"Cancelaci\u00f3n de pedidos - Prevention Shop\",\"isPartOf\":{\"@id\":\"https:\\\/\\\/www.preventionshop.es\\\/#website\"},\"datePublished\":\"2026-01-21T11:38:07+00:00\",\"dateModified\":\"2026-01-21T17:33:50+00:00\",\"description\":\"Botiga en l\u00ednia amb els millors productes per poder resoldre les auditories necess\u00e0ries de la ind\u00fastria moderna. No Brady, Seton, Lock Out Tag Out de Master Lock.\",\"breadcrumb\":{\"@id\":\"https:\\\/\\\/www.preventionshop.es\\\/ca\\\/cancelacio-de-comandes\\\/#breadcrumb\"},\"inLanguage\":\"ca\",\"potentialAction\":[{\"@type\":\"ReadAction\",\"target\":[\"https:\\\/\\\/www.preventionshop.es\\\/ca\\\/cancelacio-de-comandes\\\/\"]}]},{\"@type\":\"BreadcrumbList\",\"@id\":\"https:\\\/\\\/www.preventionshop.es\\\/ca\\\/cancelacio-de-comandes\\\/#breadcrumb\",\"itemListElement\":[{\"@type\":\"ListItem\",\"position\":1,\"name\":\"Inici - Prevention Shop\",\"item\":\"https:\\\/\\\/www.preventionshop.es\\\/\"},{\"@type\":\"ListItem\",\"position\":2,\"name\":\"Cancel\u00b7laci\u00f3 de comandes\"}]},{\"@type\":\"WebSite\",\"@id\":\"https:\\\/\\\/www.preventionshop.es\\\/ca\\\/#website\",\"url\":\"https:\\\/\\\/www.preventionshop.es\\\/ca\\\/\",\"name\":\"Prevention Shop\",\"description\":\"Etiquetas y carteles\",\"publisher\":{\"@id\":\"https:\\\/\\\/www.preventionshop.es\\\/ca\\\/#organization\"},\"alternateName\":\"Etiquetas y carteles\",\"potentialAction\":[{\"@type\":\"SearchAction\",\"target\":{\"@type\":\"EntryPoint\",\"urlTemplate\":\"https:\\\/\\\/www.preventionshop.es\\\/ca\\\/?s={search_term_string}\"},\"query-input\":{\"@type\":\"PropertyValueSpecification\",\"valueRequired\":true,\"valueName\":\"search_term_string\"}}],\"inLanguage\":\"ca\"},{\"@type\":\"Organization\",\"@id\":\"https:\\\/\\\/www.preventionshop.es\\\/ca\\\/#organization\",\"name\":\"Prevention Shop\",\"url\":\"https:\\\/\\\/www.preventionshop.es\\\/ca\\\/\",\"logo\":{\"@type\":\"ImageObject\",\"inLanguage\":\"ca\",\"@id\":\"https:\\\/\\\/www.preventionshop.es\\\/ca\\\/#\\\/schema\\\/logo\\\/image\\\/\",\"url\":\"https:\\\/\\\/www.preventionshop.es\\\/\\\/wp-content\\\/uploads\\\/2025\\\/12\\\/favi.png\",\"contentUrl\":\"https:\\\/\\\/www.preventionshop.es\\\/\\\/wp-content\\\/uploads\\\/2025\\\/12\\\/favi.png\",\"width\":512,\"height\":512,\"caption\":\"Prevention Shop\"},\"image\":{\"@id\":\"https:\\\/\\\/www.preventionshop.es\\\/ca\\\/#\\\/schema\\\/logo\\\/image\\\/\"},\"sameAs\":[\"https:\\\/\\\/www.facebook.com\\\/profile.php?id=100068991094376\",\"https:\\\/\\\/x.com\\\/PreventionShop\",\"https:\\\/\\\/www.instagram.com\\\/preventionshop.es\\\/\"]}]}<\/script>\n<!-- \/ Yoast SEO plugin. -->","yoast_head_json":{"title":"Cancel\u00b7laci\u00f3 de comandes","description":"El client podr\u00e0 sol\u00b7licitar la cancel\u00b7laci\u00f3 d\u2019una comanda sempre que aquesta no hagi estat processada ni enviada. Per sol\u00b7licitar la cancel\u00b7laci\u00f3, s\u2019haur\u00e0 de posar en contacte amb el nostre servei d\u2019atenci\u00f3 al client al m\u00e9s aviat possible a trav\u00e9s dels canals habilitats al lloc web. &nbsp; Un cop la comanda hagi estat enviada, no ser\u00e0&hellip;","robots":{"index":"index","follow":"follow","max-snippet":"max-snippet:-1","max-image-preview":"max-image-preview:large","max-video-preview":"max-video-preview:-1"},"canonical":"El client podr\u00e0 sol\u00b7licitar la cancel\u00b7laci\u00f3 d\u2019una comanda sempre que aquesta no hagi estat processada ni enviada. Per sol\u00b7licitar la cancel\u00b7laci\u00f3, s\u2019haur\u00e0 de posar en contacte amb el nostre servei d\u2019atenci\u00f3 al client al m\u00e9s aviat possible a trav\u00e9s dels canals habilitats al lloc web. &nbsp; Un cop la comanda hagi estat enviada, no ser\u00e0&hellip;","og_locale":"ca_ES","og_type":"article","og_title":"Cancel\u00b7laci\u00f3 de comandes","og_description":"El client podr\u00e0 sol\u00b7licitar la cancel\u00b7laci\u00f3 d\u2019una comanda sempre que aquesta no hagi estat processada ni enviada. Per sol\u00b7licitar la cancel\u00b7laci\u00f3, s\u2019haur\u00e0 de posar en contacte amb el nostre servei d\u2019atenci\u00f3 al client al m\u00e9s aviat possible a trav\u00e9s dels canals habilitats al lloc web. &nbsp; Un cop la comanda hagi estat enviada, no ser\u00e0&hellip;","og_url":"https:\/\/www.preventionshop.es\/ca\/cancelacio-de-comandes\/","og_site_name":"Prevention Shop","article_publisher":"https:\/\/www.facebook.com\/profile.php?id=100068991094376","article_modified_time":"2026-01-21T17:33:50+00:00","twitter_card":"summary_large_image","twitter_site":"@PreventionShop","twitter_misc":{"Temps estimat de lectura":"1 minut"},"schema":{"@context":"https:\/\/schema.org","@graph":[{"@type":"WebPage","@id":"https:\/\/www.preventionshop.es\/ca\/cancelacio-de-comandes\/","url":"https:\/\/www.preventionshop.es\/ca\/cancelacio-de-comandes\/","name":"Cancelaci\u00f3n de pedidos - Prevention Shop","isPartOf":{"@id":"https:\/\/www.preventionshop.es\/#website"},"datePublished":"2026-01-21T11:38:07+00:00","dateModified":"2026-01-21T17:33:50+00:00","description":"Botiga en l\u00ednia amb els millors productes per poder resoldre les auditories necess\u00e0ries de la ind\u00fastria moderna. No Brady, Seton, Lock Out Tag Out de Master Lock.","breadcrumb":{"@id":"https:\/\/www.preventionshop.es\/ca\/cancelacio-de-comandes\/#breadcrumb"},"inLanguage":"ca","potentialAction":[{"@type":"ReadAction","target":["https:\/\/www.preventionshop.es\/ca\/cancelacio-de-comandes\/"]}]},{"@type":"BreadcrumbList","@id":"https:\/\/www.preventionshop.es\/ca\/cancelacio-de-comandes\/#breadcrumb","itemListElement":[{"@type":"ListItem","position":1,"name":"Inici - Prevention Shop","item":"https:\/\/www.preventionshop.es\/"},{"@type":"ListItem","position":2,"name":"Cancel\u00b7laci\u00f3 de comandes"}]},{"@type":"WebSite","@id":"https:\/\/www.preventionshop.es\/ca\/#website","url":"https:\/\/www.preventionshop.es\/ca\/","name":"Prevention Shop","description":"Etiquetas y carteles","publisher":{"@id":"https:\/\/www.preventionshop.es\/ca\/#organization"},"alternateName":"Etiquetas y carteles","potentialAction":[{"@type":"SearchAction","target":{"@type":"EntryPoint","urlTemplate":"https:\/\/www.preventionshop.es\/ca\/?s={search_term_string}"},"query-input":{"@type":"PropertyValueSpecification","valueRequired":true,"valueName":"search_term_string"}}],"inLanguage":"ca"},{"@type":"Organization","@id":"https:\/\/www.preventionshop.es\/ca\/#organization","name":"Prevention Shop","url":"https:\/\/www.preventionshop.es\/ca\/","logo":{"@type":"ImageObject","inLanguage":"ca","@id":"https:\/\/www.preventionshop.es\/ca\/#\/schema\/logo\/image\/","url":"https:\/\/www.preventionshop.es\/\/wp-content\/uploads\/2025\/12\/favi.png","contentUrl":"https:\/\/www.preventionshop.es\/\/wp-content\/uploads\/2025\/12\/favi.png","width":512,"height":512,"caption":"Prevention Shop"},"image":{"@id":"https:\/\/www.preventionshop.es\/ca\/#\/schema\/logo\/image\/"},"sameAs":["https:\/\/www.facebook.com\/profile.php?id=100068991094376","https:\/\/x.com\/PreventionShop","https:\/\/www.instagram.com\/preventionshop.es\/"]}]}},"_links":{"self":[{"href":"https:\/\/www.preventionshop.es\/ca\/wp-json\/wp\/v2\/pages\/3334","targetHints":{"allow":["GET"]}}],"collection":[{"href":"https:\/\/www.preventionshop.es\/ca\/wp-json\/wp\/v2\/pages"}],"about":[{"href":"https:\/\/www.preventionshop.es\/ca\/wp-json\/wp\/v2\/types\/page"}],"author":[{"embeddable":true,"href":"https:\/\/www.preventionshop.es\/ca\/wp-json\/wp\/v2\/users\/1"}],"replies":[{"embeddable":true,"href":"https:\/\/www.preventionshop.es\/ca\/wp-json\/wp\/v2\/comments?post=3334"}],"version-history":[{"count":7,"href":"https:\/\/www.preventionshop.es\/ca\/wp-json\/wp\/v2\/pages\/3334\/revisions"}],"predecessor-version":[{"id":3372,"href":"https:\/\/www.preventionshop.es\/ca\/wp-json\/wp\/v2\/pages\/3334\/revisions\/3372"}],"wp:attachment":[{"href":"https:\/\/www.preventionshop.es\/ca\/wp-json\/wp\/v2\/media?parent=3334"}],"curies":[{"name":"wp","href":"https:\/\/api.w.org\/{rel}","templated":true}]}}