{"id":3345,"date":"2026-01-21T12:43:29","date_gmt":"2026-01-21T11:43:29","guid":{"rendered":"https:\/\/www.preventionshop.es\/?page_id=3345"},"modified":"2026-01-21T12:59:06","modified_gmt":"2026-01-21T11:59:06","slug":"devolucion-y-reembolso","status":"publish","type":"page","link":"https:\/\/www.preventionshop.es\/ca\/devolucio-i-reemborsament\/","title":{"rendered":"Devoluci\u00f3 i reemborsament"},"content":{"rendered":"<div>\n<div style=\"text-align: justify;\">\n    D\u2019acord amb la normativa vigent, el client disposa d\u2019un termini de 14 dies naturals des de la recepci\u00f3 de la comanda per exercir el seu dret de desistiment, sense necessitat de justificaci\u00f3.\n  <\/div>\n<\/div>\n<div><\/div>\n<div>\n<div style=\"text-align: justify;\">\n    Perqu\u00e8 la devoluci\u00f3 sigui acceptada, els productes hauran de trobar-se en perfecte estat, sense utilitzar i amb el seu embalatge original. No s\u2019acceptaran devolucions de productes que hagin estat utilitzats, manipulats o que no conservin el seu estat original.\n  <\/div>\n<\/div>\n<div><\/div>\n<div>\n<div style=\"text-align: justify;\">\n    Les despeses d\u2019enviament derivades de la devoluci\u00f3 aniran a c\u00e0rrec del client, excepte en cas de producte defectu\u00f3s o error en l\u2019enviament imputable a Preventionshop.\n  <\/div>\n<\/div>\n<div><\/div>\n<div>\n<div style=\"text-align: justify;\">\n    Un cop rebuts i comprovats els productes retornats, es procedir\u00e0 al reemborsament de l\u2019import corresponent utilitzant el mateix m\u00e8tode de pagament emprat en la compra, en un termini m\u00e0xim de 14 dies naturals.\n  <\/div>\n<\/div>\n","protected":false},"excerpt":{"rendered":"<p>D\u2019acord amb la normativa vigent, el client disposa d\u2019un termini de 14 dies naturals des de la recepci\u00f3 de la comanda per exercir el seu dret de desistiment, sense necessitat de justificaci\u00f3. Perqu\u00e8 la devoluci\u00f3 [&hellip;]<\/p>\n","protected":false},"author":1,"featured_media":0,"parent":0,"menu_order":0,"comment_status":"closed","ping_status":"closed","template":"templates\/template-fullwidth-boxed.php","meta":{"inline_featured_image":false,"footnotes":""},"class_list":["post-3345","page","type-page","status-publish","hentry"],"yoast_head":"<!-- This site is optimized with the Yoast SEO plugin v27.5 - https:\/\/yoast.com\/product\/yoast-seo-wordpress\/ -->\n<title>Devoluci\u00f3 i reemborsament<\/title>\n<meta name=\"description\" content=\"D\u2019acord amb la normativa vigent, el client disposa d\u2019un termini de 14 dies naturals des de la recepci\u00f3 de la comanda per exercir el seu dret de desistiment, sense necessitat de justificaci\u00f3. Perqu\u00e8 la devoluci\u00f3 sigui acceptada, els productes hauran de trobar-se en perfecte estat, sense utilitzar i amb el seu embalatge original. No s\u2019acceptaran&hellip;\" \/>\n<meta name=\"robots\" content=\"index, follow, max-snippet:-1, max-image-preview:large, max-video-preview:-1\" \/>\n<link rel=\"canonical\" href=\"http:\/\/D\u2019acord%20amb%20la%20normativa%20vigent,%20el%20client%20disposa%20d\u2019un%20termini%20de%2014%20dies%20naturals%20des%20de%20la%20recepci\u00f3%20de%20la%20comanda%20per%20exercir%20el%20seu%20dret%20de%20desistiment,%20sense%20necessitat%20de%20justificaci\u00f3.%20Perqu\u00e8%20la%20devoluci\u00f3%20sigui%20acceptada,%20els%20productes%20hauran%20de%20trobar-se%20en%20perfecte%20estat,%20sense%20utilitzar%20i%20amb%20el%20seu%20embalatge%20original.%20No%20s\u2019acceptaran&hellip;\" \/>\n<meta property=\"og:locale\" content=\"ca_ES\" \/>\n<meta property=\"og:type\" content=\"article\" \/>\n<meta property=\"og:title\" content=\"Devoluci\u00f3 i reemborsament\" \/>\n<meta property=\"og:description\" content=\"D\u2019acord amb la normativa vigent, el client disposa d\u2019un termini de 14 dies naturals des de la recepci\u00f3 de la comanda per exercir el seu dret de desistiment, sense necessitat de justificaci\u00f3. Perqu\u00e8 la devoluci\u00f3 sigui acceptada, els productes hauran de trobar-se en perfecte estat, sense utilitzar i amb el seu embalatge original. No s\u2019acceptaran&hellip;\" \/>\n<meta property=\"og:url\" content=\"https:\/\/www.preventionshop.es\/ca\/devolucio-i-reemborsament\/\" \/>\n<meta property=\"og:site_name\" content=\"Prevention Shop\" \/>\n<meta property=\"article:publisher\" content=\"https:\/\/www.facebook.com\/profile.php?id=100068991094376\" \/>\n<meta property=\"article:modified_time\" content=\"2026-01-21T11:59:06+00:00\" \/>\n<meta name=\"twitter:card\" content=\"summary_large_image\" \/>\n<meta name=\"twitter:site\" content=\"@PreventionShop\" \/>\n<meta name=\"twitter:label1\" content=\"Temps estimat de lectura\" \/>\n\t<meta name=\"twitter:data1\" content=\"1 minut\" \/>\n<script type=\"application\/ld+json\" class=\"yoast-schema-graph\">{\"@context\":\"https:\\\/\\\/schema.org\",\"@graph\":[{\"@type\":\"WebPage\",\"@id\":\"https:\\\/\\\/www.preventionshop.es\\\/ca\\\/devolucio-i-reemborsament\\\/\",\"url\":\"https:\\\/\\\/www.preventionshop.es\\\/ca\\\/devolucio-i-reemborsament\\\/\",\"name\":\"Devoluci\u00f3n y reembolso - Prevention Shop\",\"isPartOf\":{\"@id\":\"https:\\\/\\\/www.preventionshop.es\\\/#website\"},\"datePublished\":\"2026-01-21T11:43:29+00:00\",\"dateModified\":\"2026-01-21T11:59:06+00:00\",\"description\":\"Botiga en l\u00ednia amb els millors productes per poder resoldre les auditories necess\u00e0ries de la ind\u00fastria moderna. No Brady, Seton, Lock Out Tag Out de Master Lock.\",\"breadcrumb\":{\"@id\":\"https:\\\/\\\/www.preventionshop.es\\\/ca\\\/devolucio-i-reemborsament\\\/#breadcrumb\"},\"inLanguage\":\"ca\",\"potentialAction\":[{\"@type\":\"ReadAction\",\"target\":[\"https:\\\/\\\/www.preventionshop.es\\\/ca\\\/devolucio-i-reemborsament\\\/\"]}]},{\"@type\":\"BreadcrumbList\",\"@id\":\"https:\\\/\\\/www.preventionshop.es\\\/ca\\\/devolucio-i-reemborsament\\\/#breadcrumb\",\"itemListElement\":[{\"@type\":\"ListItem\",\"position\":1,\"name\":\"Inici - Prevention Shop\",\"item\":\"https:\\\/\\\/www.preventionshop.es\\\/\"},{\"@type\":\"ListItem\",\"position\":2,\"name\":\"Devoluci\u00f3 i reemborsament\"}]},{\"@type\":\"WebSite\",\"@id\":\"https:\\\/\\\/www.preventionshop.es\\\/ca\\\/#website\",\"url\":\"https:\\\/\\\/www.preventionshop.es\\\/ca\\\/\",\"name\":\"Prevention Shop\",\"description\":\"Etiquetas y carteles\",\"publisher\":{\"@id\":\"https:\\\/\\\/www.preventionshop.es\\\/ca\\\/#organization\"},\"alternateName\":\"Etiquetas y carteles\",\"potentialAction\":[{\"@type\":\"SearchAction\",\"target\":{\"@type\":\"EntryPoint\",\"urlTemplate\":\"https:\\\/\\\/www.preventionshop.es\\\/ca\\\/?s={search_term_string}\"},\"query-input\":{\"@type\":\"PropertyValueSpecification\",\"valueRequired\":true,\"valueName\":\"search_term_string\"}}],\"inLanguage\":\"ca\"},{\"@type\":\"Organization\",\"@id\":\"https:\\\/\\\/www.preventionshop.es\\\/ca\\\/#organization\",\"name\":\"Prevention Shop\",\"url\":\"https:\\\/\\\/www.preventionshop.es\\\/ca\\\/\",\"logo\":{\"@type\":\"ImageObject\",\"inLanguage\":\"ca\",\"@id\":\"https:\\\/\\\/www.preventionshop.es\\\/ca\\\/#\\\/schema\\\/logo\\\/image\\\/\",\"url\":\"https:\\\/\\\/www.preventionshop.es\\\/\\\/wp-content\\\/uploads\\\/2025\\\/12\\\/favi.png\",\"contentUrl\":\"https:\\\/\\\/www.preventionshop.es\\\/\\\/wp-content\\\/uploads\\\/2025\\\/12\\\/favi.png\",\"width\":512,\"height\":512,\"caption\":\"Prevention Shop\"},\"image\":{\"@id\":\"https:\\\/\\\/www.preventionshop.es\\\/ca\\\/#\\\/schema\\\/logo\\\/image\\\/\"},\"sameAs\":[\"https:\\\/\\\/www.facebook.com\\\/profile.php?id=100068991094376\",\"https:\\\/\\\/x.com\\\/PreventionShop\",\"https:\\\/\\\/www.instagram.com\\\/preventionshop.es\\\/\"]}]}<\/script>\n<!-- \/ Yoast SEO plugin. -->","yoast_head_json":{"title":"Devoluci\u00f3 i reemborsament","description":"D\u2019acord amb la normativa vigent, el client disposa d\u2019un termini de 14 dies naturals des de la recepci\u00f3 de la comanda per exercir el seu dret de desistiment, sense necessitat de justificaci\u00f3. Perqu\u00e8 la devoluci\u00f3 sigui acceptada, els productes hauran de trobar-se en perfecte estat, sense utilitzar i amb el seu embalatge original. No s\u2019acceptaran&hellip;","robots":{"index":"index","follow":"follow","max-snippet":"max-snippet:-1","max-image-preview":"max-image-preview:large","max-video-preview":"max-video-preview:-1"},"canonical":"D\u2019acord amb la normativa vigent, el client disposa d\u2019un termini de 14 dies naturals des de la recepci\u00f3 de la comanda per exercir el seu dret de desistiment, sense necessitat de justificaci\u00f3. Perqu\u00e8 la devoluci\u00f3 sigui acceptada, els productes hauran de trobar-se en perfecte estat, sense utilitzar i amb el seu embalatge original. No s\u2019acceptaran&hellip;","og_locale":"ca_ES","og_type":"article","og_title":"Devoluci\u00f3 i reemborsament","og_description":"D\u2019acord amb la normativa vigent, el client disposa d\u2019un termini de 14 dies naturals des de la recepci\u00f3 de la comanda per exercir el seu dret de desistiment, sense necessitat de justificaci\u00f3. Perqu\u00e8 la devoluci\u00f3 sigui acceptada, els productes hauran de trobar-se en perfecte estat, sense utilitzar i amb el seu embalatge original. No s\u2019acceptaran&hellip;","og_url":"https:\/\/www.preventionshop.es\/ca\/devolucio-i-reemborsament\/","og_site_name":"Prevention Shop","article_publisher":"https:\/\/www.facebook.com\/profile.php?id=100068991094376","article_modified_time":"2026-01-21T11:59:06+00:00","twitter_card":"summary_large_image","twitter_site":"@PreventionShop","twitter_misc":{"Temps estimat de lectura":"1 minut"},"schema":{"@context":"https:\/\/schema.org","@graph":[{"@type":"WebPage","@id":"https:\/\/www.preventionshop.es\/ca\/devolucio-i-reemborsament\/","url":"https:\/\/www.preventionshop.es\/ca\/devolucio-i-reemborsament\/","name":"Devoluci\u00f3n y reembolso - Prevention Shop","isPartOf":{"@id":"https:\/\/www.preventionshop.es\/#website"},"datePublished":"2026-01-21T11:43:29+00:00","dateModified":"2026-01-21T11:59:06+00:00","description":"Botiga en l\u00ednia amb els millors productes per poder resoldre les auditories necess\u00e0ries de la ind\u00fastria moderna. No Brady, Seton, Lock Out Tag Out de Master Lock.","breadcrumb":{"@id":"https:\/\/www.preventionshop.es\/ca\/devolucio-i-reemborsament\/#breadcrumb"},"inLanguage":"ca","potentialAction":[{"@type":"ReadAction","target":["https:\/\/www.preventionshop.es\/ca\/devolucio-i-reemborsament\/"]}]},{"@type":"BreadcrumbList","@id":"https:\/\/www.preventionshop.es\/ca\/devolucio-i-reemborsament\/#breadcrumb","itemListElement":[{"@type":"ListItem","position":1,"name":"Inici - Prevention Shop","item":"https:\/\/www.preventionshop.es\/"},{"@type":"ListItem","position":2,"name":"Devoluci\u00f3 i reemborsament"}]},{"@type":"WebSite","@id":"https:\/\/www.preventionshop.es\/ca\/#website","url":"https:\/\/www.preventionshop.es\/ca\/","name":"Prevention Shop","description":"Etiquetas y carteles","publisher":{"@id":"https:\/\/www.preventionshop.es\/ca\/#organization"},"alternateName":"Etiquetas y carteles","potentialAction":[{"@type":"SearchAction","target":{"@type":"EntryPoint","urlTemplate":"https:\/\/www.preventionshop.es\/ca\/?s={search_term_string}"},"query-input":{"@type":"PropertyValueSpecification","valueRequired":true,"valueName":"search_term_string"}}],"inLanguage":"ca"},{"@type":"Organization","@id":"https:\/\/www.preventionshop.es\/ca\/#organization","name":"Prevention Shop","url":"https:\/\/www.preventionshop.es\/ca\/","logo":{"@type":"ImageObject","inLanguage":"ca","@id":"https:\/\/www.preventionshop.es\/ca\/#\/schema\/logo\/image\/","url":"https:\/\/www.preventionshop.es\/\/wp-content\/uploads\/2025\/12\/favi.png","contentUrl":"https:\/\/www.preventionshop.es\/\/wp-content\/uploads\/2025\/12\/favi.png","width":512,"height":512,"caption":"Prevention Shop"},"image":{"@id":"https:\/\/www.preventionshop.es\/ca\/#\/schema\/logo\/image\/"},"sameAs":["https:\/\/www.facebook.com\/profile.php?id=100068991094376","https:\/\/x.com\/PreventionShop","https:\/\/www.instagram.com\/preventionshop.es\/"]}]}},"_links":{"self":[{"href":"https:\/\/www.preventionshop.es\/ca\/wp-json\/wp\/v2\/pages\/3345","targetHints":{"allow":["GET"]}}],"collection":[{"href":"https:\/\/www.preventionshop.es\/ca\/wp-json\/wp\/v2\/pages"}],"about":[{"href":"https:\/\/www.preventionshop.es\/ca\/wp-json\/wp\/v2\/types\/page"}],"author":[{"embeddable":true,"href":"https:\/\/www.preventionshop.es\/ca\/wp-json\/wp\/v2\/users\/1"}],"replies":[{"embeddable":true,"href":"https:\/\/www.preventionshop.es\/ca\/wp-json\/wp\/v2\/comments?post=3345"}],"version-history":[{"count":5,"href":"https:\/\/www.preventionshop.es\/ca\/wp-json\/wp\/v2\/pages\/3345\/revisions"}],"predecessor-version":[{"id":3366,"href":"https:\/\/www.preventionshop.es\/ca\/wp-json\/wp\/v2\/pages\/3345\/revisions\/3366"}],"wp:attachment":[{"href":"https:\/\/www.preventionshop.es\/ca\/wp-json\/wp\/v2\/media?parent=3345"}],"curies":[{"name":"wp","href":"https:\/\/api.w.org\/{rel}","templated":true}]}}