{"id":3350,"date":"2026-01-21T12:45:13","date_gmt":"2026-01-21T11:45:13","guid":{"rendered":"https:\/\/www.preventionshop.es\/?page_id=3350"},"modified":"2026-01-21T12:59:55","modified_gmt":"2026-01-21T11:59:55","slug":"envios","status":"publish","type":"page","link":"https:\/\/www.preventionshop.es\/ca\/enviaments\/","title":{"rendered":"Enviaments"},"content":{"rendered":"<div>\n<div style=\"text-align: justify;\">\n    Preventionshop realitza enviaments a les zones indicades durant el proc\u00e9s de compra. Com a norma general, els paquets s\u2019envien entre 2 i 5 dies despr\u00e9s de la recepci\u00f3 del pagament. Els enviaments es fan a trav\u00e9s d\u2019una ag\u00e8ncia de transport professional, amb n\u00famero de seguiment i lliurament sense signatura. Si desitges una comanda urgent abans de les 48 h seg\u00fcents a la recepci\u00f3 del pagament, posa\u2019t en contacte amb nosaltres abans de sol\u00b7licitar aquesta opci\u00f3. Sigui quina sigui la forma d\u2019enviament que tri\u00efs, et facilitarem un enlla\u00e7 perqu\u00e8 puguis fer el seguiment de la teva comanda en l\u00ednia.\n  <\/div>\n<\/div>\n<div><\/div>\n<div>\n<div style=\"text-align: justify;\">\n    Les despeses d\u2019enviament inclouen les despeses de manipulaci\u00f3 i d\u2019embalatge, aix\u00ed com les despeses postals. Les despeses de manipulaci\u00f3 tenen un preu fix, mentre que les despeses de transport poden variar segons el pes total del paquet. Et recomanem que agrupis tots els articles en una mateixa comanda. No podem combinar dues comandes diferents, i les despeses d\u2019enviament s\u2019aplicaran de manera individual a cadascuna.\n  <\/div>\n<div style=\"text-align: justify;\">\n    No ens fem responsables dels danys que pugui patir el teu paquet despr\u00e9s de l\u2019enviament, per\u00f2 fem tot el possible per protegir adequadament tots els articles fr\u00e0gils. Preventionshop no es fa responsable dels retards derivats de causes alienes a l\u2019empresa, com incid\u00e8ncies log\u00edstiques, causes meteorol\u00f2giques, dies festius o situacions de for\u00e7a major.\n  <\/div>\n<div style=\"text-align: justify;\">\n    Les caixes s\u00f3n de grans dimensions i els teus articles estaran ben protegits.\n  <\/div>\n<\/div>\n","protected":false},"excerpt":{"rendered":"<p>Preventionshop realitza enviaments a les zones indicades durant el proc\u00e9s de compra. Com a norma general, els paquets s\u2019envien entre 2 i 5 dies despr\u00e9s de la recepci\u00f3 del pagament. Els enviaments es fan a [&hellip;]<\/p>\n","protected":false},"author":1,"featured_media":0,"parent":0,"menu_order":0,"comment_status":"closed","ping_status":"closed","template":"templates\/template-fullwidth-boxed.php","meta":{"inline_featured_image":false,"footnotes":""},"class_list":["post-3350","page","type-page","status-publish","hentry"],"yoast_head":"<!-- This site is optimized with the Yoast SEO plugin v27.5 - https:\/\/yoast.com\/product\/yoast-seo-wordpress\/ -->\n<title>Enviaments<\/title>\n<meta name=\"description\" content=\"Preventionshop realitza enviaments a les zones indicades durant el proc\u00e9s de compra. Com a norma general, els paquets s\u2019envien entre 2 i 5 dies despr\u00e9s de la recepci\u00f3 del pagament. Els enviaments es fan a trav\u00e9s d\u2019una ag\u00e8ncia de transport professional, amb n\u00famero de seguiment i lliurament sense signatura. Si desitges una comanda urgent abans&hellip;\" \/>\n<meta name=\"robots\" content=\"index, follow, max-snippet:-1, max-image-preview:large, max-video-preview:-1\" \/>\n<link rel=\"canonical\" href=\"http:\/\/Preventionshop%20realitza%20enviaments%20a%20les%20zones%20indicades%20durant%20el%20proc\u00e9s%20de%20compra.%20Com%20a%20norma%20general,%20els%20paquets%20s\u2019envien%20entre%202%20i%205%20dies%20despr\u00e9s%20de%20la%20recepci\u00f3%20del%20pagament.%20Els%20enviaments%20es%20fan%20a%20trav\u00e9s%20d\u2019una%20ag\u00e8ncia%20de%20transport%20professional,%20amb%20n\u00famero%20de%20seguiment%20i%20lliurament%20sense%20signatura.%20Si%20desitges%20una%20comanda%20urgent%20abans&hellip;\" \/>\n<meta property=\"og:locale\" content=\"ca_ES\" \/>\n<meta property=\"og:type\" content=\"article\" \/>\n<meta property=\"og:title\" content=\"Enviaments\" \/>\n<meta property=\"og:description\" content=\"Preventionshop realitza enviaments a les zones indicades durant el proc\u00e9s de compra. Com a norma general, els paquets s\u2019envien entre 2 i 5 dies despr\u00e9s de la recepci\u00f3 del pagament. Els enviaments es fan a trav\u00e9s d\u2019una ag\u00e8ncia de transport professional, amb n\u00famero de seguiment i lliurament sense signatura. Si desitges una comanda urgent abans&hellip;\" \/>\n<meta property=\"og:url\" content=\"https:\/\/www.preventionshop.es\/ca\/enviaments\/\" \/>\n<meta property=\"og:site_name\" content=\"Prevention Shop\" \/>\n<meta property=\"article:publisher\" content=\"https:\/\/www.facebook.com\/profile.php?id=100068991094376\" \/>\n<meta property=\"article:modified_time\" content=\"2026-01-21T11:59:55+00:00\" \/>\n<meta name=\"twitter:card\" content=\"summary_large_image\" \/>\n<meta name=\"twitter:site\" content=\"@PreventionShop\" \/>\n<meta name=\"twitter:label1\" content=\"Temps estimat de lectura\" \/>\n\t<meta name=\"twitter:data1\" content=\"2 minuts\" \/>\n<script type=\"application\/ld+json\" class=\"yoast-schema-graph\">{\"@context\":\"https:\\\/\\\/schema.org\",\"@graph\":[{\"@type\":\"WebPage\",\"@id\":\"https:\\\/\\\/www.preventionshop.es\\\/ca\\\/enviaments\\\/\",\"url\":\"https:\\\/\\\/www.preventionshop.es\\\/ca\\\/enviaments\\\/\",\"name\":\"Env\u00edos - Prevention Shop\",\"isPartOf\":{\"@id\":\"https:\\\/\\\/www.preventionshop.es\\\/#website\"},\"datePublished\":\"2026-01-21T11:45:13+00:00\",\"dateModified\":\"2026-01-21T11:59:55+00:00\",\"description\":\"Botiga en l\u00ednia amb els millors productes per poder resoldre les auditories necess\u00e0ries de la ind\u00fastria moderna. No Brady, Seton, Lock Out Tag Out de Master Lock.\",\"breadcrumb\":{\"@id\":\"https:\\\/\\\/www.preventionshop.es\\\/ca\\\/enviaments\\\/#breadcrumb\"},\"inLanguage\":\"ca\",\"potentialAction\":[{\"@type\":\"ReadAction\",\"target\":[\"https:\\\/\\\/www.preventionshop.es\\\/ca\\\/enviaments\\\/\"]}]},{\"@type\":\"BreadcrumbList\",\"@id\":\"https:\\\/\\\/www.preventionshop.es\\\/ca\\\/enviaments\\\/#breadcrumb\",\"itemListElement\":[{\"@type\":\"ListItem\",\"position\":1,\"name\":\"Inici - Prevention Shop\",\"item\":\"https:\\\/\\\/www.preventionshop.es\\\/\"},{\"@type\":\"ListItem\",\"position\":2,\"name\":\"Enviaments\"}]},{\"@type\":\"WebSite\",\"@id\":\"https:\\\/\\\/www.preventionshop.es\\\/ca\\\/#website\",\"url\":\"https:\\\/\\\/www.preventionshop.es\\\/ca\\\/\",\"name\":\"Prevention Shop\",\"description\":\"Etiquetas y carteles\",\"publisher\":{\"@id\":\"https:\\\/\\\/www.preventionshop.es\\\/ca\\\/#organization\"},\"alternateName\":\"Etiquetas y carteles\",\"potentialAction\":[{\"@type\":\"SearchAction\",\"target\":{\"@type\":\"EntryPoint\",\"urlTemplate\":\"https:\\\/\\\/www.preventionshop.es\\\/ca\\\/?s={search_term_string}\"},\"query-input\":{\"@type\":\"PropertyValueSpecification\",\"valueRequired\":true,\"valueName\":\"search_term_string\"}}],\"inLanguage\":\"ca\"},{\"@type\":\"Organization\",\"@id\":\"https:\\\/\\\/www.preventionshop.es\\\/ca\\\/#organization\",\"name\":\"Prevention Shop\",\"url\":\"https:\\\/\\\/www.preventionshop.es\\\/ca\\\/\",\"logo\":{\"@type\":\"ImageObject\",\"inLanguage\":\"ca\",\"@id\":\"https:\\\/\\\/www.preventionshop.es\\\/ca\\\/#\\\/schema\\\/logo\\\/image\\\/\",\"url\":\"https:\\\/\\\/www.preventionshop.es\\\/\\\/wp-content\\\/uploads\\\/2025\\\/12\\\/favi.png\",\"contentUrl\":\"https:\\\/\\\/www.preventionshop.es\\\/\\\/wp-content\\\/uploads\\\/2025\\\/12\\\/favi.png\",\"width\":512,\"height\":512,\"caption\":\"Prevention Shop\"},\"image\":{\"@id\":\"https:\\\/\\\/www.preventionshop.es\\\/ca\\\/#\\\/schema\\\/logo\\\/image\\\/\"},\"sameAs\":[\"https:\\\/\\\/www.facebook.com\\\/profile.php?id=100068991094376\",\"https:\\\/\\\/x.com\\\/PreventionShop\",\"https:\\\/\\\/www.instagram.com\\\/preventionshop.es\\\/\"]}]}<\/script>\n<!-- \/ Yoast SEO plugin. -->","yoast_head_json":{"title":"Enviaments","description":"Preventionshop realitza enviaments a les zones indicades durant el proc\u00e9s de compra. Com a norma general, els paquets s\u2019envien entre 2 i 5 dies despr\u00e9s de la recepci\u00f3 del pagament. Els enviaments es fan a trav\u00e9s d\u2019una ag\u00e8ncia de transport professional, amb n\u00famero de seguiment i lliurament sense signatura. Si desitges una comanda urgent abans&hellip;","robots":{"index":"index","follow":"follow","max-snippet":"max-snippet:-1","max-image-preview":"max-image-preview:large","max-video-preview":"max-video-preview:-1"},"canonical":"Preventionshop realitza enviaments a les zones indicades durant el proc\u00e9s de compra. Com a norma general, els paquets s\u2019envien entre 2 i 5 dies despr\u00e9s de la recepci\u00f3 del pagament. Els enviaments es fan a trav\u00e9s d\u2019una ag\u00e8ncia de transport professional, amb n\u00famero de seguiment i lliurament sense signatura. Si desitges una comanda urgent abans&hellip;","og_locale":"ca_ES","og_type":"article","og_title":"Enviaments","og_description":"Preventionshop realitza enviaments a les zones indicades durant el proc\u00e9s de compra. Com a norma general, els paquets s\u2019envien entre 2 i 5 dies despr\u00e9s de la recepci\u00f3 del pagament. Els enviaments es fan a trav\u00e9s d\u2019una ag\u00e8ncia de transport professional, amb n\u00famero de seguiment i lliurament sense signatura. Si desitges una comanda urgent abans&hellip;","og_url":"https:\/\/www.preventionshop.es\/ca\/enviaments\/","og_site_name":"Prevention Shop","article_publisher":"https:\/\/www.facebook.com\/profile.php?id=100068991094376","article_modified_time":"2026-01-21T11:59:55+00:00","twitter_card":"summary_large_image","twitter_site":"@PreventionShop","twitter_misc":{"Temps estimat de lectura":"2 minuts"},"schema":{"@context":"https:\/\/schema.org","@graph":[{"@type":"WebPage","@id":"https:\/\/www.preventionshop.es\/ca\/enviaments\/","url":"https:\/\/www.preventionshop.es\/ca\/enviaments\/","name":"Env\u00edos - Prevention Shop","isPartOf":{"@id":"https:\/\/www.preventionshop.es\/#website"},"datePublished":"2026-01-21T11:45:13+00:00","dateModified":"2026-01-21T11:59:55+00:00","description":"Botiga en l\u00ednia amb els millors productes per poder resoldre les auditories necess\u00e0ries de la ind\u00fastria moderna. No Brady, Seton, Lock Out Tag Out de Master Lock.","breadcrumb":{"@id":"https:\/\/www.preventionshop.es\/ca\/enviaments\/#breadcrumb"},"inLanguage":"ca","potentialAction":[{"@type":"ReadAction","target":["https:\/\/www.preventionshop.es\/ca\/enviaments\/"]}]},{"@type":"BreadcrumbList","@id":"https:\/\/www.preventionshop.es\/ca\/enviaments\/#breadcrumb","itemListElement":[{"@type":"ListItem","position":1,"name":"Inici - Prevention Shop","item":"https:\/\/www.preventionshop.es\/"},{"@type":"ListItem","position":2,"name":"Enviaments"}]},{"@type":"WebSite","@id":"https:\/\/www.preventionshop.es\/ca\/#website","url":"https:\/\/www.preventionshop.es\/ca\/","name":"Prevention Shop","description":"Etiquetas y carteles","publisher":{"@id":"https:\/\/www.preventionshop.es\/ca\/#organization"},"alternateName":"Etiquetas y carteles","potentialAction":[{"@type":"SearchAction","target":{"@type":"EntryPoint","urlTemplate":"https:\/\/www.preventionshop.es\/ca\/?s={search_term_string}"},"query-input":{"@type":"PropertyValueSpecification","valueRequired":true,"valueName":"search_term_string"}}],"inLanguage":"ca"},{"@type":"Organization","@id":"https:\/\/www.preventionshop.es\/ca\/#organization","name":"Prevention Shop","url":"https:\/\/www.preventionshop.es\/ca\/","logo":{"@type":"ImageObject","inLanguage":"ca","@id":"https:\/\/www.preventionshop.es\/ca\/#\/schema\/logo\/image\/","url":"https:\/\/www.preventionshop.es\/\/wp-content\/uploads\/2025\/12\/favi.png","contentUrl":"https:\/\/www.preventionshop.es\/\/wp-content\/uploads\/2025\/12\/favi.png","width":512,"height":512,"caption":"Prevention Shop"},"image":{"@id":"https:\/\/www.preventionshop.es\/ca\/#\/schema\/logo\/image\/"},"sameAs":["https:\/\/www.facebook.com\/profile.php?id=100068991094376","https:\/\/x.com\/PreventionShop","https:\/\/www.instagram.com\/preventionshop.es\/"]}]}},"_links":{"self":[{"href":"https:\/\/www.preventionshop.es\/ca\/wp-json\/wp\/v2\/pages\/3350","targetHints":{"allow":["GET"]}}],"collection":[{"href":"https:\/\/www.preventionshop.es\/ca\/wp-json\/wp\/v2\/pages"}],"about":[{"href":"https:\/\/www.preventionshop.es\/ca\/wp-json\/wp\/v2\/types\/page"}],"author":[{"embeddable":true,"href":"https:\/\/www.preventionshop.es\/ca\/wp-json\/wp\/v2\/users\/1"}],"replies":[{"embeddable":true,"href":"https:\/\/www.preventionshop.es\/ca\/wp-json\/wp\/v2\/comments?post=3350"}],"version-history":[{"count":8,"href":"https:\/\/www.preventionshop.es\/ca\/wp-json\/wp\/v2\/pages\/3350\/revisions"}],"predecessor-version":[{"id":3369,"href":"https:\/\/www.preventionshop.es\/ca\/wp-json\/wp\/v2\/pages\/3350\/revisions\/3369"}],"wp:attachment":[{"href":"https:\/\/www.preventionshop.es\/ca\/wp-json\/wp\/v2\/media?parent=3350"}],"curies":[{"name":"wp","href":"https:\/\/api.w.org\/{rel}","templated":true}]}}