{"id":3354,"date":"2026-01-21T12:46:00","date_gmt":"2026-01-21T11:46:00","guid":{"rendered":"https:\/\/www.preventionshop.es\/?page_id=3354"},"modified":"2026-01-24T07:18:51","modified_gmt":"2026-01-24T06:18:51","slug":"privacidad-y-proteccion-de-datos","status":"publish","type":"page","link":"https:\/\/www.preventionshop.es\/ca\/privacitat-i-proteccio-de-dades\/","title":{"rendered":"Privacitat i protecci\u00f3 de dades"},"content":{"rendered":"<div>\n<div style=\"text-align: justify;\">\n    En compliment del que disposa el Reglament (UE) 2016\/679 (RGPD) i la normativa vigent en mat\u00e8ria de protecci\u00f3 de dades, s\u2019informa els usuaris que les dades personals facilitades a trav\u00e9s d\u2019aquest lloc web seran tractades de manera confidencial.\n  <\/div>\n<\/div>\n<div><\/div>\n<div>\n<div style=\"text-align: justify;\">\n    Les dades personals s\u2019utilitzaran \u00fanicament per a la gesti\u00f3 de comandes, la prestaci\u00f3 dels serveis sol\u00b7licitats, l\u2019atenci\u00f3 al client i, si escau, l\u2019enviament de comunicacions comercials relacionades amb els nostres productes, sempre que l\u2019usuari hagi donat el seu consentiment.\n  <\/div>\n<\/div>\n<div><\/div>\n<div>\n<div style=\"text-align: justify;\">\n    L\u2019usuari podr\u00e0 exercir en qualsevol moment els seus drets d\u2019acc\u00e9s, rectificaci\u00f3, supressi\u00f3, oposici\u00f3, limitaci\u00f3 del tractament i portabilitat de les seves dades, mitjan\u00e7ant una sol\u00b7licitud escrita a trav\u00e9s dels mitjans de contacte indicats al lloc web.\n  <\/div>\n<\/div>\n<div><\/div>\n<div>\n<div style=\"text-align: justify;\">\n    Preventionshop adopta les mesures t\u00e8cniques i organitzatives necess\u00e0ries per garantir la seguretat i la integritat de les dades personals i evitar-ne la p\u00e8rdua, l\u2019alteraci\u00f3 o l\u2019acc\u00e9s no autoritzat.\n  <\/div>\n<\/div>\n","protected":false},"excerpt":{"rendered":"<p>En compliment del que disposa el Reglament (UE) 2016\/679 (RGPD) i la normativa vigent en mat\u00e8ria de protecci\u00f3 de dades, s\u2019informa els usuaris que les dades personals facilitades a trav\u00e9s d\u2019aquest lloc web seran tractades [&hellip;]<\/p>\n","protected":false},"author":1,"featured_media":0,"parent":0,"menu_order":0,"comment_status":"closed","ping_status":"closed","template":"templates\/template-fullwidth-boxed.php","meta":{"inline_featured_image":false,"footnotes":""},"class_list":["post-3354","page","type-page","status-publish","hentry"],"yoast_head":"<!-- This site is optimized with the Yoast SEO plugin v27.5 - https:\/\/yoast.com\/product\/yoast-seo-wordpress\/ -->\n<title>Privacitat i protecci\u00f3 de dades<\/title>\n<meta name=\"description\" content=\"En compliment del que disposa el Reglament (UE) 2016\/679 (RGPD) i la normativa vigent en mat\u00e8ria de protecci\u00f3 de dades, s\u2019informa els usuaris que les dades personals facilitades a trav\u00e9s d\u2019aquest lloc web seran tractades de manera confidencial. Les dades personals s\u2019utilitzaran \u00fanicament per a la gesti\u00f3 de comandes, la prestaci\u00f3 dels serveis sol\u00b7licitats, l\u2019atenci\u00f3&hellip;\" \/>\n<meta name=\"robots\" content=\"index, follow, max-snippet:-1, max-image-preview:large, max-video-preview:-1\" \/>\n<link rel=\"canonical\" href=\"http:\/\/En%20compliment%20del%20que%20disposa%20el%20Reglament%20(UE)%202016\/679%20(RGPD)%20i%20la%20normativa%20vigent%20en%20mat\u00e8ria%20de%20protecci\u00f3%20de%20dades,%20s\u2019informa%20els%20usuaris%20que%20les%20dades%20personals%20facilitades%20a%20trav\u00e9s%20d\u2019aquest%20lloc%20web%20seran%20tractades%20de%20manera%20confidencial.%20Les%20dades%20personals%20s\u2019utilitzaran%20\u00fanicament%20per%20a%20la%20gesti\u00f3%20de%20comandes,%20la%20prestaci\u00f3%20dels%20serveis%20sol\u00b7licitats,%20l\u2019atenci\u00f3&hellip;\" \/>\n<meta property=\"og:locale\" content=\"ca_ES\" \/>\n<meta property=\"og:type\" content=\"article\" \/>\n<meta property=\"og:title\" content=\"Privacitat i protecci\u00f3 de dades\" \/>\n<meta property=\"og:description\" content=\"En compliment del que disposa el Reglament (UE) 2016\/679 (RGPD) i la normativa vigent en mat\u00e8ria de protecci\u00f3 de dades, s\u2019informa els usuaris que les dades personals facilitades a trav\u00e9s d\u2019aquest lloc web seran tractades de manera confidencial. Les dades personals s\u2019utilitzaran \u00fanicament per a la gesti\u00f3 de comandes, la prestaci\u00f3 dels serveis sol\u00b7licitats, l\u2019atenci\u00f3&hellip;\" \/>\n<meta property=\"og:url\" content=\"https:\/\/www.preventionshop.es\/ca\/privacitat-i-proteccio-de-dades\/\" \/>\n<meta property=\"og:site_name\" content=\"Prevention Shop\" \/>\n<meta property=\"article:publisher\" content=\"https:\/\/www.facebook.com\/profile.php?id=100068991094376\" \/>\n<meta property=\"article:modified_time\" content=\"2026-01-24T06:18:51+00:00\" \/>\n<meta name=\"twitter:card\" content=\"summary_large_image\" \/>\n<meta name=\"twitter:site\" content=\"@PreventionShop\" \/>\n<meta name=\"twitter:label1\" content=\"Temps estimat de lectura\" \/>\n\t<meta name=\"twitter:data1\" content=\"1 minut\" \/>\n<script type=\"application\/ld+json\" class=\"yoast-schema-graph\">{\"@context\":\"https:\\\/\\\/schema.org\",\"@graph\":[{\"@type\":\"WebPage\",\"@id\":\"https:\\\/\\\/www.preventionshop.es\\\/ca\\\/privacitat-i-proteccio-de-dades\\\/\",\"url\":\"https:\\\/\\\/www.preventionshop.es\\\/ca\\\/privacitat-i-proteccio-de-dades\\\/\",\"name\":\"Privacidad y protecci\u00f3n de datos - Prevention Shop\",\"isPartOf\":{\"@id\":\"https:\\\/\\\/www.preventionshop.es\\\/#website\"},\"datePublished\":\"2026-01-21T11:46:00+00:00\",\"dateModified\":\"2026-01-24T06:18:51+00:00\",\"description\":\"Botiga en l\u00ednia amb els millors productes per poder resoldre les auditories necess\u00e0ries de la ind\u00fastria moderna. No Brady, Seton, Lock Out Tag Out de Master Lock.\",\"breadcrumb\":{\"@id\":\"https:\\\/\\\/www.preventionshop.es\\\/ca\\\/privacitat-i-proteccio-de-dades\\\/#breadcrumb\"},\"inLanguage\":\"ca\",\"potentialAction\":[{\"@type\":\"ReadAction\",\"target\":[\"https:\\\/\\\/www.preventionshop.es\\\/ca\\\/privacitat-i-proteccio-de-dades\\\/\"]}]},{\"@type\":\"BreadcrumbList\",\"@id\":\"https:\\\/\\\/www.preventionshop.es\\\/ca\\\/privacitat-i-proteccio-de-dades\\\/#breadcrumb\",\"itemListElement\":[{\"@type\":\"ListItem\",\"position\":1,\"name\":\"Inici - Prevention Shop\",\"item\":\"https:\\\/\\\/www.preventionshop.es\\\/\"},{\"@type\":\"ListItem\",\"position\":2,\"name\":\"Privacitat i protecci\u00f3 de dades\"}]},{\"@type\":\"WebSite\",\"@id\":\"https:\\\/\\\/www.preventionshop.es\\\/ca\\\/#website\",\"url\":\"https:\\\/\\\/www.preventionshop.es\\\/ca\\\/\",\"name\":\"Prevention Shop\",\"description\":\"Etiquetas y carteles\",\"publisher\":{\"@id\":\"https:\\\/\\\/www.preventionshop.es\\\/ca\\\/#organization\"},\"alternateName\":\"Etiquetas y carteles\",\"potentialAction\":[{\"@type\":\"SearchAction\",\"target\":{\"@type\":\"EntryPoint\",\"urlTemplate\":\"https:\\\/\\\/www.preventionshop.es\\\/ca\\\/?s={search_term_string}\"},\"query-input\":{\"@type\":\"PropertyValueSpecification\",\"valueRequired\":true,\"valueName\":\"search_term_string\"}}],\"inLanguage\":\"ca\"},{\"@type\":\"Organization\",\"@id\":\"https:\\\/\\\/www.preventionshop.es\\\/ca\\\/#organization\",\"name\":\"Prevention Shop\",\"url\":\"https:\\\/\\\/www.preventionshop.es\\\/ca\\\/\",\"logo\":{\"@type\":\"ImageObject\",\"inLanguage\":\"ca\",\"@id\":\"https:\\\/\\\/www.preventionshop.es\\\/ca\\\/#\\\/schema\\\/logo\\\/image\\\/\",\"url\":\"https:\\\/\\\/www.preventionshop.es\\\/\\\/wp-content\\\/uploads\\\/2025\\\/12\\\/favi.png\",\"contentUrl\":\"https:\\\/\\\/www.preventionshop.es\\\/\\\/wp-content\\\/uploads\\\/2025\\\/12\\\/favi.png\",\"width\":512,\"height\":512,\"caption\":\"Prevention Shop\"},\"image\":{\"@id\":\"https:\\\/\\\/www.preventionshop.es\\\/ca\\\/#\\\/schema\\\/logo\\\/image\\\/\"},\"sameAs\":[\"https:\\\/\\\/www.facebook.com\\\/profile.php?id=100068991094376\",\"https:\\\/\\\/x.com\\\/PreventionShop\",\"https:\\\/\\\/www.instagram.com\\\/preventionshop.es\\\/\"]}]}<\/script>\n<!-- \/ Yoast SEO plugin. -->","yoast_head_json":{"title":"Privacitat i protecci\u00f3 de dades","description":"En compliment del que disposa el Reglament (UE) 2016\/679 (RGPD) i la normativa vigent en mat\u00e8ria de protecci\u00f3 de dades, s\u2019informa els usuaris que les dades personals facilitades a trav\u00e9s d\u2019aquest lloc web seran tractades de manera confidencial. Les dades personals s\u2019utilitzaran \u00fanicament per a la gesti\u00f3 de comandes, la prestaci\u00f3 dels serveis sol\u00b7licitats, l\u2019atenci\u00f3&hellip;","robots":{"index":"index","follow":"follow","max-snippet":"max-snippet:-1","max-image-preview":"max-image-preview:large","max-video-preview":"max-video-preview:-1"},"canonical":"En compliment del que disposa el Reglament (UE) 2016\/679 (RGPD) i la normativa vigent en mat\u00e8ria de protecci\u00f3 de dades, s\u2019informa els usuaris que les dades personals facilitades a trav\u00e9s d\u2019aquest lloc web seran tractades de manera confidencial. Les dades personals s\u2019utilitzaran \u00fanicament per a la gesti\u00f3 de comandes, la prestaci\u00f3 dels serveis sol\u00b7licitats, l\u2019atenci\u00f3&hellip;","og_locale":"ca_ES","og_type":"article","og_title":"Privacitat i protecci\u00f3 de dades","og_description":"En compliment del que disposa el Reglament (UE) 2016\/679 (RGPD) i la normativa vigent en mat\u00e8ria de protecci\u00f3 de dades, s\u2019informa els usuaris que les dades personals facilitades a trav\u00e9s d\u2019aquest lloc web seran tractades de manera confidencial. Les dades personals s\u2019utilitzaran \u00fanicament per a la gesti\u00f3 de comandes, la prestaci\u00f3 dels serveis sol\u00b7licitats, l\u2019atenci\u00f3&hellip;","og_url":"https:\/\/www.preventionshop.es\/ca\/privacitat-i-proteccio-de-dades\/","og_site_name":"Prevention Shop","article_publisher":"https:\/\/www.facebook.com\/profile.php?id=100068991094376","article_modified_time":"2026-01-24T06:18:51+00:00","twitter_card":"summary_large_image","twitter_site":"@PreventionShop","twitter_misc":{"Temps estimat de lectura":"1 minut"},"schema":{"@context":"https:\/\/schema.org","@graph":[{"@type":"WebPage","@id":"https:\/\/www.preventionshop.es\/ca\/privacitat-i-proteccio-de-dades\/","url":"https:\/\/www.preventionshop.es\/ca\/privacitat-i-proteccio-de-dades\/","name":"Privacidad y protecci\u00f3n de datos - Prevention Shop","isPartOf":{"@id":"https:\/\/www.preventionshop.es\/#website"},"datePublished":"2026-01-21T11:46:00+00:00","dateModified":"2026-01-24T06:18:51+00:00","description":"Botiga en l\u00ednia amb els millors productes per poder resoldre les auditories necess\u00e0ries de la ind\u00fastria moderna. No Brady, Seton, Lock Out Tag Out de Master Lock.","breadcrumb":{"@id":"https:\/\/www.preventionshop.es\/ca\/privacitat-i-proteccio-de-dades\/#breadcrumb"},"inLanguage":"ca","potentialAction":[{"@type":"ReadAction","target":["https:\/\/www.preventionshop.es\/ca\/privacitat-i-proteccio-de-dades\/"]}]},{"@type":"BreadcrumbList","@id":"https:\/\/www.preventionshop.es\/ca\/privacitat-i-proteccio-de-dades\/#breadcrumb","itemListElement":[{"@type":"ListItem","position":1,"name":"Inici - Prevention Shop","item":"https:\/\/www.preventionshop.es\/"},{"@type":"ListItem","position":2,"name":"Privacitat i protecci\u00f3 de dades"}]},{"@type":"WebSite","@id":"https:\/\/www.preventionshop.es\/ca\/#website","url":"https:\/\/www.preventionshop.es\/ca\/","name":"Prevention Shop","description":"Etiquetas y carteles","publisher":{"@id":"https:\/\/www.preventionshop.es\/ca\/#organization"},"alternateName":"Etiquetas y carteles","potentialAction":[{"@type":"SearchAction","target":{"@type":"EntryPoint","urlTemplate":"https:\/\/www.preventionshop.es\/ca\/?s={search_term_string}"},"query-input":{"@type":"PropertyValueSpecification","valueRequired":true,"valueName":"search_term_string"}}],"inLanguage":"ca"},{"@type":"Organization","@id":"https:\/\/www.preventionshop.es\/ca\/#organization","name":"Prevention Shop","url":"https:\/\/www.preventionshop.es\/ca\/","logo":{"@type":"ImageObject","inLanguage":"ca","@id":"https:\/\/www.preventionshop.es\/ca\/#\/schema\/logo\/image\/","url":"https:\/\/www.preventionshop.es\/\/wp-content\/uploads\/2025\/12\/favi.png","contentUrl":"https:\/\/www.preventionshop.es\/\/wp-content\/uploads\/2025\/12\/favi.png","width":512,"height":512,"caption":"Prevention Shop"},"image":{"@id":"https:\/\/www.preventionshop.es\/ca\/#\/schema\/logo\/image\/"},"sameAs":["https:\/\/www.facebook.com\/profile.php?id=100068991094376","https:\/\/x.com\/PreventionShop","https:\/\/www.instagram.com\/preventionshop.es\/"]}]}},"_links":{"self":[{"href":"https:\/\/www.preventionshop.es\/ca\/wp-json\/wp\/v2\/pages\/3354","targetHints":{"allow":["GET"]}}],"collection":[{"href":"https:\/\/www.preventionshop.es\/ca\/wp-json\/wp\/v2\/pages"}],"about":[{"href":"https:\/\/www.preventionshop.es\/ca\/wp-json\/wp\/v2\/types\/page"}],"author":[{"embeddable":true,"href":"https:\/\/www.preventionshop.es\/ca\/wp-json\/wp\/v2\/users\/1"}],"replies":[{"embeddable":true,"href":"https:\/\/www.preventionshop.es\/ca\/wp-json\/wp\/v2\/comments?post=3354"}],"version-history":[{"count":4,"href":"https:\/\/www.preventionshop.es\/ca\/wp-json\/wp\/v2\/pages\/3354\/revisions"}],"predecessor-version":[{"id":3370,"href":"https:\/\/www.preventionshop.es\/ca\/wp-json\/wp\/v2\/pages\/3354\/revisions\/3370"}],"wp:attachment":[{"href":"https:\/\/www.preventionshop.es\/ca\/wp-json\/wp\/v2\/media?parent=3354"}],"curies":[{"name":"wp","href":"https:\/\/api.w.org\/{rel}","templated":true}]}}