{"id":542,"date":"2021-02-10T13:29:59","date_gmt":"2021-02-10T13:29:59","guid":{"rendered":"https:\/\/www.cssigniter.com\/demos\/decorist\/?page_id=542"},"modified":"2025-11-18T12:48:46","modified_gmt":"2025-11-18T11:48:46","slug":"categorias","status":"publish","type":"page","link":"https:\/\/www.preventionshop.es\/ca\/categories\/","title":{"rendered":"Categories"},"content":{"rendered":"\r\n<h2 id=\"block-beec4f-33e1-43\" class=\"wp-block-gutenbee-heading block-beec4f-33e1-43\">Les nostres Categories<\/h2>\r\n\r\n\r\n\r\n<div id=\"block-28bf5c-ac57-4a\" class=\"wp-block-gutenbee-container block-28bf5c-ac57-4a\">\r\n<div class=\"wp-block-gutenbee-container-inner\">\r\n<div class=\"wp-block-gutenbee-container-row wp-block-gutenbee-container-lg\">\r\n\r\n\r\n<div class=\"wp-block-gutenbee-column block-4af6ef-605d-41\"><style>.wp-block-gutenbee-column.block-4af6ef-605d-41 { flex-basis: 50%; }<\/p>\r\n<p>      @media (max-width: 991px) {<br \/>        .wp-block-gutenbee-column.block-4af6ef-605d-41 { flex-basis: 100%; }<br \/>      }<\/p>\r\n<p>      @media (max-width: 575px) {<br \/>        .wp-block-gutenbee-column.block-4af6ef-605d-41 { flex-basis: 100%; }<br \/>      }<\/style>\r\n<div class=\"wp-block-gutenbee-column-content\">\r\n\r\n\r\n\r\n<em>SI NO TROBA EL QUE NECESSITA, DIGUI&#8217;NS-HO! NOSALTRES ELS HI FACILITAREM.<\/em>\r\n\r\n\r\n\r\n<\/div>\r\n<\/div>\r\n\r\n\r\n<\/div>\r\n<\/div>\r\n<div class=\"wp-block-gutenbee-container-background\" data-parallax-speed=\"0.3\">&nbsp;<\/div>\r\n<\/div>\r\n\r\n\r\n<div class=\"woocommerce columns-4\"><ul class=\"products columns-4 mobile-columns-2\">\n<li class=\"product-category product first\">\n\t<a aria-label=\"Visiteu la categoria de producte Primers auxilis\" href=\"https:\/\/www.preventionshop.es\/ca\/product_cat\/primers-auxilis\/\"><img loading=\"lazy\" decoding=\"async\" src=\"https:\/\/www.preventionshop.es\/wp-content\/uploads\/2025\/06\/Primeros-auxilios-categoria.jpg\" alt=\"Primers auxilis\" width=\"750\" height=\"750\" srcset=\"https:\/\/www.preventionshop.es\/wp-content\/uploads\/2025\/06\/Primeros-auxilios-categoria.jpg 750w, https:\/\/www.preventionshop.es\/wp-content\/uploads\/2025\/06\/Primeros-auxilios-categoria-300x300.jpg 300w, https:\/\/www.preventionshop.es\/wp-content\/uploads\/2025\/06\/Primeros-auxilios-categoria-150x150.jpg 150w, https:\/\/www.preventionshop.es\/wp-content\/uploads\/2025\/06\/Primeros-auxilios-categoria-510x510.jpg 510w, https:\/\/www.preventionshop.es\/wp-content\/uploads\/2025\/06\/Primeros-auxilios-categoria-160x160.jpg 160w, https:\/\/www.preventionshop.es\/wp-content\/uploads\/2025\/06\/Primeros-auxilios-categoria-560x560.jpg 560w\" sizes=\"auto, (max-width: 750px) 100vw, 750px\" \/>\t\t<h2 class=\"woocommerce-loop-category__title\">\n\t\t\tPrimers auxilis <mark class=\"count\">(8)<\/mark>\t\t<\/h2>\n\t\t<\/a><\/li>\n<li class=\"product-category product\">\n\t<a aria-label=\"Visiteu la categoria de producte EPIs &amp; Roba\" href=\"https:\/\/www.preventionshop.es\/ca\/product_cat\/epis-roba\/\"><img loading=\"lazy\" decoding=\"async\" src=\"https:\/\/www.preventionshop.es\/wp-content\/uploads\/2025\/05\/EPIs-Ropa-categoria.jpg\" alt=\"EPIs &amp; Roba\" width=\"750\" height=\"750\" srcset=\"https:\/\/www.preventionshop.es\/wp-content\/uploads\/2025\/05\/EPIs-Ropa-categoria.jpg 750w, https:\/\/www.preventionshop.es\/wp-content\/uploads\/2025\/05\/EPIs-Ropa-categoria-300x300.jpg 300w, https:\/\/www.preventionshop.es\/wp-content\/uploads\/2025\/05\/EPIs-Ropa-categoria-150x150.jpg 150w, https:\/\/www.preventionshop.es\/wp-content\/uploads\/2025\/05\/EPIs-Ropa-categoria-510x510.jpg 510w, https:\/\/www.preventionshop.es\/wp-content\/uploads\/2025\/05\/EPIs-Ropa-categoria-160x160.jpg 160w, https:\/\/www.preventionshop.es\/wp-content\/uploads\/2025\/05\/EPIs-Ropa-categoria-560x560.jpg 560w\" sizes=\"auto, (max-width: 750px) 100vw, 750px\" \/>\t\t<h2 class=\"woocommerce-loop-category__title\">\n\t\t\tEPIs &amp; Roba <mark class=\"count\">(13)<\/mark>\t\t<\/h2>\n\t\t<\/a><\/li>\n<li class=\"product-category product\">\n\t<a aria-label=\"Visiteu la categoria de producte Senyalitzaci\u00f3\" href=\"https:\/\/www.preventionshop.es\/ca\/product_cat\/senyalitzacio\/\"><img loading=\"lazy\" decoding=\"async\" src=\"https:\/\/www.preventionshop.es\/wp-content\/uploads\/2025\/06\/Senalizacion-categoria.jpg\" alt=\"Senyalitzaci\u00f3\" width=\"750\" height=\"750\" srcset=\"https:\/\/www.preventionshop.es\/wp-content\/uploads\/2025\/06\/Senalizacion-categoria.jpg 750w, https:\/\/www.preventionshop.es\/wp-content\/uploads\/2025\/06\/Senalizacion-categoria-300x300.jpg 300w, https:\/\/www.preventionshop.es\/wp-content\/uploads\/2025\/06\/Senalizacion-categoria-150x150.jpg 150w, https:\/\/www.preventionshop.es\/wp-content\/uploads\/2025\/06\/Senalizacion-categoria-510x510.jpg 510w, https:\/\/www.preventionshop.es\/wp-content\/uploads\/2025\/06\/Senalizacion-categoria-160x160.jpg 160w, https:\/\/www.preventionshop.es\/wp-content\/uploads\/2025\/06\/Senalizacion-categoria-560x560.jpg 560w\" sizes=\"auto, (max-width: 750px) 100vw, 750px\" \/>\t\t<h2 class=\"woocommerce-loop-category__title\">\n\t\t\tSenyalitzaci\u00f3 <mark class=\"count\">(103)<\/mark>\t\t<\/h2>\n\t\t<\/a><\/li>\n<li class=\"product-category product last\">\n\t<a aria-label=\"Visiteu la categoria de producte Sistemes d&#039;impressi\u00f3\" href=\"https:\/\/www.preventionshop.es\/ca\/product_cat\/sistemes-d-impressio\/\"><img loading=\"lazy\" decoding=\"async\" src=\"https:\/\/www.preventionshop.es\/wp-content\/uploads\/2025\/06\/Sistemas-de-impresion-categoria.jpg\" alt=\"Sistemes d&#039;impressi\u00f3\" width=\"750\" height=\"750\" srcset=\"https:\/\/www.preventionshop.es\/wp-content\/uploads\/2025\/06\/Sistemas-de-impresion-categoria.jpg 750w, https:\/\/www.preventionshop.es\/wp-content\/uploads\/2025\/06\/Sistemas-de-impresion-categoria-300x300.jpg 300w, https:\/\/www.preventionshop.es\/wp-content\/uploads\/2025\/06\/Sistemas-de-impresion-categoria-150x150.jpg 150w, https:\/\/www.preventionshop.es\/wp-content\/uploads\/2025\/06\/Sistemas-de-impresion-categoria-510x510.jpg 510w, https:\/\/www.preventionshop.es\/wp-content\/uploads\/2025\/06\/Sistemas-de-impresion-categoria-160x160.jpg 160w, https:\/\/www.preventionshop.es\/wp-content\/uploads\/2025\/06\/Sistemas-de-impresion-categoria-560x560.jpg 560w\" sizes=\"auto, (max-width: 750px) 100vw, 750px\" \/>\t\t<h2 class=\"woocommerce-loop-category__title\">\n\t\t\tSistemes d&#039;impressi\u00f3 <mark class=\"count\">(4)<\/mark>\t\t<\/h2>\n\t\t<\/a><\/li>\n<li class=\"product-category product first\">\n\t<a aria-label=\"Visiteu la categoria de producte Consignaci\u00f3 - LockOut\" href=\"https:\/\/www.preventionshop.es\/ca\/product_cat\/consignacio-lockout\/\"><img loading=\"lazy\" decoding=\"async\" src=\"https:\/\/www.preventionshop.es\/wp-content\/uploads\/2025\/05\/Consignacion-LockOut-categoria-1.jpg\" alt=\"Consignaci\u00f3 - LockOut\" width=\"750\" height=\"750\" srcset=\"https:\/\/www.preventionshop.es\/wp-content\/uploads\/2025\/05\/Consignacion-LockOut-categoria-1.jpg 750w, https:\/\/www.preventionshop.es\/wp-content\/uploads\/2025\/05\/Consignacion-LockOut-categoria-1-300x300.jpg 300w, https:\/\/www.preventionshop.es\/wp-content\/uploads\/2025\/05\/Consignacion-LockOut-categoria-1-150x150.jpg 150w, https:\/\/www.preventionshop.es\/wp-content\/uploads\/2025\/05\/Consignacion-LockOut-categoria-1-510x510.jpg 510w, https:\/\/www.preventionshop.es\/wp-content\/uploads\/2025\/05\/Consignacion-LockOut-categoria-1-160x160.jpg 160w, https:\/\/www.preventionshop.es\/wp-content\/uploads\/2025\/05\/Consignacion-LockOut-categoria-1-560x560.jpg 560w\" sizes=\"auto, (max-width: 750px) 100vw, 750px\" \/>\t\t<h2 class=\"woocommerce-loop-category__title\">\n\t\t\tConsignaci\u00f3 - LockOut <mark class=\"count\">(4)<\/mark>\t\t<\/h2>\n\t\t<\/a><\/li>\n<li class=\"product-category product\">\n\t<a aria-label=\"Visiteu la categoria de producte TAG&#039;S &amp; suports\" href=\"https:\/\/www.preventionshop.es\/ca\/product_cat\/tags-suports\/\"><img loading=\"lazy\" decoding=\"async\" src=\"https:\/\/www.preventionshop.es\/wp-content\/uploads\/2025\/06\/tags-soportes_categoria.jpg\" alt=\"TAG&#039;S &amp; suports\" width=\"750\" height=\"750\" srcset=\"https:\/\/www.preventionshop.es\/wp-content\/uploads\/2025\/06\/tags-soportes_categoria.jpg 750w, https:\/\/www.preventionshop.es\/wp-content\/uploads\/2025\/06\/tags-soportes_categoria-300x300.jpg 300w, https:\/\/www.preventionshop.es\/wp-content\/uploads\/2025\/06\/tags-soportes_categoria-150x150.jpg 150w, https:\/\/www.preventionshop.es\/wp-content\/uploads\/2025\/06\/tags-soportes_categoria-510x510.jpg 510w, https:\/\/www.preventionshop.es\/wp-content\/uploads\/2025\/06\/tags-soportes_categoria-160x160.jpg 160w, https:\/\/www.preventionshop.es\/wp-content\/uploads\/2025\/06\/tags-soportes_categoria-560x560.jpg 560w\" sizes=\"auto, (max-width: 750px) 100vw, 750px\" \/>\t\t<h2 class=\"woocommerce-loop-category__title\">\n\t\t\tTAG&#039;S &amp; suports <mark class=\"count\">(17)<\/mark>\t\t<\/h2>\n\t\t<\/a><\/li>\n<\/ul>\n<\/div>\n\r\n\r\n\r\n\r\n","protected":false},"excerpt":{"rendered":"<p>Les nostres Categories SI NO TROBA EL QUE NECESSITA, DIGUI&#8217;NS-HO! NOSALTRES ELS HI FACILITAREM. &nbsp; Primers auxilis (8) EPIs &amp; Roba (13) Senyalitzaci\u00f3 (103) Sistemes d&#039;impressi\u00f3 (4) Consignaci\u00f3 &#8211; LockOut (4) TAG&#039;S &amp; suports (17)<\/p>\n","protected":false},"author":1,"featured_media":0,"parent":0,"menu_order":0,"comment_status":"closed","ping_status":"closed","template":"templates\/template-fullwidth-boxed.php","meta":{"inline_featured_image":false,"footnotes":""},"class_list":["post-542","page","type-page","status-publish","hentry"],"yoast_head":"<!-- This site is optimized with the Yoast SEO plugin v27.5 - https:\/\/yoast.com\/product\/yoast-seo-wordpress\/ -->\n<title>Categories<\/title>\n<meta name=\"description\" content=\"Les nostres Categories SI NO TROBA EL QUE NECESSITA, DIGUI&#039;NS-HO! NOSALTRES ELS HI FACILITAREM. &nbsp; [product_categories number=&quot;24&quot; ids=&quot;35,39,38,34,37,36,41&quot; columns=&quot;4&quot; orderby=&quot;menu_order&quot; order=&quot;ASC&quot; hide_empty=&quot;1&quot;]\" \/>\n<meta name=\"robots\" content=\"index, follow, max-snippet:-1, max-image-preview:large, max-video-preview:-1\" \/>\n<link rel=\"canonical\" href=\"http:\/\/Les%20nostres%20Categories%20SI%20NO%20TROBA%20EL%20QUE%20NECESSITA,%20DIGUI'NS-HO!%20NOSALTRES%20ELS%20HI%20FACILITAREM.%20&nbsp;%20[product_categories%20number=24%20ids=35,39,38,34,37,36,41%20columns=4%20orderby=menu_order%20order=ASC%20hide_empty=1]\" \/>\n<meta property=\"og:locale\" content=\"ca_ES\" \/>\n<meta property=\"og:type\" content=\"article\" \/>\n<meta property=\"og:title\" content=\"Categories\" \/>\n<meta property=\"og:description\" content=\"Les nostres Categories SI NO TROBA EL QUE NECESSITA, DIGUI&#039;NS-HO! NOSALTRES ELS HI FACILITAREM. &nbsp; [product_categories number=&quot;24&quot; ids=&quot;35,39,38,34,37,36,41&quot; columns=&quot;4&quot; orderby=&quot;menu_order&quot; order=&quot;ASC&quot; hide_empty=&quot;1&quot;]\" \/>\n<meta property=\"og:url\" content=\"https:\/\/www.preventionshop.es\/ca\/categories\/\" \/>\n<meta property=\"og:site_name\" content=\"Prevention Shop\" \/>\n<meta property=\"article:publisher\" content=\"https:\/\/www.facebook.com\/profile.php?id=100068991094376\" \/>\n<meta property=\"article:modified_time\" content=\"2025-11-18T11:48:46+00:00\" \/>\n<meta name=\"twitter:card\" content=\"summary_large_image\" \/>\n<meta name=\"twitter:site\" content=\"@PreventionShop\" \/>\n<script type=\"application\/ld+json\" class=\"yoast-schema-graph\">{\"@context\":\"https:\\\/\\\/schema.org\",\"@graph\":[{\"@type\":\"WebPage\",\"@id\":\"https:\\\/\\\/www.preventionshop.es\\\/ca\\\/categories\\\/\",\"url\":\"https:\\\/\\\/www.preventionshop.es\\\/ca\\\/categories\\\/\",\"name\":\"Categorias - Prevention Shop\",\"isPartOf\":{\"@id\":\"https:\\\/\\\/www.preventionshop.es\\\/#website\"},\"datePublished\":\"2021-02-10T13:29:59+00:00\",\"dateModified\":\"2025-11-18T11:48:46+00:00\",\"description\":\"Botiga en l\u00ednia amb els millors productes per poder resoldre les auditories necess\u00e0ries de la ind\u00fastria moderna. No Brady, Seton, Lock Out Tag Out de Master Lock.\",\"breadcrumb\":{\"@id\":\"https:\\\/\\\/www.preventionshop.es\\\/ca\\\/categories\\\/#breadcrumb\"},\"inLanguage\":\"ca\",\"potentialAction\":[{\"@type\":\"ReadAction\",\"target\":[\"https:\\\/\\\/www.preventionshop.es\\\/ca\\\/categories\\\/\"]}]},{\"@type\":\"BreadcrumbList\",\"@id\":\"https:\\\/\\\/www.preventionshop.es\\\/ca\\\/categories\\\/#breadcrumb\",\"itemListElement\":[{\"@type\":\"ListItem\",\"position\":1,\"name\":\"Inici - Prevention Shop\",\"item\":\"https:\\\/\\\/www.preventionshop.es\\\/\"},{\"@type\":\"ListItem\",\"position\":2,\"name\":\"Categories\"}]},{\"@type\":\"WebSite\",\"@id\":\"https:\\\/\\\/www.preventionshop.es\\\/ca\\\/#website\",\"url\":\"https:\\\/\\\/www.preventionshop.es\\\/ca\\\/\",\"name\":\"Prevention Shop\",\"description\":\"Etiquetas y carteles\",\"publisher\":{\"@id\":\"https:\\\/\\\/www.preventionshop.es\\\/ca\\\/#organization\"},\"alternateName\":\"Etiquetas y carteles\",\"potentialAction\":[{\"@type\":\"SearchAction\",\"target\":{\"@type\":\"EntryPoint\",\"urlTemplate\":\"https:\\\/\\\/www.preventionshop.es\\\/ca\\\/?s={search_term_string}\"},\"query-input\":{\"@type\":\"PropertyValueSpecification\",\"valueRequired\":true,\"valueName\":\"search_term_string\"}}],\"inLanguage\":\"ca\"},{\"@type\":\"Organization\",\"@id\":\"https:\\\/\\\/www.preventionshop.es\\\/ca\\\/#organization\",\"name\":\"Prevention Shop\",\"url\":\"https:\\\/\\\/www.preventionshop.es\\\/ca\\\/\",\"logo\":{\"@type\":\"ImageObject\",\"inLanguage\":\"ca\",\"@id\":\"https:\\\/\\\/www.preventionshop.es\\\/ca\\\/#\\\/schema\\\/logo\\\/image\\\/\",\"url\":\"https:\\\/\\\/www.preventionshop.es\\\/\\\/wp-content\\\/uploads\\\/2025\\\/12\\\/favi.png\",\"contentUrl\":\"https:\\\/\\\/www.preventionshop.es\\\/\\\/wp-content\\\/uploads\\\/2025\\\/12\\\/favi.png\",\"width\":512,\"height\":512,\"caption\":\"Prevention Shop\"},\"image\":{\"@id\":\"https:\\\/\\\/www.preventionshop.es\\\/ca\\\/#\\\/schema\\\/logo\\\/image\\\/\"},\"sameAs\":[\"https:\\\/\\\/www.facebook.com\\\/profile.php?id=100068991094376\",\"https:\\\/\\\/x.com\\\/PreventionShop\",\"https:\\\/\\\/www.instagram.com\\\/preventionshop.es\\\/\"]}]}<\/script>\n<!-- \/ Yoast SEO plugin. -->","yoast_head_json":{"title":"Categories","description":"Les nostres Categories SI NO TROBA EL QUE NECESSITA, DIGUI'NS-HO! NOSALTRES ELS HI FACILITAREM. &nbsp; [product_categories number=\"24\" ids=\"35,39,38,34,37,36,41\" columns=\"4\" orderby=\"menu_order\" order=\"ASC\" hide_empty=\"1\"]","robots":{"index":"index","follow":"follow","max-snippet":"max-snippet:-1","max-image-preview":"max-image-preview:large","max-video-preview":"max-video-preview:-1"},"canonical":"Les nostres Categories SI NO TROBA EL QUE NECESSITA, DIGUI'NS-HO! NOSALTRES ELS HI FACILITAREM. &nbsp; [product_categories number=\"24\" ids=\"35,39,38,34,37,36,41\" columns=\"4\" orderby=\"menu_order\" order=\"ASC\" hide_empty=\"1\"]","og_locale":"ca_ES","og_type":"article","og_title":"Categories","og_description":"Les nostres Categories SI NO TROBA EL QUE NECESSITA, DIGUI'NS-HO! NOSALTRES ELS HI FACILITAREM. &nbsp; [product_categories number=\"24\" ids=\"35,39,38,34,37,36,41\" columns=\"4\" orderby=\"menu_order\" order=\"ASC\" hide_empty=\"1\"]","og_url":"https:\/\/www.preventionshop.es\/ca\/categories\/","og_site_name":"Prevention Shop","article_publisher":"https:\/\/www.facebook.com\/profile.php?id=100068991094376","article_modified_time":"2025-11-18T11:48:46+00:00","twitter_card":"summary_large_image","twitter_site":"@PreventionShop","schema":{"@context":"https:\/\/schema.org","@graph":[{"@type":"WebPage","@id":"https:\/\/www.preventionshop.es\/ca\/categories\/","url":"https:\/\/www.preventionshop.es\/ca\/categories\/","name":"Categorias - Prevention Shop","isPartOf":{"@id":"https:\/\/www.preventionshop.es\/#website"},"datePublished":"2021-02-10T13:29:59+00:00","dateModified":"2025-11-18T11:48:46+00:00","description":"Botiga en l\u00ednia amb els millors productes per poder resoldre les auditories necess\u00e0ries de la ind\u00fastria moderna. No Brady, Seton, Lock Out Tag Out de Master Lock.","breadcrumb":{"@id":"https:\/\/www.preventionshop.es\/ca\/categories\/#breadcrumb"},"inLanguage":"ca","potentialAction":[{"@type":"ReadAction","target":["https:\/\/www.preventionshop.es\/ca\/categories\/"]}]},{"@type":"BreadcrumbList","@id":"https:\/\/www.preventionshop.es\/ca\/categories\/#breadcrumb","itemListElement":[{"@type":"ListItem","position":1,"name":"Inici - Prevention Shop","item":"https:\/\/www.preventionshop.es\/"},{"@type":"ListItem","position":2,"name":"Categories"}]},{"@type":"WebSite","@id":"https:\/\/www.preventionshop.es\/ca\/#website","url":"https:\/\/www.preventionshop.es\/ca\/","name":"Prevention Shop","description":"Etiquetas y carteles","publisher":{"@id":"https:\/\/www.preventionshop.es\/ca\/#organization"},"alternateName":"Etiquetas y carteles","potentialAction":[{"@type":"SearchAction","target":{"@type":"EntryPoint","urlTemplate":"https:\/\/www.preventionshop.es\/ca\/?s={search_term_string}"},"query-input":{"@type":"PropertyValueSpecification","valueRequired":true,"valueName":"search_term_string"}}],"inLanguage":"ca"},{"@type":"Organization","@id":"https:\/\/www.preventionshop.es\/ca\/#organization","name":"Prevention Shop","url":"https:\/\/www.preventionshop.es\/ca\/","logo":{"@type":"ImageObject","inLanguage":"ca","@id":"https:\/\/www.preventionshop.es\/ca\/#\/schema\/logo\/image\/","url":"https:\/\/www.preventionshop.es\/\/wp-content\/uploads\/2025\/12\/favi.png","contentUrl":"https:\/\/www.preventionshop.es\/\/wp-content\/uploads\/2025\/12\/favi.png","width":512,"height":512,"caption":"Prevention Shop"},"image":{"@id":"https:\/\/www.preventionshop.es\/ca\/#\/schema\/logo\/image\/"},"sameAs":["https:\/\/www.facebook.com\/profile.php?id=100068991094376","https:\/\/x.com\/PreventionShop","https:\/\/www.instagram.com\/preventionshop.es\/"]}]}},"_links":{"self":[{"href":"https:\/\/www.preventionshop.es\/ca\/wp-json\/wp\/v2\/pages\/542","targetHints":{"allow":["GET"]}}],"collection":[{"href":"https:\/\/www.preventionshop.es\/ca\/wp-json\/wp\/v2\/pages"}],"about":[{"href":"https:\/\/www.preventionshop.es\/ca\/wp-json\/wp\/v2\/types\/page"}],"author":[{"embeddable":true,"href":"https:\/\/www.preventionshop.es\/ca\/wp-json\/wp\/v2\/users\/1"}],"replies":[{"embeddable":true,"href":"https:\/\/www.preventionshop.es\/ca\/wp-json\/wp\/v2\/comments?post=542"}],"version-history":[{"count":31,"href":"https:\/\/www.preventionshop.es\/ca\/wp-json\/wp\/v2\/pages\/542\/revisions"}],"predecessor-version":[{"id":1907,"href":"https:\/\/www.preventionshop.es\/ca\/wp-json\/wp\/v2\/pages\/542\/revisions\/1907"}],"wp:attachment":[{"href":"https:\/\/www.preventionshop.es\/ca\/wp-json\/wp\/v2\/media?parent=542"}],"curies":[{"name":"wp","href":"https:\/\/api.w.org\/{rel}","templated":true}]}}