{"id":564,"date":"2021-02-10T15:28:26","date_gmt":"2021-02-10T15:28:26","guid":{"rendered":"https:\/\/www.cssigniter.com\/demos\/decorist\/?page_id=564"},"modified":"2026-01-24T07:13:16","modified_gmt":"2026-01-24T06:13:16","slug":"contacto-y-soporte","status":"publish","type":"page","link":"https:\/\/www.preventionshop.es\/ca\/contacte-i-suport\/","title":{"rendered":"Contacte i suport"},"content":{"rendered":"<div id=\"block-c5192e-1336-49\" class=\"wp-block-gutenbee-container block-c5192e-1336-49 row-reverse-tablet row-reverse-mobile\">\r\n<div class=\"wp-block-gutenbee-container-inner\">\r\n<div class=\"wp-block-gutenbee-container-row wp-block-gutenbee-container-lg\">\r\n\r\n\r\n<div class=\"wp-block-gutenbee-column block-15607d-2bc0-46\"><style>.wp-block-gutenbee-column.block-15607d-2bc0-46 { flex-basis: 66.66%; }<\/p>\r\n<p>      @media (max-width: 991px) {<br \/>        .wp-block-gutenbee-column.block-15607d-2bc0-46 { flex-basis: 100%; }<br \/>      }<\/p>\r\n<p>      @media (max-width: 575px) {<br \/>        .wp-block-gutenbee-column.block-15607d-2bc0-46 > .wp-block-gutenbee-column-content { margin-bottom: 20px; }<br \/>.wp-block-gutenbee-column.block-15607d-2bc0-46 { flex-basis: 100%; }<br \/>      }<\/style>\r\n<div class=\"wp-block-gutenbee-column-content\">\r\n\r\n\r\n<h2 id=\"block-ec21c0-a622-4e\" class=\"wp-block-gutenbee-heading block-ec21c0-a622-4e\">Pot deixar-nos un missatge<\/h2>\r\n\r\n\r\n\r\n<div class=\"wp-block-contact-form-7-contact-form-selector\">\n<div class=\"wpcf7 no-js\" id=\"wpcf7-f3239-o1\" lang=\"es-ES\" dir=\"ltr\" data-wpcf7-id=\"3239\">\n<div class=\"screen-reader-response\"><p role=\"status\" aria-live=\"polite\" aria-atomic=\"true\"><\/p> <ul><\/ul><\/div>\n<form action=\"\/ca\/wp-json\/wp\/v2\/pages\/564#wpcf7-f3239-o1\" method=\"post\" class=\"wpcf7-form init\" aria-label=\"Formulario de contacto\" novalidate=\"novalidate\" data-status=\"init\">\n<fieldset class=\"hidden-fields-container\"><input type=\"hidden\" name=\"_wpcf7\" value=\"3239\" \/><input type=\"hidden\" name=\"_wpcf7_version\" value=\"6.1.5\" \/><input type=\"hidden\" name=\"_wpcf7_locale\" value=\"es_ES\" \/><input type=\"hidden\" name=\"_wpcf7_unit_tag\" value=\"wpcf7-f3239-o1\" \/><input type=\"hidden\" name=\"_wpcf7_container_post\" value=\"0\" \/><input type=\"hidden\" name=\"_wpcf7_posted_data_hash\" value=\"\" \/><input type=\"hidden\" name=\"_wpcf7_recaptcha_response\" value=\"\" \/>\n<\/fieldset>\n<p><label> Nom<br \/>\n<span class=\"wpcf7-form-control-wrap\" data-name=\"your-name\"><input size=\"40\" maxlength=\"400\" class=\"wpcf7-form-control wpcf7-text wpcf7-validates-as-required\" autocomplete=\"name\" aria-required=\"true\" aria-invalid=\"false\" value=\"\" type=\"text\" name=\"your-name\" \/><\/span> <\/label>\n<\/p>\n<p><label> Correo electr\u00f2nic<br \/>\n<span class=\"wpcf7-form-control-wrap\" data-name=\"your-email\"><input size=\"40\" maxlength=\"400\" class=\"wpcf7-form-control wpcf7-email wpcf7-validates-as-required wpcf7-text wpcf7-validates-as-email\" autocomplete=\"email\" aria-required=\"true\" aria-invalid=\"false\" value=\"\" type=\"email\" name=\"your-email\" \/><\/span> <\/label>\n<\/p>\n<p><label> Assumpte<br \/>\n<span class=\"wpcf7-form-control-wrap\" data-name=\"your-subject\"><input size=\"40\" maxlength=\"400\" class=\"wpcf7-form-control wpcf7-text wpcf7-validates-as-required\" aria-required=\"true\" aria-invalid=\"false\" value=\"\" type=\"text\" name=\"your-subject\" \/><\/span> <\/label>\n<\/p>\n<p><label> Missatge<br \/>\n<span class=\"wpcf7-form-control-wrap\" data-name=\"your-message\"><textarea cols=\"40\" rows=\"10\" maxlength=\"2000\" class=\"wpcf7-form-control wpcf7-textarea wpcf7-validates-as-required\" aria-required=\"true\" aria-invalid=\"false\" name=\"your-message\"><\/textarea><\/span> <\/label>\n<\/p>\n<p><span class=\"wpcf7-form-control-wrap\" data-name=\"acceptance-49\"><span class=\"wpcf7-form-control wpcf7-acceptance\"><span class=\"wpcf7-list-item\"><label><input type=\"checkbox\" name=\"acceptance-49\" value=\"1\" aria-invalid=\"false\" \/><span class=\"wpcf7-list-item-label\">He llegit i accepto la <a href=\"\/ca\/termes-i-condicions-d-us\/\">pol\u00edtica de privacitat<\/a><\/span><\/label><\/span><\/span><\/span>\n<\/p>\n<p><input class=\"wpcf7-form-control wpcf7-submit has-spinner\" type=\"submit\" value=\"Enviar\" \/>\n<\/p><div class=\"wpcf7-response-output\" aria-hidden=\"true\"><\/div>\n<\/form>\n<\/div>\n<\/div>\r\n\r\n\r\n<\/div>\r\n<\/div>\r\n\r\n\r\n\r\n<div class=\"wp-block-gutenbee-column block-1be5c8-34a8-46\"><style>.wp-block-gutenbee-column.block-1be5c8-34a8-46 { flex-basis: 33.33%; }<\/p>\r\n<p>      @media (max-width: 991px) {<br \/>        .wp-block-gutenbee-column.block-1be5c8-34a8-46 > .wp-block-gutenbee-column-content { margin-bottom: 30px; }<br \/>.wp-block-gutenbee-column.block-1be5c8-34a8-46 { flex-basis: 100%; }<br \/>      }<\/p>\r\n<p>      @media (max-width: 575px) {<br \/>        .wp-block-gutenbee-column.block-1be5c8-34a8-46 { flex-basis: 100%; }<br \/>      }<\/style>\r\n<div class=\"wp-block-gutenbee-column-content\">\r\n\r\n\r\n<figure id=\"block-29da9d-6b47-40\" class=\"wp-block-gutenbee-image block-29da9d-6b47-40\"><style>.wp-block-gutenbee-image.block-29da9d-6b47-40 img { width: 190px; }<br \/>.wp-block-gutenbee-image.block-29da9d-6b47-40 { margin-bottom: 30px; }<\/style><img decoding=\"async\" class=\"wp-image-499\" src=\"http:\/\/www.preventionshop.es\/\/wp-content\/uploads\/2021\/02\/decorist_logo3.png\" alt=\"\" \/><\/figure>\r\n\r\n\r\n\r\n<p id=\"block-44bf89-34c0-43\" class=\"wp-block-gutenbee-paragraph block-44bf89-34c0-43\">Dubtes? Truqui&#8217;ns al:<\/p>\r\n\r\n<style>.wp-block-gutenbee-paragraph.block-44bf89-34c0-43 { margin-bottom: 0px; }<\/style>\r\n\r\n\r\n<p style=\"font-size: 21px;\"><strong>+34 607 680 742<\/strong><\/p>\r\n\r\n\r\n\r\n<p id=\"block-42fe08-1eea-44\" class=\"wp-block-gutenbee-paragraph block-42fe08-1eea-44\">La nostra adre\u00e7a:<\/p>\r\n\r\n<style>.wp-block-gutenbee-paragraph.block-42fe08-1eea-44 { margin-bottom: 0px; }<\/style>\r\n\r\n\r\n<p class=\"has-normal-font-size\"><strong>C\/ Tramuntana, 20\r\n17141 Bellcaire d\u2019Empord\u00e0<\/strong><\/p>\r\n\r\n\r\n<\/div>\r\n<\/div>\r\n\r\n\r\n<\/div>\r\n<\/div>\r\n<div class=\"wp-block-gutenbee-container-background\" data-parallax-speed=\"0.3\">&nbsp;<\/div>\r\n<\/div>\r\n<!-- \/wp:post-content -->\r\n\r\n<!-- wp:paragraph {\"style\":{\"typography\":{\"fontSize\":26}}} -->\r\n\r\n<!-- \/wp:paragraph -->\r\n\r\n<!-- wp:paragraph -->\r\n\r\n<!-- \/wp:paragraph -->","protected":false},"excerpt":{"rendered":"<p>Pot deixar-nos un missatge Nom Correo electr\u00f2nic Assumpte Missatge He llegit i accepto la pol\u00edtica de privacitat Dubtes? Truqui&#8217;ns al: +34 607 680 742 La nostra adre\u00e7a: C\/ Tramuntana, 20 17141 Bellcaire d\u2019Empord\u00e0 &nbsp;<\/p>\n","protected":false},"author":1,"featured_media":0,"parent":0,"menu_order":0,"comment_status":"closed","ping_status":"closed","template":"templates\/template-fullwidth-boxed.php","meta":{"inline_featured_image":false,"footnotes":""},"class_list":["post-564","page","type-page","status-publish","hentry"],"yoast_head":"<!-- This site is optimized with the Yoast SEO plugin v27.5 - https:\/\/yoast.com\/product\/yoast-seo-wordpress\/ -->\n<title>Contacte i suport<\/title>\n<meta name=\"description\" content=\"Pot deixar-nos un missatge [contact-form-7 id=&quot;16edc45&quot; title=&quot;Formulari de contacte&quot;] Dubtes? Truqui&#039;ns al: +34 607 680 742 La nostra adre\u00e7a: C\/ Tramuntana, 20 17141 Bellcaire d\u2019Empord\u00e0 &nbsp;\" \/>\n<meta name=\"robots\" content=\"index, follow, max-snippet:-1, max-image-preview:large, max-video-preview:-1\" \/>\n<link rel=\"canonical\" href=\"\" \/>\n<meta property=\"og:locale\" content=\"ca_ES\" \/>\n<meta property=\"og:type\" content=\"article\" \/>\n<meta property=\"og:title\" content=\"Contacte i suport\" \/>\n<meta property=\"og:description\" content=\"Pot deixar-nos un missatge [contact-form-7 id=&quot;16edc45&quot; title=&quot;Formulari de contacte&quot;] Dubtes? Truqui&#039;ns al: +34 607 680 742 La nostra adre\u00e7a: C\/ Tramuntana, 20 17141 Bellcaire d\u2019Empord\u00e0 &nbsp;\" \/>\n<meta property=\"og:url\" content=\"https:\/\/www.preventionshop.es\/ca\/contacte-i-suport\/\" \/>\n<meta property=\"og:site_name\" content=\"Prevention Shop\" \/>\n<meta property=\"article:publisher\" content=\"https:\/\/www.facebook.com\/profile.php?id=100068991094376\" \/>\n<meta property=\"article:modified_time\" content=\"2026-01-24T06:13:16+00:00\" \/>\n<meta property=\"og:image\" content=\"http:\/\/www.preventionshop.es\/\/wp-content\/uploads\/2021\/02\/decorist_logo3.png\" \/>\n<meta name=\"twitter:card\" content=\"summary_large_image\" \/>\n<meta name=\"twitter:site\" content=\"@PreventionShop\" \/>\n<meta name=\"twitter:label1\" content=\"Temps estimat de lectura\" \/>\n\t<meta name=\"twitter:data1\" content=\"1 minut\" \/>\n<script type=\"application\/ld+json\" class=\"yoast-schema-graph\">{\"@context\":\"https:\\\/\\\/schema.org\",\"@graph\":[{\"@type\":\"WebPage\",\"@id\":\"https:\\\/\\\/www.preventionshop.es\\\/ca\\\/contacte-i-suport\\\/\",\"url\":\"https:\\\/\\\/www.preventionshop.es\\\/ca\\\/contacte-i-suport\\\/\",\"name\":\"Contacto y soporte - Prevention Shop\",\"isPartOf\":{\"@id\":\"https:\\\/\\\/www.preventionshop.es\\\/#website\"},\"primaryImageOfPage\":{\"@id\":\"https:\\\/\\\/www.preventionshop.es\\\/ca\\\/contacte-i-suport\\\/#primaryimage\"},\"image\":{\"@id\":\"https:\\\/\\\/www.preventionshop.es\\\/ca\\\/contacte-i-suport\\\/#primaryimage\"},\"thumbnailUrl\":\"http:\\\/\\\/www.preventionshop.es\\\/\\\/wp-content\\\/uploads\\\/2021\\\/02\\\/decorist_logo3.png\",\"datePublished\":\"2021-02-10T15:28:26+00:00\",\"dateModified\":\"2026-01-24T06:13:16+00:00\",\"description\":\"Tienda online con los mejores productos para poder solventar las auditor\u00edas necesarias de la industria moderna. No Brady, Seton, Lock Out Tag Out de Master Lock.\",\"breadcrumb\":{\"@id\":\"https:\\\/\\\/www.preventionshop.es\\\/ca\\\/contacte-i-suport\\\/#breadcrumb\"},\"inLanguage\":\"ca\",\"potentialAction\":[{\"@type\":\"ReadAction\",\"target\":[\"https:\\\/\\\/www.preventionshop.es\\\/ca\\\/contacte-i-suport\\\/\"]}]},{\"@type\":\"ImageObject\",\"inLanguage\":\"ca\",\"@id\":\"https:\\\/\\\/www.preventionshop.es\\\/ca\\\/contacte-i-suport\\\/#primaryimage\",\"url\":\"http:\\\/\\\/www.preventionshop.es\\\/\\\/wp-content\\\/uploads\\\/2021\\\/02\\\/decorist_logo3.png\",\"contentUrl\":\"http:\\\/\\\/www.preventionshop.es\\\/\\\/wp-content\\\/uploads\\\/2021\\\/02\\\/decorist_logo3.png\"},{\"@type\":\"BreadcrumbList\",\"@id\":\"https:\\\/\\\/www.preventionshop.es\\\/ca\\\/contacte-i-suport\\\/#breadcrumb\",\"itemListElement\":[{\"@type\":\"ListItem\",\"position\":1,\"name\":\"Inici - Prevention Shop\",\"item\":\"https:\\\/\\\/www.preventionshop.es\\\/\"},{\"@type\":\"ListItem\",\"position\":2,\"name\":\"Contacte i suport\"}]},{\"@type\":\"WebSite\",\"@id\":\"https:\\\/\\\/www.preventionshop.es\\\/ca\\\/#website\",\"url\":\"https:\\\/\\\/www.preventionshop.es\\\/ca\\\/\",\"name\":\"Prevention Shop\",\"description\":\"Etiquetas y carteles\",\"publisher\":{\"@id\":\"https:\\\/\\\/www.preventionshop.es\\\/ca\\\/#organization\"},\"alternateName\":\"Etiquetas y carteles\",\"potentialAction\":[{\"@type\":\"SearchAction\",\"target\":{\"@type\":\"EntryPoint\",\"urlTemplate\":\"https:\\\/\\\/www.preventionshop.es\\\/ca\\\/?s={search_term_string}\"},\"query-input\":{\"@type\":\"PropertyValueSpecification\",\"valueRequired\":true,\"valueName\":\"search_term_string\"}}],\"inLanguage\":\"ca\"},{\"@type\":\"Organization\",\"@id\":\"https:\\\/\\\/www.preventionshop.es\\\/ca\\\/#organization\",\"name\":\"Prevention Shop\",\"url\":\"https:\\\/\\\/www.preventionshop.es\\\/ca\\\/\",\"logo\":{\"@type\":\"ImageObject\",\"inLanguage\":\"ca\",\"@id\":\"https:\\\/\\\/www.preventionshop.es\\\/ca\\\/#\\\/schema\\\/logo\\\/image\\\/\",\"url\":\"https:\\\/\\\/www.preventionshop.es\\\/\\\/wp-content\\\/uploads\\\/2025\\\/12\\\/favi.png\",\"contentUrl\":\"https:\\\/\\\/www.preventionshop.es\\\/\\\/wp-content\\\/uploads\\\/2025\\\/12\\\/favi.png\",\"width\":512,\"height\":512,\"caption\":\"Prevention Shop\"},\"image\":{\"@id\":\"https:\\\/\\\/www.preventionshop.es\\\/ca\\\/#\\\/schema\\\/logo\\\/image\\\/\"},\"sameAs\":[\"https:\\\/\\\/www.facebook.com\\\/profile.php?id=100068991094376\",\"https:\\\/\\\/x.com\\\/PreventionShop\",\"https:\\\/\\\/www.instagram.com\\\/preventionshop.es\\\/\"]}]}<\/script>\n<!-- \/ Yoast SEO plugin. -->","yoast_head_json":{"title":"Contacte i suport","description":"Pot deixar-nos un missatge [contact-form-7 id=\"16edc45\" title=\"Formulari de contacte\"] Dubtes? Truqui'ns al: +34 607 680 742 La nostra adre\u00e7a: C\/ Tramuntana, 20 17141 Bellcaire d\u2019Empord\u00e0 &nbsp;","robots":{"index":"index","follow":"follow","max-snippet":"max-snippet:-1","max-image-preview":"max-image-preview:large","max-video-preview":"max-video-preview:-1"},"canonical":"Pot deixar-nos un missatge [contact-form-7 id=\"16edc45\" title=\"Formulari de contacte\"] Dubtes? Truqui'ns al:  34 607 680 742 La nostra adre\u00e7a: C\/ Tramuntana, 20 17141 Bellcaire d\u2019Empord\u00e0 &nbsp;","og_locale":"ca_ES","og_type":"article","og_title":"Contacte i suport","og_description":"Pot deixar-nos un missatge [contact-form-7 id=\"16edc45\" title=\"Formulari de contacte\"] Dubtes? Truqui'ns al: +34 607 680 742 La nostra adre\u00e7a: C\/ Tramuntana, 20 17141 Bellcaire d\u2019Empord\u00e0 &nbsp;","og_url":"https:\/\/www.preventionshop.es\/ca\/contacte-i-suport\/","og_site_name":"Prevention Shop","article_publisher":"https:\/\/www.facebook.com\/profile.php?id=100068991094376","article_modified_time":"2026-01-24T06:13:16+00:00","og_image":[{"url":"http:\/\/www.preventionshop.es\/\/wp-content\/uploads\/2021\/02\/decorist_logo3.png","type":"","width":"","height":""}],"twitter_card":"summary_large_image","twitter_site":"@PreventionShop","twitter_misc":{"Temps estimat de lectura":"1 minut"},"schema":{"@context":"https:\/\/schema.org","@graph":[{"@type":"WebPage","@id":"https:\/\/www.preventionshop.es\/ca\/contacte-i-suport\/","url":"https:\/\/www.preventionshop.es\/ca\/contacte-i-suport\/","name":"Contacto y soporte - Prevention Shop","isPartOf":{"@id":"https:\/\/www.preventionshop.es\/#website"},"primaryImageOfPage":{"@id":"https:\/\/www.preventionshop.es\/ca\/contacte-i-suport\/#primaryimage"},"image":{"@id":"https:\/\/www.preventionshop.es\/ca\/contacte-i-suport\/#primaryimage"},"thumbnailUrl":"http:\/\/www.preventionshop.es\/\/wp-content\/uploads\/2021\/02\/decorist_logo3.png","datePublished":"2021-02-10T15:28:26+00:00","dateModified":"2026-01-24T06:13:16+00:00","description":"Tienda online con los mejores productos para poder solventar las auditor\u00edas necesarias de la industria moderna. No Brady, Seton, Lock Out Tag Out de Master Lock.","breadcrumb":{"@id":"https:\/\/www.preventionshop.es\/ca\/contacte-i-suport\/#breadcrumb"},"inLanguage":"ca","potentialAction":[{"@type":"ReadAction","target":["https:\/\/www.preventionshop.es\/ca\/contacte-i-suport\/"]}]},{"@type":"ImageObject","inLanguage":"ca","@id":"https:\/\/www.preventionshop.es\/ca\/contacte-i-suport\/#primaryimage","url":"http:\/\/www.preventionshop.es\/\/wp-content\/uploads\/2021\/02\/decorist_logo3.png","contentUrl":"http:\/\/www.preventionshop.es\/\/wp-content\/uploads\/2021\/02\/decorist_logo3.png"},{"@type":"BreadcrumbList","@id":"https:\/\/www.preventionshop.es\/ca\/contacte-i-suport\/#breadcrumb","itemListElement":[{"@type":"ListItem","position":1,"name":"Inici - Prevention Shop","item":"https:\/\/www.preventionshop.es\/"},{"@type":"ListItem","position":2,"name":"Contacte i suport"}]},{"@type":"WebSite","@id":"https:\/\/www.preventionshop.es\/ca\/#website","url":"https:\/\/www.preventionshop.es\/ca\/","name":"Prevention Shop","description":"Etiquetas y carteles","publisher":{"@id":"https:\/\/www.preventionshop.es\/ca\/#organization"},"alternateName":"Etiquetas y carteles","potentialAction":[{"@type":"SearchAction","target":{"@type":"EntryPoint","urlTemplate":"https:\/\/www.preventionshop.es\/ca\/?s={search_term_string}"},"query-input":{"@type":"PropertyValueSpecification","valueRequired":true,"valueName":"search_term_string"}}],"inLanguage":"ca"},{"@type":"Organization","@id":"https:\/\/www.preventionshop.es\/ca\/#organization","name":"Prevention Shop","url":"https:\/\/www.preventionshop.es\/ca\/","logo":{"@type":"ImageObject","inLanguage":"ca","@id":"https:\/\/www.preventionshop.es\/ca\/#\/schema\/logo\/image\/","url":"https:\/\/www.preventionshop.es\/\/wp-content\/uploads\/2025\/12\/favi.png","contentUrl":"https:\/\/www.preventionshop.es\/\/wp-content\/uploads\/2025\/12\/favi.png","width":512,"height":512,"caption":"Prevention Shop"},"image":{"@id":"https:\/\/www.preventionshop.es\/ca\/#\/schema\/logo\/image\/"},"sameAs":["https:\/\/www.facebook.com\/profile.php?id=100068991094376","https:\/\/x.com\/PreventionShop","https:\/\/www.instagram.com\/preventionshop.es\/"]}]}},"_links":{"self":[{"href":"https:\/\/www.preventionshop.es\/ca\/wp-json\/wp\/v2\/pages\/564","targetHints":{"allow":["GET"]}}],"collection":[{"href":"https:\/\/www.preventionshop.es\/ca\/wp-json\/wp\/v2\/pages"}],"about":[{"href":"https:\/\/www.preventionshop.es\/ca\/wp-json\/wp\/v2\/types\/page"}],"author":[{"embeddable":true,"href":"https:\/\/www.preventionshop.es\/ca\/wp-json\/wp\/v2\/users\/1"}],"replies":[{"embeddable":true,"href":"https:\/\/www.preventionshop.es\/ca\/wp-json\/wp\/v2\/comments?post=564"}],"version-history":[{"count":8,"href":"https:\/\/www.preventionshop.es\/ca\/wp-json\/wp\/v2\/pages\/564\/revisions"}],"predecessor-version":[{"id":3381,"href":"https:\/\/www.preventionshop.es\/ca\/wp-json\/wp\/v2\/pages\/564\/revisions\/3381"}],"wp:attachment":[{"href":"https:\/\/www.preventionshop.es\/ca\/wp-json\/wp\/v2\/media?parent=564"}],"curies":[{"name":"wp","href":"https:\/\/api.w.org\/{rel}","templated":true}]}}