{"id":576,"date":"2021-02-10T15:54:56","date_gmt":"2021-02-10T15:54:56","guid":{"rendered":"https:\/\/www.cssigniter.com\/demos\/decorist\/?page_id=576"},"modified":"2025-11-18T10:33:13","modified_gmt":"2025-11-18T09:33:13","slug":"terminos-y-condiciones-de-uso","status":"publish","type":"page","link":"https:\/\/www.preventionshop.es\/ca\/termes-i-condicions-d-us\/","title":{"rendered":"Termes i condicions d'\u00fas"},"content":{"rendered":"<p style=\"text-align: justify;\">\nAquests termes i condicions legals regulen l\u2019\u00fas legal perm\u00e8s de la p\u00e0gina amb URL &#8220;http:\/\/www.preventionshop.es&#8221;.\n<\/p>\n<p style=\"text-align: justify;\"><strong>Propietat intel\u00b7lectual i industrial<\/strong><\/p>\n<p style=\"text-align: justify;\">\nEls textos, imatges, logotips, signes distintius, sons, animacions, v\u00eddeos, codi font i la resta de continguts inclosos en aquest lloc web s\u00f3n propietat de preventionshop.es o, si escau, disposa del dret d\u2019\u00fas dels mateixos. Qualsevol transmissi\u00f3, distribuci\u00f3, reproducci\u00f3 o emmagatzematge, total o parcial, dels continguts allotjats en aquest web queda expressament prohibit, excepte amb el consentiment previ i expr\u00e9s del titular. No obstant aix\u00f2, els usuaris podran dur a terme la reproducci\u00f3 o l\u2019emmagatzematge dels continguts del lloc web per al seu \u00fas exclusivament personal, quedant expressa i terminantment prohibida la reproducci\u00f3 d\u2019elements o continguts d\u2019aquest lloc web amb \u00e0nim de lucre o amb finalitats comercials.\n<\/p>\n<p style=\"text-align: justify;\"><strong>Condicions d\u2019acc\u00e9s<\/strong><\/p>\n<p style=\"text-align: justify;\">\nAquestes condicions generals regulen l\u2019acc\u00e9s i la utilitzaci\u00f3 del web www.preventionshop.es que el propietari del web posa gratu\u00eftament a disposici\u00f3 dels usuaris d\u2019Internet. L\u2019acc\u00e9s al mateix implica la seva acceptaci\u00f3 sense reserves. La utilitzaci\u00f3 de determinats serveis, la compra de productes o la participaci\u00f3 en promocions o ofertes en aquest lloc es regiran, a m\u00e9s, per les condicions particulars previstes en cada cas, les quals s\u2019entendran acceptades pel mer \u00fas d\u2019aquests serveis.\n<\/p>\n<p style=\"text-align: justify;\">\nPreventionshop.es es reserva la facultat d\u2019efectuar, en qualsevol moment i sense necessitat de previ av\u00eds, modificacions i actualitzacions de la informaci\u00f3 continguda al web, de la seva configuraci\u00f3 i presentaci\u00f3, aix\u00ed com de les condicions d\u2019acc\u00e9s i de contractaci\u00f3, etc.\n<\/p>\n<p style=\"text-align: justify;\">\nL\u2019empresa responsable del web no garanteix la inexist\u00e8ncia d\u2019interrupcions o errors en l\u2019acc\u00e9s a la p\u00e0gina o al seu contingut, ni que aquest estigui actualitzat o lliure de virus o de qualsevol altre element que pugui produir alteracions en el sistema inform\u00e0tic de l\u2019usuari. Preventionshop.es declina qualsevol responsabilitat contractual o extracontractual amb la persona o empresa que en faci \u00fas i que pateixi perjudicis de qualsevol naturalesa ocasionats per virus inform\u00e0tics o per elements inform\u00e0tics de qualsevol mena.\n<\/p>\n<p style=\"text-align: justify;\">\nEl titular del web no respondr\u00e0 de cap conseq\u00fc\u00e8ncia, dany o perjudici que es pugui derivar de l\u2019\u00fas no consentit de la informaci\u00f3 continguda en el mateix ni dels derivats dels serveis i opinions efectuats per tercers.\n<\/p>\n<p style=\"text-align: justify;\"><strong>Responsabilitat d\u2019accessos directes<\/strong><\/p>\n<p style=\"text-align: justify;\">\nL\u2019empresa responsable del lloc web declina qualsevol responsabilitat pels serveis i\/o informaci\u00f3 que es presti en altres p\u00e0gines enlla\u00e7ades amb aquest web. Preventionshop.es no controla ni exerceix cap tipus de supervisi\u00f3 sobre aquestes, tot i incloure-hi l\u2019enlla\u00e7 amb la creen\u00e7a que aquests continguts compleixen la legislaci\u00f3 aplicable.\n<\/p>\n<p style=\"text-align: justify;\">\nNo obstant aix\u00f2, la utilitzaci\u00f3 d\u2019enlla\u00e7os a altres p\u00e0gines no suposa en cap cas responsabilitzaci\u00f3 ni apropiaci\u00f3 del contingut de les mateixes, ni que s\u2019exerceixi cap tasca de supervisi\u00f3 o aprovaci\u00f3 dels canvis o informacions que s\u2019hi realitzin. Preventionshop.es no respon ni es fa c\u00e0rrec de cap tipus de responsabilitat pels danys i perjudicis que puguin estar relacionats amb el funcionament, la disponibilitat i la continu\u00eftat dels llocs enlla\u00e7ats.\n<\/p>\n<p style=\"text-align: justify;\"><strong>Pagaments<\/strong><\/p>\n<p style=\"text-align: justify;\">\nEls mitjans de pagament PayPal i amb targeta de cr\u00e8dit poden trigar uns minuts des que es realitza el pagament fins que el sistema els fa efectius i, per tant, els mostra com a pagats. En canvi, la transfer\u00e8ncia banc\u00e0ria ha de ser comprovada manualment i, depenent del banc, pot trigar entre dos i cinc dies.\n<\/p>\n<p style=\"text-align: justify;\">\nPer a qualsevol consulta o aclariment, no dubtis a posar-te en contacte amb nosaltres mitjan\u00e7ant el formulari de contacte.\n<\/p>\n<p style=\"text-align: justify;\"><strong>Protecci\u00f3 de dades<\/strong><\/p>\n<p style=\"text-align: justify;\">\nEn compliment del que estableix la Llei 34\/2002, de Serveis de la Societat de la Informaci\u00f3 i del Comer\u00e7 Electr\u00f2nic, la Llei org\u00e0nica 15\/1999, de 13 de desembre, de Protecci\u00f3 de Dades de Car\u00e0cter Personal, i els seus reglaments de desplegament, preventionshop.es informa que les dades de car\u00e0cter personal facilitades a trav\u00e9s dels formularis de registre s\u2019incorporaran a un fitxer per al seu tractament automatitzat, amb la finalitat de prestar i oferir els nostres productes, serveis i promocions, atorgant-se, per tant, el consentiment expr\u00e9s per a la recepci\u00f3 de comunicacions comercials per via electr\u00f2nica en els estrictes termes recollits en les presents condicions legals.\n<\/p>\n<p style=\"text-align: justify;\">\nLes dades recollides seran emmagatzemades en un fitxer inscrit a l\u2019Ag\u00e8ncia de Protecci\u00f3 de Dades, sota la confidencialitat i les mesures de seguretat legalment establertes, i no seran cedides ni compartides amb empreses ni entitats alienes al responsable legal del web www.preventionshop.es.\n<\/p>\n<p style=\"text-align: justify;\">\nAix\u00ed mateix, us informem que podreu exercir els drets d\u2019acc\u00e9s, cancel\u00b7laci\u00f3, rectificaci\u00f3 o oposici\u00f3 posant-vos en contacte amb nosaltres mitjan\u00e7ant el formulari de contacte d\u2019aquest web o b\u00e9 trucant al tel\u00e8fon 972 105 374. Tamb\u00e9 podeu enviar la sol\u00b7licitud per correu postal a preventionshop.es, C\/ Tramontana, 20, 17141 Bellcaire d\u2019Empord\u00e0 &#8211; Girona.\n<\/p>\n<p style=\"text-align: justify;\">\nEl titular del lloc web pot oferir serveis o productes que podran estar sotmesos a unes condicions particulars pr\u00f2pies que, segons els casos, substitueixin, completin i\/o modifiquin les presents condicions, i sobre les quals s\u2019informar\u00e0 l\u2019usuari en cada cas concret.<\/p>\n","protected":false},"excerpt":{"rendered":"<p>Aquests termes i condicions legals regulen l\u2019\u00fas legal perm\u00e8s de la p\u00e0gina amb URL &#8220;http:\/\/www.preventionshop.es&#8221;. Propietat intel\u00b7lectual i industrial Els textos, imatges, logotips, signes distintius, sons, animacions, v\u00eddeos, codi font i la resta de continguts [&hellip;]<\/p>\n","protected":false},"author":1,"featured_media":0,"parent":0,"menu_order":0,"comment_status":"closed","ping_status":"closed","template":"templates\/template-fullwidth-boxed.php","meta":{"inline_featured_image":false,"footnotes":""},"class_list":["post-576","page","type-page","status-publish","hentry"],"yoast_head":"<!-- This site is optimized with the Yoast SEO plugin v27.5 - https:\/\/yoast.com\/product\/yoast-seo-wordpress\/ -->\n<title>Termes i condicions d&#039;\u00fas<\/title>\n<meta name=\"description\" content=\"Aquests termes i condicions legals regulen l\u2019\u00fas legal perm\u00e8s de la p\u00e0gina amb URL &quot;http:\/\/www.preventionshop.es&quot;. Propietat intel\u00b7lectual i industrial Els textos, imatges, logotips, signes distintius, sons, animacions, v\u00eddeos, codi font i la resta de continguts inclosos en aquest lloc web s\u00f3n propietat de preventionshop.es o, si escau, disposa del dret d\u2019\u00fas dels mateixos. Qualsevol transmissi\u00f3,&hellip;\" \/>\n<meta name=\"robots\" content=\"index, follow, max-snippet:-1, max-image-preview:large, max-video-preview:-1\" \/>\n<link rel=\"canonical\" href=\"\" \/>\n<meta property=\"og:locale\" content=\"ca_ES\" \/>\n<meta property=\"og:type\" content=\"article\" \/>\n<meta property=\"og:title\" content=\"Termes i condicions d&#039;\u00fas\" \/>\n<meta property=\"og:description\" content=\"Aquests termes i condicions legals regulen l\u2019\u00fas legal perm\u00e8s de la p\u00e0gina amb URL &quot;http:\/\/www.preventionshop.es&quot;. Propietat intel\u00b7lectual i industrial Els textos, imatges, logotips, signes distintius, sons, animacions, v\u00eddeos, codi font i la resta de continguts inclosos en aquest lloc web s\u00f3n propietat de preventionshop.es o, si escau, disposa del dret d\u2019\u00fas dels mateixos. Qualsevol transmissi\u00f3,&hellip;\" \/>\n<meta property=\"og:url\" content=\"https:\/\/www.preventionshop.es\/ca\/termes-i-condicions-d-us\/\" \/>\n<meta property=\"og:site_name\" content=\"Prevention Shop\" \/>\n<meta property=\"article:publisher\" content=\"https:\/\/www.facebook.com\/profile.php?id=100068991094376\" \/>\n<meta property=\"article:modified_time\" content=\"2025-11-18T09:33:13+00:00\" \/>\n<meta name=\"twitter:card\" content=\"summary_large_image\" \/>\n<meta name=\"twitter:site\" content=\"@PreventionShop\" \/>\n<meta name=\"twitter:label1\" content=\"Temps estimat de lectura\" \/>\n\t<meta name=\"twitter:data1\" content=\"4 minuts\" \/>\n<script type=\"application\/ld+json\" class=\"yoast-schema-graph\">{\"@context\":\"https:\\\/\\\/schema.org\",\"@graph\":[{\"@type\":\"WebPage\",\"@id\":\"https:\\\/\\\/www.preventionshop.es\\\/ca\\\/termes-i-condicions-d-us\\\/\",\"url\":\"https:\\\/\\\/www.preventionshop.es\\\/ca\\\/termes-i-condicions-d-us\\\/\",\"name\":\"T\u00e9rminos y condiciones de uso - Prevention Shop\",\"isPartOf\":{\"@id\":\"https:\\\/\\\/www.preventionshop.es\\\/#website\"},\"datePublished\":\"2021-02-10T15:54:56+00:00\",\"dateModified\":\"2025-11-18T09:33:13+00:00\",\"description\":\"Botiga en l\u00ednia amb els millors productes per poder resoldre les auditories necess\u00e0ries de la ind\u00fastria moderna. No Brady, Seton, Lock Out Tag Out de Master Lock.\",\"breadcrumb\":{\"@id\":\"https:\\\/\\\/www.preventionshop.es\\\/ca\\\/termes-i-condicions-d-us\\\/#breadcrumb\"},\"inLanguage\":\"ca\",\"potentialAction\":[{\"@type\":\"ReadAction\",\"target\":[\"https:\\\/\\\/www.preventionshop.es\\\/ca\\\/termes-i-condicions-d-us\\\/\"]}]},{\"@type\":\"BreadcrumbList\",\"@id\":\"https:\\\/\\\/www.preventionshop.es\\\/ca\\\/termes-i-condicions-d-us\\\/#breadcrumb\",\"itemListElement\":[{\"@type\":\"ListItem\",\"position\":1,\"name\":\"Inici - Prevention Shop\",\"item\":\"https:\\\/\\\/www.preventionshop.es\\\/\"},{\"@type\":\"ListItem\",\"position\":2,\"name\":\"Termes i condicions d'\u00fas\"}]},{\"@type\":\"WebSite\",\"@id\":\"https:\\\/\\\/www.preventionshop.es\\\/ca\\\/#website\",\"url\":\"https:\\\/\\\/www.preventionshop.es\\\/ca\\\/\",\"name\":\"Prevention Shop\",\"description\":\"Etiquetas y carteles\",\"publisher\":{\"@id\":\"https:\\\/\\\/www.preventionshop.es\\\/ca\\\/#organization\"},\"alternateName\":\"Etiquetas y carteles\",\"potentialAction\":[{\"@type\":\"SearchAction\",\"target\":{\"@type\":\"EntryPoint\",\"urlTemplate\":\"https:\\\/\\\/www.preventionshop.es\\\/ca\\\/?s={search_term_string}\"},\"query-input\":{\"@type\":\"PropertyValueSpecification\",\"valueRequired\":true,\"valueName\":\"search_term_string\"}}],\"inLanguage\":\"ca\"},{\"@type\":\"Organization\",\"@id\":\"https:\\\/\\\/www.preventionshop.es\\\/ca\\\/#organization\",\"name\":\"Prevention Shop\",\"url\":\"https:\\\/\\\/www.preventionshop.es\\\/ca\\\/\",\"logo\":{\"@type\":\"ImageObject\",\"inLanguage\":\"ca\",\"@id\":\"https:\\\/\\\/www.preventionshop.es\\\/ca\\\/#\\\/schema\\\/logo\\\/image\\\/\",\"url\":\"https:\\\/\\\/www.preventionshop.es\\\/\\\/wp-content\\\/uploads\\\/2025\\\/12\\\/favi.png\",\"contentUrl\":\"https:\\\/\\\/www.preventionshop.es\\\/\\\/wp-content\\\/uploads\\\/2025\\\/12\\\/favi.png\",\"width\":512,\"height\":512,\"caption\":\"Prevention Shop\"},\"image\":{\"@id\":\"https:\\\/\\\/www.preventionshop.es\\\/ca\\\/#\\\/schema\\\/logo\\\/image\\\/\"},\"sameAs\":[\"https:\\\/\\\/www.facebook.com\\\/profile.php?id=100068991094376\",\"https:\\\/\\\/x.com\\\/PreventionShop\",\"https:\\\/\\\/www.instagram.com\\\/preventionshop.es\\\/\"]}]}<\/script>\n<!-- \/ Yoast SEO plugin. -->","yoast_head_json":{"title":"Termes i condicions d'\u00fas","description":"Aquests termes i condicions legals regulen l\u2019\u00fas legal perm\u00e8s de la p\u00e0gina amb URL \"http:\/\/www.preventionshop.es\". Propietat intel\u00b7lectual i industrial Els textos, imatges, logotips, signes distintius, sons, animacions, v\u00eddeos, codi font i la resta de continguts inclosos en aquest lloc web s\u00f3n propietat de preventionshop.es o, si escau, disposa del dret d\u2019\u00fas dels mateixos. Qualsevol transmissi\u00f3,&hellip;","robots":{"index":"index","follow":"follow","max-snippet":"max-snippet:-1","max-image-preview":"max-image-preview:large","max-video-preview":"max-video-preview:-1"},"canonical":"Aquests termes i condicions legals regulen l\u2019\u00fas legal perm\u00e8s de la p\u00e0gina amb URL \"http:\/\/www.preventionshop.es\". Propietat intel\u00b7lectual i industrial Els textos, imatges, logotips, signes distintius, sons, animacions, v\u00eddeos, codi font i la resta de continguts inclosos en aquest lloc web s\u00f3n propietat de preventionshop.es o, si escau, disposa del dret d\u2019\u00fas dels mateixos. Qualsevol transmissi\u00f3,&hellip;","og_locale":"ca_ES","og_type":"article","og_title":"Termes i condicions d'\u00fas","og_description":"Aquests termes i condicions legals regulen l\u2019\u00fas legal perm\u00e8s de la p\u00e0gina amb URL \"http:\/\/www.preventionshop.es\". Propietat intel\u00b7lectual i industrial Els textos, imatges, logotips, signes distintius, sons, animacions, v\u00eddeos, codi font i la resta de continguts inclosos en aquest lloc web s\u00f3n propietat de preventionshop.es o, si escau, disposa del dret d\u2019\u00fas dels mateixos. Qualsevol transmissi\u00f3,&hellip;","og_url":"https:\/\/www.preventionshop.es\/ca\/termes-i-condicions-d-us\/","og_site_name":"Prevention Shop","article_publisher":"https:\/\/www.facebook.com\/profile.php?id=100068991094376","article_modified_time":"2025-11-18T09:33:13+00:00","twitter_card":"summary_large_image","twitter_site":"@PreventionShop","twitter_misc":{"Temps estimat de lectura":"4 minuts"},"schema":{"@context":"https:\/\/schema.org","@graph":[{"@type":"WebPage","@id":"https:\/\/www.preventionshop.es\/ca\/termes-i-condicions-d-us\/","url":"https:\/\/www.preventionshop.es\/ca\/termes-i-condicions-d-us\/","name":"T\u00e9rminos y condiciones de uso - Prevention Shop","isPartOf":{"@id":"https:\/\/www.preventionshop.es\/#website"},"datePublished":"2021-02-10T15:54:56+00:00","dateModified":"2025-11-18T09:33:13+00:00","description":"Botiga en l\u00ednia amb els millors productes per poder resoldre les auditories necess\u00e0ries de la ind\u00fastria moderna. No Brady, Seton, Lock Out Tag Out de Master Lock.","breadcrumb":{"@id":"https:\/\/www.preventionshop.es\/ca\/termes-i-condicions-d-us\/#breadcrumb"},"inLanguage":"ca","potentialAction":[{"@type":"ReadAction","target":["https:\/\/www.preventionshop.es\/ca\/termes-i-condicions-d-us\/"]}]},{"@type":"BreadcrumbList","@id":"https:\/\/www.preventionshop.es\/ca\/termes-i-condicions-d-us\/#breadcrumb","itemListElement":[{"@type":"ListItem","position":1,"name":"Inici - Prevention Shop","item":"https:\/\/www.preventionshop.es\/"},{"@type":"ListItem","position":2,"name":"Termes i condicions d'\u00fas"}]},{"@type":"WebSite","@id":"https:\/\/www.preventionshop.es\/ca\/#website","url":"https:\/\/www.preventionshop.es\/ca\/","name":"Prevention Shop","description":"Etiquetas y carteles","publisher":{"@id":"https:\/\/www.preventionshop.es\/ca\/#organization"},"alternateName":"Etiquetas y carteles","potentialAction":[{"@type":"SearchAction","target":{"@type":"EntryPoint","urlTemplate":"https:\/\/www.preventionshop.es\/ca\/?s={search_term_string}"},"query-input":{"@type":"PropertyValueSpecification","valueRequired":true,"valueName":"search_term_string"}}],"inLanguage":"ca"},{"@type":"Organization","@id":"https:\/\/www.preventionshop.es\/ca\/#organization","name":"Prevention Shop","url":"https:\/\/www.preventionshop.es\/ca\/","logo":{"@type":"ImageObject","inLanguage":"ca","@id":"https:\/\/www.preventionshop.es\/ca\/#\/schema\/logo\/image\/","url":"https:\/\/www.preventionshop.es\/\/wp-content\/uploads\/2025\/12\/favi.png","contentUrl":"https:\/\/www.preventionshop.es\/\/wp-content\/uploads\/2025\/12\/favi.png","width":512,"height":512,"caption":"Prevention Shop"},"image":{"@id":"https:\/\/www.preventionshop.es\/ca\/#\/schema\/logo\/image\/"},"sameAs":["https:\/\/www.facebook.com\/profile.php?id=100068991094376","https:\/\/x.com\/PreventionShop","https:\/\/www.instagram.com\/preventionshop.es\/"]}]}},"_links":{"self":[{"href":"https:\/\/www.preventionshop.es\/ca\/wp-json\/wp\/v2\/pages\/576","targetHints":{"allow":["GET"]}}],"collection":[{"href":"https:\/\/www.preventionshop.es\/ca\/wp-json\/wp\/v2\/pages"}],"about":[{"href":"https:\/\/www.preventionshop.es\/ca\/wp-json\/wp\/v2\/types\/page"}],"author":[{"embeddable":true,"href":"https:\/\/www.preventionshop.es\/ca\/wp-json\/wp\/v2\/users\/1"}],"replies":[{"embeddable":true,"href":"https:\/\/www.preventionshop.es\/ca\/wp-json\/wp\/v2\/comments?post=576"}],"version-history":[{"count":5,"href":"https:\/\/www.preventionshop.es\/ca\/wp-json\/wp\/v2\/pages\/576\/revisions"}],"predecessor-version":[{"id":3207,"href":"https:\/\/www.preventionshop.es\/ca\/wp-json\/wp\/v2\/pages\/576\/revisions\/3207"}],"wp:attachment":[{"href":"https:\/\/www.preventionshop.es\/ca\/wp-json\/wp\/v2\/media?parent=576"}],"curies":[{"name":"wp","href":"https:\/\/api.w.org\/{rel}","templated":true}]}}