{"id":1118,"date":"2018-12-18T11:16:30","date_gmt":"2018-12-18T10:16:30","guid":{"rendered":"https:\/\/www.preventionshop.es\/?product=placa-identificacion-bloqueo-tag-out"},"modified":"2026-01-05T07:42:36","modified_gmt":"2026-01-05T06:42:36","slug":"placa-identificacion-bloqueo-tag-out","status":"publish","type":"product","link":"https:\/\/www.preventionshop.es\/ca\/product\/placa-identificacion-bloqueo-tag-out\/","title":{"rendered":"Placa Identificaci\u00f3 Bloqueig TAG OUT"},"content":{"rendered":"<p style=\"text-align: justify;\">Placa para identificar bloqueos. Material PVC 1mm 65x146mm impresa + laminada + 2 agujeros D7,5mm.<\/p>\n<p style=\"text-align: justify;\">Texto NO OPERAR en 4 idiomas y texto informaci\u00f3n en castellano de serie.<\/p>\n<p style=\"text-align: justify;\">Pregunte para pedir su personalizaci\u00f3n. Logo, texto, idioma, etc.<\/p>\n","protected":false},"excerpt":{"rendered":"<p style=\"text-align: justify;\">Placa per identificar bloquejos. Material PVC 1mm 65x146mm impresa + laminada + 2 forats D7,5mm.<\/p>\n<p>Text NO OPERAR en 4 idiomes i text informaci\u00f3 en castella de s\u00e8rie.<\/p>\n<p>Pregunti per demanar la seva personalitzaci\u00f3. Logo, text, idioma, etc.<\/p>\n","protected":false},"featured_media":1617,"template":"","meta":{"inline_featured_image":false},"product_brand":[208],"product_cat":[36,41],"product_tag":[211,93,212],"class_list":{"0":"post-1118","1":"product","2":"type-product","3":"status-publish","4":"has-post-thumbnail","6":"product_brand-amcsystems","7":"product_cat-consignacio-lockout","8":"product_cat-tags-suports","9":"product_tag-lock-out","10":"product_tag-tag","11":"product_tag-tag-out","13":"first","14":"onbackorder","15":"taxable","16":"shipping-taxable","17":"purchasable","18":"product-type-simple"},"yoast_head":"<!-- This site is optimized with the Yoast SEO plugin v27.5 - https:\/\/yoast.com\/product\/yoast-seo-wordpress\/ -->\n<title>Placa Identificaci\u00f3 Bloqueig TAG OUT<\/title>\n<meta name=\"description\" content=\"Placa per identificar bloquejos. Material PVC 1mm 65x146mm impresa + laminada + 2 forats D7,5mm.  Text NO OPERAR en 4 idiomes i text informaci\u00f3 en castella de s\u00e8rie.  Pregunti per demanar la seva personalitzaci\u00f3. Logo, text, idioma, etc.\" \/>\n<meta name=\"robots\" content=\"index, follow, max-snippet:-1, max-image-preview:large, max-video-preview:-1\" \/>\n<link rel=\"canonical\" href=\"http:\/\/Placa%20per%20identificar%20bloquejos.%20Material%20PVC%201mm%2065x146mm%20impresa%20%20%20laminada%20%20%202%20forats%20D7,5mm.%20%20Text%20NO%20OPERAR%20en%204%20idiomes%20i%20text%20informaci\u00f3%20en%20castella%20de%20s\u00e8rie.%20%20Pregunti%20per%20demanar%20la%20seva%20personalitzaci\u00f3.%20Logo,%20text,%20idioma,%20etc.\" \/>\n<meta property=\"og:locale\" content=\"ca_ES\" \/>\n<meta property=\"og:type\" content=\"article\" \/>\n<meta property=\"og:title\" content=\"Placa Identificaci\u00f3 Bloqueig TAG OUT\" \/>\n<meta property=\"og:description\" content=\"Placa per identificar bloquejos. Material PVC 1mm 65x146mm impresa + laminada + 2 forats D7,5mm.  Text NO OPERAR en 4 idiomes i text informaci\u00f3 en castella de s\u00e8rie.  Pregunti per demanar la seva personalitzaci\u00f3. Logo, text, idioma, etc.\" \/>\n<meta property=\"og:url\" content=\"https:\/\/www.preventionshop.es\/ca\/product\/placa-identificacion-bloqueo-tag-out\/\" \/>\n<meta property=\"og:site_name\" content=\"Prevention Shop\" \/>\n<meta property=\"article:publisher\" content=\"https:\/\/www.facebook.com\/profile.php?id=100068991094376\" \/>\n<meta property=\"article:modified_time\" content=\"2026-01-05T06:42:36+00:00\" \/>\n<meta property=\"og:image\" content=\"https:\/\/www.preventionshop.es\/wp-content\/uploads\/2018\/12\/347-Placa-Identificacion-Bloqueo-TAG-OUT-1.jpg\" \/>\n\t<meta property=\"og:image:width\" content=\"1726\" \/>\n\t<meta property=\"og:image:height\" content=\"1726\" \/>\n\t<meta property=\"og:image:type\" content=\"image\/jpeg\" \/>\n<meta name=\"twitter:card\" content=\"summary_large_image\" \/>\n<meta name=\"twitter:site\" content=\"@PreventionShop\" \/>\n<meta name=\"twitter:label1\" content=\"Temps estimat de lectura\" \/>\n\t<meta name=\"twitter:data1\" content=\"1 minut\" \/>\n<script type=\"application\/ld+json\" class=\"yoast-schema-graph\">{\"@context\":\"https:\\\/\\\/schema.org\",\"@graph\":[{\"@type\":\"WebPage\",\"@id\":\"https:\\\/\\\/www.preventionshop.es\\\/ca\\\/product\\\/placa-identificacion-bloqueo-tag-out\\\/\",\"url\":\"https:\\\/\\\/www.preventionshop.es\\\/ca\\\/product\\\/placa-identificacion-bloqueo-tag-out\\\/\",\"name\":\"Placa Identificaci\u00f3n Bloqueo TAG OUT 65 x 146mm - Prevention Shop\",\"isPartOf\":{\"@id\":\"https:\\\/\\\/www.preventionshop.es\\\/#website\"},\"primaryImageOfPage\":{\"@id\":\"https:\\\/\\\/www.preventionshop.es\\\/ca\\\/product\\\/placa-identificacion-bloqueo-tag-out\\\/#primaryimage\"},\"image\":{\"@id\":\"https:\\\/\\\/www.preventionshop.es\\\/ca\\\/product\\\/placa-identificacion-bloqueo-tag-out\\\/#primaryimage\"},\"thumbnailUrl\":\"https:\\\/\\\/www.preventionshop.es\\\/wp-content\\\/uploads\\\/2018\\\/12\\\/347-Placa-Identificacion-Bloqueo-TAG-OUT-1.jpg\",\"datePublished\":\"2018-12-18T10:16:30+00:00\",\"dateModified\":\"2026-01-05T06:42:36+00:00\",\"description\":\"Tienda online con los mejores productos para poder solventar las auditor\u00edas necesarias de la industria moderna. No Brady, Seton, Lock Out Tag Out de Master Lock.\",\"breadcrumb\":{\"@id\":\"https:\\\/\\\/www.preventionshop.es\\\/ca\\\/product\\\/placa-identificacion-bloqueo-tag-out\\\/#breadcrumb\"},\"inLanguage\":\"ca\",\"potentialAction\":[{\"@type\":\"ReadAction\",\"target\":[\"https:\\\/\\\/www.preventionshop.es\\\/ca\\\/product\\\/placa-identificacion-bloqueo-tag-out\\\/\"]}]},{\"@type\":\"ImageObject\",\"inLanguage\":\"ca\",\"@id\":\"https:\\\/\\\/www.preventionshop.es\\\/ca\\\/product\\\/placa-identificacion-bloqueo-tag-out\\\/#primaryimage\",\"url\":\"https:\\\/\\\/www.preventionshop.es\\\/wp-content\\\/uploads\\\/2018\\\/12\\\/347-Placa-Identificacion-Bloqueo-TAG-OUT-1.jpg\",\"contentUrl\":\"https:\\\/\\\/www.preventionshop.es\\\/wp-content\\\/uploads\\\/2018\\\/12\\\/347-Placa-Identificacion-Bloqueo-TAG-OUT-1.jpg\",\"width\":1726,\"height\":1726},{\"@type\":\"BreadcrumbList\",\"@id\":\"https:\\\/\\\/www.preventionshop.es\\\/ca\\\/product\\\/placa-identificacion-bloqueo-tag-out\\\/#breadcrumb\",\"itemListElement\":[{\"@type\":\"ListItem\",\"position\":1,\"name\":\"Inici - Prevention Shop\",\"item\":\"https:\\\/\\\/www.preventionshop.es\\\/\"},{\"@type\":\"ListItem\",\"position\":2,\"name\":\"Productos\",\"item\":\"https:\\\/\\\/www.preventionshop.es\\\/product\\\/\"},{\"@type\":\"ListItem\",\"position\":3,\"name\":\"Placa Identificaci\u00f3 Bloqueig TAG OUT\"}]},{\"@type\":\"WebSite\",\"@id\":\"https:\\\/\\\/www.preventionshop.es\\\/ca\\\/#website\",\"url\":\"https:\\\/\\\/www.preventionshop.es\\\/ca\\\/\",\"name\":\"Prevention Shop\",\"description\":\"Etiquetas y carteles\",\"publisher\":{\"@id\":\"https:\\\/\\\/www.preventionshop.es\\\/ca\\\/#organization\"},\"alternateName\":\"Etiquetas y carteles\",\"potentialAction\":[{\"@type\":\"SearchAction\",\"target\":{\"@type\":\"EntryPoint\",\"urlTemplate\":\"https:\\\/\\\/www.preventionshop.es\\\/ca\\\/?s={search_term_string}\"},\"query-input\":{\"@type\":\"PropertyValueSpecification\",\"valueRequired\":true,\"valueName\":\"search_term_string\"}}],\"inLanguage\":\"ca\"},{\"@type\":\"Organization\",\"@id\":\"https:\\\/\\\/www.preventionshop.es\\\/ca\\\/#organization\",\"name\":\"Prevention Shop\",\"url\":\"https:\\\/\\\/www.preventionshop.es\\\/ca\\\/\",\"logo\":{\"@type\":\"ImageObject\",\"inLanguage\":\"ca\",\"@id\":\"https:\\\/\\\/www.preventionshop.es\\\/ca\\\/#\\\/schema\\\/logo\\\/image\\\/\",\"url\":\"https:\\\/\\\/www.preventionshop.es\\\/\\\/wp-content\\\/uploads\\\/2025\\\/12\\\/favi.png\",\"contentUrl\":\"https:\\\/\\\/www.preventionshop.es\\\/\\\/wp-content\\\/uploads\\\/2025\\\/12\\\/favi.png\",\"width\":512,\"height\":512,\"caption\":\"Prevention Shop\"},\"image\":{\"@id\":\"https:\\\/\\\/www.preventionshop.es\\\/ca\\\/#\\\/schema\\\/logo\\\/image\\\/\"},\"sameAs\":[\"https:\\\/\\\/www.facebook.com\\\/profile.php?id=100068991094376\",\"https:\\\/\\\/x.com\\\/PreventionShop\",\"https:\\\/\\\/www.instagram.com\\\/preventionshop.es\\\/\"]}]}<\/script>\n<!-- \/ Yoast SEO plugin. -->","yoast_head_json":{"title":"Placa Identificaci\u00f3 Bloqueig TAG OUT","description":"Placa per identificar bloquejos. Material PVC 1mm 65x146mm impresa + laminada + 2 forats D7,5mm.  Text NO OPERAR en 4 idiomes i text informaci\u00f3 en castella de s\u00e8rie.  Pregunti per demanar la seva personalitzaci\u00f3. Logo, text, idioma, etc.","robots":{"index":"index","follow":"follow","max-snippet":"max-snippet:-1","max-image-preview":"max-image-preview:large","max-video-preview":"max-video-preview:-1"},"canonical":"Placa per identificar bloquejos. Material PVC 1mm 65x146mm impresa   laminada   2 forats D7,5mm.  Text NO OPERAR en 4 idiomes i text informaci\u00f3 en castella de s\u00e8rie.  Pregunti per demanar la seva personalitzaci\u00f3. Logo, text, idioma, etc.","og_locale":"ca_ES","og_type":"article","og_title":"Placa Identificaci\u00f3 Bloqueig TAG OUT","og_description":"Placa per identificar bloquejos. Material PVC 1mm 65x146mm impresa + laminada + 2 forats D7,5mm.  Text NO OPERAR en 4 idiomes i text informaci\u00f3 en castella de s\u00e8rie.  Pregunti per demanar la seva personalitzaci\u00f3. Logo, text, idioma, etc.","og_url":"https:\/\/www.preventionshop.es\/ca\/product\/placa-identificacion-bloqueo-tag-out\/","og_site_name":"Prevention Shop","article_publisher":"https:\/\/www.facebook.com\/profile.php?id=100068991094376","article_modified_time":"2026-01-05T06:42:36+00:00","og_image":[{"width":1726,"height":1726,"url":"https:\/\/www.preventionshop.es\/wp-content\/uploads\/2018\/12\/347-Placa-Identificacion-Bloqueo-TAG-OUT-1.jpg","type":"image\/jpeg"}],"twitter_card":"summary_large_image","twitter_site":"@PreventionShop","twitter_misc":{"Temps estimat de lectura":"1 minut"},"schema":{"@context":"https:\/\/schema.org","@graph":[{"@type":"WebPage","@id":"https:\/\/www.preventionshop.es\/ca\/product\/placa-identificacion-bloqueo-tag-out\/","url":"https:\/\/www.preventionshop.es\/ca\/product\/placa-identificacion-bloqueo-tag-out\/","name":"Placa Identificaci\u00f3n Bloqueo TAG OUT 65 x 146mm - Prevention Shop","isPartOf":{"@id":"https:\/\/www.preventionshop.es\/#website"},"primaryImageOfPage":{"@id":"https:\/\/www.preventionshop.es\/ca\/product\/placa-identificacion-bloqueo-tag-out\/#primaryimage"},"image":{"@id":"https:\/\/www.preventionshop.es\/ca\/product\/placa-identificacion-bloqueo-tag-out\/#primaryimage"},"thumbnailUrl":"https:\/\/www.preventionshop.es\/wp-content\/uploads\/2018\/12\/347-Placa-Identificacion-Bloqueo-TAG-OUT-1.jpg","datePublished":"2018-12-18T10:16:30+00:00","dateModified":"2026-01-05T06:42:36+00:00","description":"Tienda online con los mejores productos para poder solventar las auditor\u00edas necesarias de la industria moderna. No Brady, Seton, Lock Out Tag Out de Master Lock.","breadcrumb":{"@id":"https:\/\/www.preventionshop.es\/ca\/product\/placa-identificacion-bloqueo-tag-out\/#breadcrumb"},"inLanguage":"ca","potentialAction":[{"@type":"ReadAction","target":["https:\/\/www.preventionshop.es\/ca\/product\/placa-identificacion-bloqueo-tag-out\/"]}]},{"@type":"ImageObject","inLanguage":"ca","@id":"https:\/\/www.preventionshop.es\/ca\/product\/placa-identificacion-bloqueo-tag-out\/#primaryimage","url":"https:\/\/www.preventionshop.es\/wp-content\/uploads\/2018\/12\/347-Placa-Identificacion-Bloqueo-TAG-OUT-1.jpg","contentUrl":"https:\/\/www.preventionshop.es\/wp-content\/uploads\/2018\/12\/347-Placa-Identificacion-Bloqueo-TAG-OUT-1.jpg","width":1726,"height":1726},{"@type":"BreadcrumbList","@id":"https:\/\/www.preventionshop.es\/ca\/product\/placa-identificacion-bloqueo-tag-out\/#breadcrumb","itemListElement":[{"@type":"ListItem","position":1,"name":"Inici - Prevention Shop","item":"https:\/\/www.preventionshop.es\/"},{"@type":"ListItem","position":2,"name":"Productos","item":"https:\/\/www.preventionshop.es\/product\/"},{"@type":"ListItem","position":3,"name":"Placa Identificaci\u00f3 Bloqueig TAG OUT"}]},{"@type":"WebSite","@id":"https:\/\/www.preventionshop.es\/ca\/#website","url":"https:\/\/www.preventionshop.es\/ca\/","name":"Prevention Shop","description":"Etiquetas y carteles","publisher":{"@id":"https:\/\/www.preventionshop.es\/ca\/#organization"},"alternateName":"Etiquetas y carteles","potentialAction":[{"@type":"SearchAction","target":{"@type":"EntryPoint","urlTemplate":"https:\/\/www.preventionshop.es\/ca\/?s={search_term_string}"},"query-input":{"@type":"PropertyValueSpecification","valueRequired":true,"valueName":"search_term_string"}}],"inLanguage":"ca"},{"@type":"Organization","@id":"https:\/\/www.preventionshop.es\/ca\/#organization","name":"Prevention Shop","url":"https:\/\/www.preventionshop.es\/ca\/","logo":{"@type":"ImageObject","inLanguage":"ca","@id":"https:\/\/www.preventionshop.es\/ca\/#\/schema\/logo\/image\/","url":"https:\/\/www.preventionshop.es\/\/wp-content\/uploads\/2025\/12\/favi.png","contentUrl":"https:\/\/www.preventionshop.es\/\/wp-content\/uploads\/2025\/12\/favi.png","width":512,"height":512,"caption":"Prevention Shop"},"image":{"@id":"https:\/\/www.preventionshop.es\/ca\/#\/schema\/logo\/image\/"},"sameAs":["https:\/\/www.facebook.com\/profile.php?id=100068991094376","https:\/\/x.com\/PreventionShop","https:\/\/www.instagram.com\/preventionshop.es\/"]}]}},"_links":{"self":[{"href":"https:\/\/www.preventionshop.es\/ca\/wp-json\/wp\/v2\/product\/1118","targetHints":{"allow":["GET"]}}],"collection":[{"href":"https:\/\/www.preventionshop.es\/ca\/wp-json\/wp\/v2\/product"}],"about":[{"href":"https:\/\/www.preventionshop.es\/ca\/wp-json\/wp\/v2\/types\/product"}],"wp:featuredmedia":[{"embeddable":true,"href":"https:\/\/www.preventionshop.es\/ca\/wp-json\/wp\/v2\/media\/1617"}],"wp:attachment":[{"href":"https:\/\/www.preventionshop.es\/ca\/wp-json\/wp\/v2\/media?parent=1118"}],"wp:term":[{"taxonomy":"product_brand","embeddable":true,"href":"https:\/\/www.preventionshop.es\/ca\/wp-json\/wp\/v2\/product_brand?post=1118"},{"taxonomy":"product_cat","embeddable":true,"href":"https:\/\/www.preventionshop.es\/ca\/wp-json\/wp\/v2\/product_cat?post=1118"},{"taxonomy":"product_tag","embeddable":true,"href":"https:\/\/www.preventionshop.es\/ca\/wp-json\/wp\/v2\/product_tag?post=1118"}],"curies":[{"name":"wp","href":"https:\/\/api.w.org\/{rel}","templated":true}]}}