{"id":1140,"date":"2018-12-18T12:11:04","date_gmt":"2018-12-18T11:11:04","guid":{"rendered":"https:\/\/www.preventionshop.es\/?product=etiqueta-personalizable-redonda-30mm-calibracion"},"modified":"2025-11-16T15:52:16","modified_gmt":"2025-11-16T14:52:16","slug":"etiqueta-personalizable-redonda-30mm-calibracion","status":"publish","type":"product","link":"https:\/\/www.preventionshop.es\/ca\/product\/etiqueta-personalizable-redonda-30mm-calibracion\/","title":{"rendered":"Etiqueta Personalitzable Rodona 30mm Cal\u00b7libraci\u00f3"},"content":{"rendered":"<p>Se entrega en l\u00e0mines de 50u.<\/p>\n<p>Pregunti per altres mesures i colors disponibles.<\/p>\n","protected":false},"excerpt":{"rendered":"<p>50 Etiquetes per a inspecci\u00f3 o revisi\u00f3 d&#8217;equips. Serveixen per a identificar visualment si un equip ha estat revisat o cal\u00b7librat i indicar la data.<\/p>\n<p>Les podran utilitzar fins 2024. Totalment personalitzable. Material: vinil autoadhesiu.  Material opcional: vinil autodestructible adhesiu (\u00c9s un tipus de vinil que es trenca a tallets a mesura que l&#8217;intentem arrancar). Per aquest \u00faltim s&#8217;haur\u00e0 de contactar amb nosaltres.<\/p>\n","protected":false},"featured_media":1130,"template":"","meta":{"inline_featured_image":false},"product_brand":[],"product_cat":[67],"product_tag":[],"class_list":{"0":"post-1140","1":"product","2":"type-product","3":"status-publish","4":"has-post-thumbnail","6":"product_cat-revisio-calibracio","8":"first","9":"instock","10":"taxable","11":"shipping-taxable","12":"purchasable","13":"product-type-variable"},"yoast_head":"<!-- This site is optimized with the Yoast SEO plugin v27.5 - https:\/\/yoast.com\/product\/yoast-seo-wordpress\/ -->\n<title>Etiqueta Personalitzable Rodona 30mm Cal\u00b7libraci\u00f3<\/title>\n<meta name=\"description\" content=\"50 Etiquetes per a inspecci\u00f3 o revisi\u00f3 d&#039;equips. Serveixen per a identificar visualment si un equip ha estat revisat o cal\u00b7librat i indicar la data.  Les podran utilitzar fins 2024. Totalment personalitzable. Material: vinil autoadhesiu. Material opcional: vinil autodestructible adhesiu (\u00c9s un tipus de vinil que es trenca a tallets a mesura que l&#039;intentem arrancar). Per aquest \u00faltim s&#039;haur\u00e0 de contactar amb nosaltres.\" \/>\n<meta name=\"robots\" content=\"index, follow, max-snippet:-1, max-image-preview:large, max-video-preview:-1\" \/>\n<link rel=\"canonical\" href=\"\" \/>\n<meta property=\"og:locale\" content=\"ca_ES\" \/>\n<meta property=\"og:type\" content=\"article\" \/>\n<meta property=\"og:title\" content=\"Etiqueta Personalitzable Rodona 30mm Cal\u00b7libraci\u00f3\" \/>\n<meta property=\"og:description\" content=\"50 Etiquetes per a inspecci\u00f3 o revisi\u00f3 d&#039;equips. Serveixen per a identificar visualment si un equip ha estat revisat o cal\u00b7librat i indicar la data.  Les podran utilitzar fins 2024. Totalment personalitzable. Material: vinil autoadhesiu. Material opcional: vinil autodestructible adhesiu (\u00c9s un tipus de vinil que es trenca a tallets a mesura que l&#039;intentem arrancar). Per aquest \u00faltim s&#039;haur\u00e0 de contactar amb nosaltres.\" \/>\n<meta property=\"og:url\" content=\"https:\/\/www.preventionshop.es\/ca\/product\/etiqueta-personalizable-redonda-30mm-calibracion\/\" \/>\n<meta property=\"og:site_name\" content=\"Prevention Shop\" \/>\n<meta property=\"article:publisher\" content=\"https:\/\/www.facebook.com\/profile.php?id=100068991094376\" \/>\n<meta property=\"article:modified_time\" content=\"2025-11-16T14:52:16+00:00\" \/>\n<meta property=\"og:image\" content=\"https:\/\/www.preventionshop.es\/wp-content\/uploads\/2018\/12\/371-Etiqueta-Personalizable-Redonda-30mm-Calibracion.jpg\" \/>\n\t<meta property=\"og:image:width\" content=\"343\" \/>\n\t<meta property=\"og:image:height\" content=\"343\" \/>\n\t<meta property=\"og:image:type\" content=\"image\/jpeg\" \/>\n<meta name=\"twitter:card\" content=\"summary_large_image\" \/>\n<meta name=\"twitter:site\" content=\"@PreventionShop\" \/>\n<script type=\"application\/ld+json\" class=\"yoast-schema-graph\">{\"@context\":\"https:\\\/\\\/schema.org\",\"@graph\":[{\"@type\":\"WebPage\",\"@id\":\"https:\\\/\\\/www.preventionshop.es\\\/ca\\\/product\\\/etiqueta-personalizable-redonda-30mm-calibracion\\\/\",\"url\":\"https:\\\/\\\/www.preventionshop.es\\\/ca\\\/product\\\/etiqueta-personalizable-redonda-30mm-calibracion\\\/\",\"name\":\"Etiqueta Personalizable Redonda 30mm Calibraci\u00f3n - Prevention Shop\",\"isPartOf\":{\"@id\":\"https:\\\/\\\/www.preventionshop.es\\\/#website\"},\"primaryImageOfPage\":{\"@id\":\"https:\\\/\\\/www.preventionshop.es\\\/ca\\\/product\\\/etiqueta-personalizable-redonda-30mm-calibracion\\\/#primaryimage\"},\"image\":{\"@id\":\"https:\\\/\\\/www.preventionshop.es\\\/ca\\\/product\\\/etiqueta-personalizable-redonda-30mm-calibracion\\\/#primaryimage\"},\"thumbnailUrl\":\"https:\\\/\\\/www.preventionshop.es\\\/wp-content\\\/uploads\\\/2018\\\/12\\\/371-Etiqueta-Personalizable-Redonda-30mm-Calibracion.jpg\",\"datePublished\":\"2018-12-18T11:11:04+00:00\",\"dateModified\":\"2025-11-16T14:52:16+00:00\",\"description\":\"Tienda online con los mejores productos para poder solventar las auditor\u00edas necesarias de la industria moderna. No Brady, Seton, Lock Out Tag Out de Master Lock.\",\"breadcrumb\":{\"@id\":\"https:\\\/\\\/www.preventionshop.es\\\/ca\\\/product\\\/etiqueta-personalizable-redonda-30mm-calibracion\\\/#breadcrumb\"},\"inLanguage\":\"ca\",\"potentialAction\":[{\"@type\":\"ReadAction\",\"target\":[\"https:\\\/\\\/www.preventionshop.es\\\/ca\\\/product\\\/etiqueta-personalizable-redonda-30mm-calibracion\\\/\"]}]},{\"@type\":\"ImageObject\",\"inLanguage\":\"ca\",\"@id\":\"https:\\\/\\\/www.preventionshop.es\\\/ca\\\/product\\\/etiqueta-personalizable-redonda-30mm-calibracion\\\/#primaryimage\",\"url\":\"https:\\\/\\\/www.preventionshop.es\\\/wp-content\\\/uploads\\\/2018\\\/12\\\/371-Etiqueta-Personalizable-Redonda-30mm-Calibracion.jpg\",\"contentUrl\":\"https:\\\/\\\/www.preventionshop.es\\\/wp-content\\\/uploads\\\/2018\\\/12\\\/371-Etiqueta-Personalizable-Redonda-30mm-Calibracion.jpg\",\"width\":343,\"height\":343,\"caption\":\"Etiqueta Personalizable Redonda 30mm Calibraci\u00f3n\"},{\"@type\":\"BreadcrumbList\",\"@id\":\"https:\\\/\\\/www.preventionshop.es\\\/ca\\\/product\\\/etiqueta-personalizable-redonda-30mm-calibracion\\\/#breadcrumb\",\"itemListElement\":[{\"@type\":\"ListItem\",\"position\":1,\"name\":\"Inici - Prevention Shop\",\"item\":\"https:\\\/\\\/www.preventionshop.es\\\/\"},{\"@type\":\"ListItem\",\"position\":2,\"name\":\"Productos\",\"item\":\"https:\\\/\\\/www.preventionshop.es\\\/product\\\/\"},{\"@type\":\"ListItem\",\"position\":3,\"name\":\"Etiqueta Personalitzable Rodona 30mm Cal\u00b7libraci\u00f3\"}]},{\"@type\":\"WebSite\",\"@id\":\"https:\\\/\\\/www.preventionshop.es\\\/ca\\\/#website\",\"url\":\"https:\\\/\\\/www.preventionshop.es\\\/ca\\\/\",\"name\":\"Prevention Shop\",\"description\":\"Etiquetas y carteles\",\"publisher\":{\"@id\":\"https:\\\/\\\/www.preventionshop.es\\\/ca\\\/#organization\"},\"alternateName\":\"Etiquetas y carteles\",\"potentialAction\":[{\"@type\":\"SearchAction\",\"target\":{\"@type\":\"EntryPoint\",\"urlTemplate\":\"https:\\\/\\\/www.preventionshop.es\\\/ca\\\/?s={search_term_string}\"},\"query-input\":{\"@type\":\"PropertyValueSpecification\",\"valueRequired\":true,\"valueName\":\"search_term_string\"}}],\"inLanguage\":\"ca\"},{\"@type\":\"Organization\",\"@id\":\"https:\\\/\\\/www.preventionshop.es\\\/ca\\\/#organization\",\"name\":\"Prevention Shop\",\"url\":\"https:\\\/\\\/www.preventionshop.es\\\/ca\\\/\",\"logo\":{\"@type\":\"ImageObject\",\"inLanguage\":\"ca\",\"@id\":\"https:\\\/\\\/www.preventionshop.es\\\/ca\\\/#\\\/schema\\\/logo\\\/image\\\/\",\"url\":\"https:\\\/\\\/www.preventionshop.es\\\/\\\/wp-content\\\/uploads\\\/2025\\\/12\\\/favi.png\",\"contentUrl\":\"https:\\\/\\\/www.preventionshop.es\\\/\\\/wp-content\\\/uploads\\\/2025\\\/12\\\/favi.png\",\"width\":512,\"height\":512,\"caption\":\"Prevention Shop\"},\"image\":{\"@id\":\"https:\\\/\\\/www.preventionshop.es\\\/ca\\\/#\\\/schema\\\/logo\\\/image\\\/\"},\"sameAs\":[\"https:\\\/\\\/www.facebook.com\\\/profile.php?id=100068991094376\",\"https:\\\/\\\/x.com\\\/PreventionShop\",\"https:\\\/\\\/www.instagram.com\\\/preventionshop.es\\\/\"]}]}<\/script>\n<!-- \/ Yoast SEO plugin. -->","yoast_head_json":{"title":"Etiqueta Personalitzable Rodona 30mm Cal\u00b7libraci\u00f3","description":"50 Etiquetes per a inspecci\u00f3 o revisi\u00f3 d'equips. Serveixen per a identificar visualment si un equip ha estat revisat o cal\u00b7librat i indicar la data.  Les podran utilitzar fins 2024. Totalment personalitzable. Material: vinil autoadhesiu. Material opcional: vinil autodestructible adhesiu (\u00c9s un tipus de vinil que es trenca a tallets a mesura que l'intentem arrancar). Per aquest \u00faltim s'haur\u00e0 de contactar amb nosaltres.","robots":{"index":"index","follow":"follow","max-snippet":"max-snippet:-1","max-image-preview":"max-image-preview:large","max-video-preview":"max-video-preview:-1"},"canonical":"50 Etiquetes per a inspecci\u00f3 o revisi\u00f3 d'equips. Serveixen per a identificar visualment si un equip ha estat revisat o cal\u00b7librat i indicar la data.  Les podran utilitzar fins 2024. Totalment personalitzable. Material: vinil autoadhesiu. Material opcional: vinil autodestructible adhesiu (\u00c9s un tipus de vinil que es trenca a tallets a mesura que l'intentem arrancar). Per aquest \u00faltim s'haur\u00e0 de contactar amb nosaltres.","og_locale":"ca_ES","og_type":"article","og_title":"Etiqueta Personalitzable Rodona 30mm Cal\u00b7libraci\u00f3","og_description":"50 Etiquetes per a inspecci\u00f3 o revisi\u00f3 d'equips. Serveixen per a identificar visualment si un equip ha estat revisat o cal\u00b7librat i indicar la data.  Les podran utilitzar fins 2024. Totalment personalitzable. Material: vinil autoadhesiu. Material opcional: vinil autodestructible adhesiu (\u00c9s un tipus de vinil que es trenca a tallets a mesura que l'intentem arrancar). Per aquest \u00faltim s'haur\u00e0 de contactar amb nosaltres.","og_url":"https:\/\/www.preventionshop.es\/ca\/product\/etiqueta-personalizable-redonda-30mm-calibracion\/","og_site_name":"Prevention Shop","article_publisher":"https:\/\/www.facebook.com\/profile.php?id=100068991094376","article_modified_time":"2025-11-16T14:52:16+00:00","og_image":[{"width":343,"height":343,"url":"https:\/\/www.preventionshop.es\/wp-content\/uploads\/2018\/12\/371-Etiqueta-Personalizable-Redonda-30mm-Calibracion.jpg","type":"image\/jpeg"}],"twitter_card":"summary_large_image","twitter_site":"@PreventionShop","schema":{"@context":"https:\/\/schema.org","@graph":[{"@type":"WebPage","@id":"https:\/\/www.preventionshop.es\/ca\/product\/etiqueta-personalizable-redonda-30mm-calibracion\/","url":"https:\/\/www.preventionshop.es\/ca\/product\/etiqueta-personalizable-redonda-30mm-calibracion\/","name":"Etiqueta Personalizable Redonda 30mm Calibraci\u00f3n - Prevention Shop","isPartOf":{"@id":"https:\/\/www.preventionshop.es\/#website"},"primaryImageOfPage":{"@id":"https:\/\/www.preventionshop.es\/ca\/product\/etiqueta-personalizable-redonda-30mm-calibracion\/#primaryimage"},"image":{"@id":"https:\/\/www.preventionshop.es\/ca\/product\/etiqueta-personalizable-redonda-30mm-calibracion\/#primaryimage"},"thumbnailUrl":"https:\/\/www.preventionshop.es\/wp-content\/uploads\/2018\/12\/371-Etiqueta-Personalizable-Redonda-30mm-Calibracion.jpg","datePublished":"2018-12-18T11:11:04+00:00","dateModified":"2025-11-16T14:52:16+00:00","description":"Tienda online con los mejores productos para poder solventar las auditor\u00edas necesarias de la industria moderna. No Brady, Seton, Lock Out Tag Out de Master Lock.","breadcrumb":{"@id":"https:\/\/www.preventionshop.es\/ca\/product\/etiqueta-personalizable-redonda-30mm-calibracion\/#breadcrumb"},"inLanguage":"ca","potentialAction":[{"@type":"ReadAction","target":["https:\/\/www.preventionshop.es\/ca\/product\/etiqueta-personalizable-redonda-30mm-calibracion\/"]}]},{"@type":"ImageObject","inLanguage":"ca","@id":"https:\/\/www.preventionshop.es\/ca\/product\/etiqueta-personalizable-redonda-30mm-calibracion\/#primaryimage","url":"https:\/\/www.preventionshop.es\/wp-content\/uploads\/2018\/12\/371-Etiqueta-Personalizable-Redonda-30mm-Calibracion.jpg","contentUrl":"https:\/\/www.preventionshop.es\/wp-content\/uploads\/2018\/12\/371-Etiqueta-Personalizable-Redonda-30mm-Calibracion.jpg","width":343,"height":343,"caption":"Etiqueta Personalizable Redonda 30mm Calibraci\u00f3n"},{"@type":"BreadcrumbList","@id":"https:\/\/www.preventionshop.es\/ca\/product\/etiqueta-personalizable-redonda-30mm-calibracion\/#breadcrumb","itemListElement":[{"@type":"ListItem","position":1,"name":"Inici - Prevention Shop","item":"https:\/\/www.preventionshop.es\/"},{"@type":"ListItem","position":2,"name":"Productos","item":"https:\/\/www.preventionshop.es\/product\/"},{"@type":"ListItem","position":3,"name":"Etiqueta Personalitzable Rodona 30mm Cal\u00b7libraci\u00f3"}]},{"@type":"WebSite","@id":"https:\/\/www.preventionshop.es\/ca\/#website","url":"https:\/\/www.preventionshop.es\/ca\/","name":"Prevention Shop","description":"Etiquetas y carteles","publisher":{"@id":"https:\/\/www.preventionshop.es\/ca\/#organization"},"alternateName":"Etiquetas y carteles","potentialAction":[{"@type":"SearchAction","target":{"@type":"EntryPoint","urlTemplate":"https:\/\/www.preventionshop.es\/ca\/?s={search_term_string}"},"query-input":{"@type":"PropertyValueSpecification","valueRequired":true,"valueName":"search_term_string"}}],"inLanguage":"ca"},{"@type":"Organization","@id":"https:\/\/www.preventionshop.es\/ca\/#organization","name":"Prevention Shop","url":"https:\/\/www.preventionshop.es\/ca\/","logo":{"@type":"ImageObject","inLanguage":"ca","@id":"https:\/\/www.preventionshop.es\/ca\/#\/schema\/logo\/image\/","url":"https:\/\/www.preventionshop.es\/\/wp-content\/uploads\/2025\/12\/favi.png","contentUrl":"https:\/\/www.preventionshop.es\/\/wp-content\/uploads\/2025\/12\/favi.png","width":512,"height":512,"caption":"Prevention Shop"},"image":{"@id":"https:\/\/www.preventionshop.es\/ca\/#\/schema\/logo\/image\/"},"sameAs":["https:\/\/www.facebook.com\/profile.php?id=100068991094376","https:\/\/x.com\/PreventionShop","https:\/\/www.instagram.com\/preventionshop.es\/"]}]}},"_links":{"self":[{"href":"https:\/\/www.preventionshop.es\/ca\/wp-json\/wp\/v2\/product\/1140","targetHints":{"allow":["GET"]}}],"collection":[{"href":"https:\/\/www.preventionshop.es\/ca\/wp-json\/wp\/v2\/product"}],"about":[{"href":"https:\/\/www.preventionshop.es\/ca\/wp-json\/wp\/v2\/types\/product"}],"wp:featuredmedia":[{"embeddable":true,"href":"https:\/\/www.preventionshop.es\/ca\/wp-json\/wp\/v2\/media\/1130"}],"wp:attachment":[{"href":"https:\/\/www.preventionshop.es\/ca\/wp-json\/wp\/v2\/media?parent=1140"}],"wp:term":[{"taxonomy":"product_brand","embeddable":true,"href":"https:\/\/www.preventionshop.es\/ca\/wp-json\/wp\/v2\/product_brand?post=1140"},{"taxonomy":"product_cat","embeddable":true,"href":"https:\/\/www.preventionshop.es\/ca\/wp-json\/wp\/v2\/product_cat?post=1140"},{"taxonomy":"product_tag","embeddable":true,"href":"https:\/\/www.preventionshop.es\/ca\/wp-json\/wp\/v2\/product_tag?post=1140"}],"curies":[{"name":"wp","href":"https:\/\/api.w.org\/{rel}","templated":true}]}}