{"id":1152,"date":"2019-02-01T16:32:33","date_gmt":"2019-02-01T15:32:33","guid":{"rendered":"https:\/\/www.preventionshop.es\/?product=estacion-lavaojos-cederroth"},"modified":"2026-01-04T19:22:51","modified_gmt":"2026-01-04T18:22:51","slug":"estacion-lavaojos-cederroth","status":"publish","type":"product","link":"https:\/\/www.preventionshop.es\/ca\/product\/estacion-lavaojos-cederroth\/","title":{"rendered":"Estaci\u00f3 Rentaulls Cederroth"},"content":{"rendered":"<div style=\"text-align: justify;\">L&#8217;estaci\u00f3 de rentaulls de Cederroth ha estat dissenyada per permetre obtenir ajuda el m\u00e9s r\u00e0pid possible. L&#8217;estaci\u00f3 t\u00e9 espai per a dues ampolles que s&#8217;obren autom\u00e0ticament quan es treuen dels seus suports. Les ampolles estan dissenyades per permetre rentar l&#8217;ull amb un bon flux de l\u00edquid durant aproximadament 1,5 minuts. Els productes tenen una vida \u00fatil de 4 anys. El rentaulls treballa per neutralitzar el valor del pH de l&#8217;ull, \u00e9s a dir, t\u00e9 un efecte neutralitzant en qualsevol esquitxada d&#8217;\u00e0lcali o \u00e0cid, donant un resultat m\u00e9s r\u00e0pid que una soluci\u00f3 normal de clorur de sodi. L&#8217;efecte \u00e9s generalment m\u00e9s fort en els \u00e0lcalis que en els \u00e0cids. Amb el dispensador d&#8217;ap\u00f2sits Salvequick, els ap\u00f2sits estan sempre disponibles i llestos per utilitzar. Quan vost\u00e8 estira de l&#8217;ap\u00f2sit, es desenganxa una part del protector i l&#8217;ap\u00f2sit est\u00e0 llest per utilitzar sense necessitat d&#8217;utilitzar les dues mans per retirar el protector. Les rec\u00e0rregues es guarden sota clau per evitar qualsevol desperdici. L&#8217;espai addicional per a altres productes significa que pot adaptar el contingut de la seva estaci\u00f3 a les necessitats espec\u00edfiques del seu lloc de treball.<\/div>\n","protected":false},"excerpt":{"rendered":"<p>Inclou: <\/p>\n<p>-2 ampolles de rentaulls 500ml (ref. 725200)<\/p>\n<p>-Dispensador d&#8217;ap\u00f2sits Salvequick. Inclou 45 ap\u00f2sits t\u00e8xtils (ref. 6444) y 40 ap\u00f2sits de pl\u00e0stic (ref. 6036)<\/p>\n<p>-Instruccions<\/p>\n<p>-Clau<\/p>\n","protected":false},"featured_media":1148,"template":"","meta":{"inline_featured_image":false},"product_brand":[207],"product_cat":[35],"product_tag":[101],"class_list":{"0":"post-1152","1":"product","2":"type-product","3":"status-publish","4":"has-post-thumbnail","6":"product_brand-cederroth","7":"product_cat-primers-auxilis","8":"product_tag-lavaojos","10":"first","11":"instock","12":"taxable","13":"shipping-taxable","14":"purchasable","15":"product-type-simple"},"yoast_head":"<!-- This site is optimized with the Yoast SEO plugin v27.5 - https:\/\/yoast.com\/product\/yoast-seo-wordpress\/ -->\n<title>Estaci\u00f3 Rentaulls Cederroth<\/title>\n<meta name=\"description\" content=\"Inclou:   -2 ampolles de rentaulls 500ml (ref. 725200)  -Dispensador d&#039;ap\u00f2sits Salvequick. Inclou 45 ap\u00f2sits t\u00e8xtils (ref. 6444) y 40 ap\u00f2sits de pl\u00e0stic (ref. 6036)  -Instruccions  -Clau\" \/>\n<meta name=\"robots\" content=\"index, follow, max-snippet:-1, max-image-preview:large, max-video-preview:-1\" \/>\n<link rel=\"canonical\" href=\"\" \/>\n<meta property=\"og:locale\" content=\"ca_ES\" \/>\n<meta property=\"og:type\" content=\"article\" \/>\n<meta property=\"og:title\" content=\"Estaci\u00f3 Rentaulls Cederroth\" \/>\n<meta property=\"og:description\" content=\"Inclou:   -2 ampolles de rentaulls 500ml (ref. 725200)  -Dispensador d&#039;ap\u00f2sits Salvequick. Inclou 45 ap\u00f2sits t\u00e8xtils (ref. 6444) y 40 ap\u00f2sits de pl\u00e0stic (ref. 6036)  -Instruccions  -Clau\" \/>\n<meta property=\"og:url\" content=\"https:\/\/www.preventionshop.es\/ca\/product\/estacion-lavaojos-cederroth\/\" \/>\n<meta property=\"og:site_name\" content=\"Prevention Shop\" \/>\n<meta property=\"article:publisher\" content=\"https:\/\/www.facebook.com\/profile.php?id=100068991094376\" \/>\n<meta property=\"article:modified_time\" content=\"2026-01-04T18:22:51+00:00\" \/>\n<meta property=\"og:image\" content=\"https:\/\/www.preventionshop.es\/wp-content\/uploads\/2019\/02\/384-Estacion-Lavaojos-Cederroth.jpg\" \/>\n\t<meta property=\"og:image:width\" content=\"768\" \/>\n\t<meta property=\"og:image:height\" content=\"768\" \/>\n\t<meta property=\"og:image:type\" content=\"image\/jpeg\" \/>\n<meta name=\"twitter:card\" content=\"summary_large_image\" \/>\n<meta name=\"twitter:site\" content=\"@PreventionShop\" \/>\n<meta name=\"twitter:label1\" content=\"Temps estimat de lectura\" \/>\n\t<meta name=\"twitter:data1\" content=\"2 minuts\" \/>\n<script type=\"application\/ld+json\" class=\"yoast-schema-graph\">{\"@context\":\"https:\\\/\\\/schema.org\",\"@graph\":[{\"@type\":\"WebPage\",\"@id\":\"https:\\\/\\\/www.preventionshop.es\\\/ca\\\/product\\\/estacion-lavaojos-cederroth\\\/\",\"url\":\"https:\\\/\\\/www.preventionshop.es\\\/ca\\\/product\\\/estacion-lavaojos-cederroth\\\/\",\"name\":\"Estaci\u00f3n Lavaojos Cederroth - Prevention Shop\",\"isPartOf\":{\"@id\":\"https:\\\/\\\/www.preventionshop.es\\\/#website\"},\"primaryImageOfPage\":{\"@id\":\"https:\\\/\\\/www.preventionshop.es\\\/ca\\\/product\\\/estacion-lavaojos-cederroth\\\/#primaryimage\"},\"image\":{\"@id\":\"https:\\\/\\\/www.preventionshop.es\\\/ca\\\/product\\\/estacion-lavaojos-cederroth\\\/#primaryimage\"},\"thumbnailUrl\":\"https:\\\/\\\/www.preventionshop.es\\\/wp-content\\\/uploads\\\/2019\\\/02\\\/384-Estacion-Lavaojos-Cederroth.jpg\",\"datePublished\":\"2019-02-01T15:32:33+00:00\",\"dateModified\":\"2026-01-04T18:22:51+00:00\",\"description\":\"Tienda online con los mejores productos para poder solventar las auditor\u00edas necesarias de la industria moderna. No Brady, Seton, Lock Out Tag Out de Master Lock.\",\"breadcrumb\":{\"@id\":\"https:\\\/\\\/www.preventionshop.es\\\/ca\\\/product\\\/estacion-lavaojos-cederroth\\\/#breadcrumb\"},\"inLanguage\":\"ca\",\"potentialAction\":[{\"@type\":\"ReadAction\",\"target\":[\"https:\\\/\\\/www.preventionshop.es\\\/ca\\\/product\\\/estacion-lavaojos-cederroth\\\/\"]}]},{\"@type\":\"ImageObject\",\"inLanguage\":\"ca\",\"@id\":\"https:\\\/\\\/www.preventionshop.es\\\/ca\\\/product\\\/estacion-lavaojos-cederroth\\\/#primaryimage\",\"url\":\"https:\\\/\\\/www.preventionshop.es\\\/wp-content\\\/uploads\\\/2019\\\/02\\\/384-Estacion-Lavaojos-Cederroth.jpg\",\"contentUrl\":\"https:\\\/\\\/www.preventionshop.es\\\/wp-content\\\/uploads\\\/2019\\\/02\\\/384-Estacion-Lavaojos-Cederroth.jpg\",\"width\":768,\"height\":768,\"caption\":\"Estaci\u00f3n Lavaojos Cederroth\"},{\"@type\":\"BreadcrumbList\",\"@id\":\"https:\\\/\\\/www.preventionshop.es\\\/ca\\\/product\\\/estacion-lavaojos-cederroth\\\/#breadcrumb\",\"itemListElement\":[{\"@type\":\"ListItem\",\"position\":1,\"name\":\"Inici - Prevention Shop\",\"item\":\"https:\\\/\\\/www.preventionshop.es\\\/\"},{\"@type\":\"ListItem\",\"position\":2,\"name\":\"Productos\",\"item\":\"https:\\\/\\\/www.preventionshop.es\\\/product\\\/\"},{\"@type\":\"ListItem\",\"position\":3,\"name\":\"Estaci\u00f3 Rentaulls Cederroth\"}]},{\"@type\":\"WebSite\",\"@id\":\"https:\\\/\\\/www.preventionshop.es\\\/ca\\\/#website\",\"url\":\"https:\\\/\\\/www.preventionshop.es\\\/ca\\\/\",\"name\":\"Prevention Shop\",\"description\":\"Etiquetas y carteles\",\"publisher\":{\"@id\":\"https:\\\/\\\/www.preventionshop.es\\\/ca\\\/#organization\"},\"alternateName\":\"Etiquetas y carteles\",\"potentialAction\":[{\"@type\":\"SearchAction\",\"target\":{\"@type\":\"EntryPoint\",\"urlTemplate\":\"https:\\\/\\\/www.preventionshop.es\\\/ca\\\/?s={search_term_string}\"},\"query-input\":{\"@type\":\"PropertyValueSpecification\",\"valueRequired\":true,\"valueName\":\"search_term_string\"}}],\"inLanguage\":\"ca\"},{\"@type\":\"Organization\",\"@id\":\"https:\\\/\\\/www.preventionshop.es\\\/ca\\\/#organization\",\"name\":\"Prevention Shop\",\"url\":\"https:\\\/\\\/www.preventionshop.es\\\/ca\\\/\",\"logo\":{\"@type\":\"ImageObject\",\"inLanguage\":\"ca\",\"@id\":\"https:\\\/\\\/www.preventionshop.es\\\/ca\\\/#\\\/schema\\\/logo\\\/image\\\/\",\"url\":\"https:\\\/\\\/www.preventionshop.es\\\/\\\/wp-content\\\/uploads\\\/2025\\\/12\\\/favi.png\",\"contentUrl\":\"https:\\\/\\\/www.preventionshop.es\\\/\\\/wp-content\\\/uploads\\\/2025\\\/12\\\/favi.png\",\"width\":512,\"height\":512,\"caption\":\"Prevention Shop\"},\"image\":{\"@id\":\"https:\\\/\\\/www.preventionshop.es\\\/ca\\\/#\\\/schema\\\/logo\\\/image\\\/\"},\"sameAs\":[\"https:\\\/\\\/www.facebook.com\\\/profile.php?id=100068991094376\",\"https:\\\/\\\/x.com\\\/PreventionShop\",\"https:\\\/\\\/www.instagram.com\\\/preventionshop.es\\\/\"]}]}<\/script>\n<!-- \/ Yoast SEO plugin. -->","yoast_head_json":{"title":"Estaci\u00f3 Rentaulls Cederroth","description":"Inclou:   -2 ampolles de rentaulls 500ml (ref. 725200)  -Dispensador d'ap\u00f2sits Salvequick. Inclou 45 ap\u00f2sits t\u00e8xtils (ref. 6444) y 40 ap\u00f2sits de pl\u00e0stic (ref. 6036)  -Instruccions  -Clau","robots":{"index":"index","follow":"follow","max-snippet":"max-snippet:-1","max-image-preview":"max-image-preview:large","max-video-preview":"max-video-preview:-1"},"canonical":"Inclou:   -2 ampolles de rentaulls 500ml (ref. 725200)  -Dispensador d'ap\u00f2sits Salvequick. Inclou 45 ap\u00f2sits t\u00e8xtils (ref. 6444) y 40 ap\u00f2sits de pl\u00e0stic (ref. 6036)  -Instruccions  -Clau","og_locale":"ca_ES","og_type":"article","og_title":"Estaci\u00f3 Rentaulls Cederroth","og_description":"Inclou:   -2 ampolles de rentaulls 500ml (ref. 725200)  -Dispensador d'ap\u00f2sits Salvequick. Inclou 45 ap\u00f2sits t\u00e8xtils (ref. 6444) y 40 ap\u00f2sits de pl\u00e0stic (ref. 6036)  -Instruccions  -Clau","og_url":"https:\/\/www.preventionshop.es\/ca\/product\/estacion-lavaojos-cederroth\/","og_site_name":"Prevention Shop","article_publisher":"https:\/\/www.facebook.com\/profile.php?id=100068991094376","article_modified_time":"2026-01-04T18:22:51+00:00","og_image":[{"width":768,"height":768,"url":"https:\/\/www.preventionshop.es\/wp-content\/uploads\/2019\/02\/384-Estacion-Lavaojos-Cederroth.jpg","type":"image\/jpeg"}],"twitter_card":"summary_large_image","twitter_site":"@PreventionShop","twitter_misc":{"Temps estimat de lectura":"2 minuts"},"schema":{"@context":"https:\/\/schema.org","@graph":[{"@type":"WebPage","@id":"https:\/\/www.preventionshop.es\/ca\/product\/estacion-lavaojos-cederroth\/","url":"https:\/\/www.preventionshop.es\/ca\/product\/estacion-lavaojos-cederroth\/","name":"Estaci\u00f3n Lavaojos Cederroth - Prevention Shop","isPartOf":{"@id":"https:\/\/www.preventionshop.es\/#website"},"primaryImageOfPage":{"@id":"https:\/\/www.preventionshop.es\/ca\/product\/estacion-lavaojos-cederroth\/#primaryimage"},"image":{"@id":"https:\/\/www.preventionshop.es\/ca\/product\/estacion-lavaojos-cederroth\/#primaryimage"},"thumbnailUrl":"https:\/\/www.preventionshop.es\/wp-content\/uploads\/2019\/02\/384-Estacion-Lavaojos-Cederroth.jpg","datePublished":"2019-02-01T15:32:33+00:00","dateModified":"2026-01-04T18:22:51+00:00","description":"Tienda online con los mejores productos para poder solventar las auditor\u00edas necesarias de la industria moderna. No Brady, Seton, Lock Out Tag Out de Master Lock.","breadcrumb":{"@id":"https:\/\/www.preventionshop.es\/ca\/product\/estacion-lavaojos-cederroth\/#breadcrumb"},"inLanguage":"ca","potentialAction":[{"@type":"ReadAction","target":["https:\/\/www.preventionshop.es\/ca\/product\/estacion-lavaojos-cederroth\/"]}]},{"@type":"ImageObject","inLanguage":"ca","@id":"https:\/\/www.preventionshop.es\/ca\/product\/estacion-lavaojos-cederroth\/#primaryimage","url":"https:\/\/www.preventionshop.es\/wp-content\/uploads\/2019\/02\/384-Estacion-Lavaojos-Cederroth.jpg","contentUrl":"https:\/\/www.preventionshop.es\/wp-content\/uploads\/2019\/02\/384-Estacion-Lavaojos-Cederroth.jpg","width":768,"height":768,"caption":"Estaci\u00f3n Lavaojos Cederroth"},{"@type":"BreadcrumbList","@id":"https:\/\/www.preventionshop.es\/ca\/product\/estacion-lavaojos-cederroth\/#breadcrumb","itemListElement":[{"@type":"ListItem","position":1,"name":"Inici - Prevention Shop","item":"https:\/\/www.preventionshop.es\/"},{"@type":"ListItem","position":2,"name":"Productos","item":"https:\/\/www.preventionshop.es\/product\/"},{"@type":"ListItem","position":3,"name":"Estaci\u00f3 Rentaulls Cederroth"}]},{"@type":"WebSite","@id":"https:\/\/www.preventionshop.es\/ca\/#website","url":"https:\/\/www.preventionshop.es\/ca\/","name":"Prevention Shop","description":"Etiquetas y carteles","publisher":{"@id":"https:\/\/www.preventionshop.es\/ca\/#organization"},"alternateName":"Etiquetas y carteles","potentialAction":[{"@type":"SearchAction","target":{"@type":"EntryPoint","urlTemplate":"https:\/\/www.preventionshop.es\/ca\/?s={search_term_string}"},"query-input":{"@type":"PropertyValueSpecification","valueRequired":true,"valueName":"search_term_string"}}],"inLanguage":"ca"},{"@type":"Organization","@id":"https:\/\/www.preventionshop.es\/ca\/#organization","name":"Prevention Shop","url":"https:\/\/www.preventionshop.es\/ca\/","logo":{"@type":"ImageObject","inLanguage":"ca","@id":"https:\/\/www.preventionshop.es\/ca\/#\/schema\/logo\/image\/","url":"https:\/\/www.preventionshop.es\/\/wp-content\/uploads\/2025\/12\/favi.png","contentUrl":"https:\/\/www.preventionshop.es\/\/wp-content\/uploads\/2025\/12\/favi.png","width":512,"height":512,"caption":"Prevention Shop"},"image":{"@id":"https:\/\/www.preventionshop.es\/ca\/#\/schema\/logo\/image\/"},"sameAs":["https:\/\/www.facebook.com\/profile.php?id=100068991094376","https:\/\/x.com\/PreventionShop","https:\/\/www.instagram.com\/preventionshop.es\/"]}]}},"_links":{"self":[{"href":"https:\/\/www.preventionshop.es\/ca\/wp-json\/wp\/v2\/product\/1152","targetHints":{"allow":["GET"]}}],"collection":[{"href":"https:\/\/www.preventionshop.es\/ca\/wp-json\/wp\/v2\/product"}],"about":[{"href":"https:\/\/www.preventionshop.es\/ca\/wp-json\/wp\/v2\/types\/product"}],"wp:featuredmedia":[{"embeddable":true,"href":"https:\/\/www.preventionshop.es\/ca\/wp-json\/wp\/v2\/media\/1148"}],"wp:attachment":[{"href":"https:\/\/www.preventionshop.es\/ca\/wp-json\/wp\/v2\/media?parent=1152"}],"wp:term":[{"taxonomy":"product_brand","embeddable":true,"href":"https:\/\/www.preventionshop.es\/ca\/wp-json\/wp\/v2\/product_brand?post=1152"},{"taxonomy":"product_cat","embeddable":true,"href":"https:\/\/www.preventionshop.es\/ca\/wp-json\/wp\/v2\/product_cat?post=1152"},{"taxonomy":"product_tag","embeddable":true,"href":"https:\/\/www.preventionshop.es\/ca\/wp-json\/wp\/v2\/product_tag?post=1152"}],"curies":[{"name":"wp","href":"https:\/\/api.w.org\/{rel}","templated":true}]}}