{"id":1187,"date":"2020-02-12T10:55:04","date_gmt":"2020-02-12T09:55:04","guid":{"rendered":"https:\/\/www.preventionshop.es\/?product=mascarillas-smart-solo"},"modified":"2025-12-09T06:20:50","modified_gmt":"2025-12-09T05:20:50","slug":"mascarillas-smart-solo","status":"publish","type":"product","link":"https:\/\/www.preventionshop.es\/ca\/product\/mascarillas-smart-solo\/","title":{"rendered":"Mascareta Moldex Smart Solo"},"content":{"rendered":"<p>Aprobada y cerfitificada per 149:2001 + A1:2009<\/p>\n<p>FFP2 NR D<\/p>\n<p>ESTRUCTURA DE EVA Duramesh<\/p>\n","protected":false},"excerpt":{"rendered":"<p>Mascareta Moldex<\/p>\n<p>&#8211; ActivForm: f\u00e0cil adaptaci\u00f3, sense necessitat de clip nassal<\/p>\n<p>&#8211; DuraMesh: m\u00e9s resist\u00e8ncia, estructura forta i duradera<\/p>\n<p>&#8211; Ventex: v\u00e0vula de exhal\u00b7laci\u00f3<\/p>\n<p>&#8211; Amb una corretja que facilita posar-se i trure&#8217;s la mascareta<\/p>\n<p>&#8211; M\u00e9s flexibilitat i resist\u00e8ncia<\/p>\n","protected":false},"featured_media":3259,"template":"","meta":{"inline_featured_image":false},"product_brand":[],"product_cat":[43],"product_tag":[],"class_list":{"0":"post-1187","1":"product","2":"type-product","3":"status-publish","4":"has-post-thumbnail","6":"product_cat-proteccio-respiratoria","8":"first","9":"instock","10":"taxable","11":"shipping-taxable","12":"purchasable","13":"product-type-simple"},"yoast_head":"<!-- This site is optimized with the Yoast SEO plugin v27.5 - https:\/\/yoast.com\/product\/yoast-seo-wordpress\/ -->\n<title>Mascareta Moldex Smart Solo<\/title>\n<meta name=\"description\" content=\"Mascareta Moldex  - ActivForm: f\u00e0cil adaptaci\u00f3, sense necessitat de clip nassal  - DuraMesh: m\u00e9s resist\u00e8ncia, estructura forta i duradera  - Ventex: v\u00e0vula de exhal\u00b7laci\u00f3  - Amb una corretja que facilita posar-se i trure&#039;s la mascareta  - M\u00e9s flexibilitat i resist\u00e8ncia\" \/>\n<meta name=\"robots\" content=\"index, follow, max-snippet:-1, max-image-preview:large, max-video-preview:-1\" \/>\n<link rel=\"canonical\" href=\"\" \/>\n<meta property=\"og:locale\" content=\"ca_ES\" \/>\n<meta property=\"og:type\" content=\"article\" \/>\n<meta property=\"og:title\" content=\"Mascareta Moldex Smart Solo\" \/>\n<meta property=\"og:description\" content=\"Mascareta Moldex  - ActivForm: f\u00e0cil adaptaci\u00f3, sense necessitat de clip nassal  - DuraMesh: m\u00e9s resist\u00e8ncia, estructura forta i duradera  - Ventex: v\u00e0vula de exhal\u00b7laci\u00f3  - Amb una corretja que facilita posar-se i trure&#039;s la mascareta  - M\u00e9s flexibilitat i resist\u00e8ncia\" \/>\n<meta property=\"og:url\" content=\"https:\/\/www.preventionshop.es\/ca\/product\/mascarillas-smart-solo\/\" \/>\n<meta property=\"og:site_name\" content=\"Prevention Shop\" \/>\n<meta property=\"article:publisher\" content=\"https:\/\/www.facebook.com\/profile.php?id=100068991094376\" \/>\n<meta property=\"article:modified_time\" content=\"2025-12-09T05:20:50+00:00\" \/>\n<meta property=\"og:image\" content=\"https:\/\/www.preventionshop.es\/wp-content\/uploads\/2020\/02\/439-Mascarilla-Moldex-Smart-Solo-1.jpg\" \/>\n\t<meta property=\"og:image:width\" content=\"500\" \/>\n\t<meta property=\"og:image:height\" content=\"500\" \/>\n\t<meta property=\"og:image:type\" content=\"image\/jpeg\" \/>\n<meta name=\"twitter:card\" content=\"summary_large_image\" \/>\n<meta name=\"twitter:site\" content=\"@PreventionShop\" \/>\n<script type=\"application\/ld+json\" class=\"yoast-schema-graph\">{\"@context\":\"https:\\\/\\\/schema.org\",\"@graph\":[{\"@type\":\"WebPage\",\"@id\":\"https:\\\/\\\/www.preventionshop.es\\\/ca\\\/product\\\/mascarillas-smart-solo\\\/\",\"url\":\"https:\\\/\\\/www.preventionshop.es\\\/ca\\\/product\\\/mascarillas-smart-solo\\\/\",\"name\":\"Mascarilla Moldex Smart Solo - Prevention Shop\",\"isPartOf\":{\"@id\":\"https:\\\/\\\/www.preventionshop.es\\\/#website\"},\"primaryImageOfPage\":{\"@id\":\"https:\\\/\\\/www.preventionshop.es\\\/ca\\\/product\\\/mascarillas-smart-solo\\\/#primaryimage\"},\"image\":{\"@id\":\"https:\\\/\\\/www.preventionshop.es\\\/ca\\\/product\\\/mascarillas-smart-solo\\\/#primaryimage\"},\"thumbnailUrl\":\"https:\\\/\\\/www.preventionshop.es\\\/wp-content\\\/uploads\\\/2020\\\/02\\\/439-Mascarilla-Moldex-Smart-Solo-1.jpg\",\"datePublished\":\"2020-02-12T09:55:04+00:00\",\"dateModified\":\"2025-12-09T05:20:50+00:00\",\"description\":\"Tienda online con los mejores productos para poder solventar las auditor\u00edas necesarias de la industria moderna. No Brady, Seton, Lock Out Tag Out de Master Lock.\",\"breadcrumb\":{\"@id\":\"https:\\\/\\\/www.preventionshop.es\\\/ca\\\/product\\\/mascarillas-smart-solo\\\/#breadcrumb\"},\"inLanguage\":\"ca\",\"potentialAction\":[{\"@type\":\"ReadAction\",\"target\":[\"https:\\\/\\\/www.preventionshop.es\\\/ca\\\/product\\\/mascarillas-smart-solo\\\/\"]}]},{\"@type\":\"ImageObject\",\"inLanguage\":\"ca\",\"@id\":\"https:\\\/\\\/www.preventionshop.es\\\/ca\\\/product\\\/mascarillas-smart-solo\\\/#primaryimage\",\"url\":\"https:\\\/\\\/www.preventionshop.es\\\/wp-content\\\/uploads\\\/2020\\\/02\\\/439-Mascarilla-Moldex-Smart-Solo-1.jpg\",\"contentUrl\":\"https:\\\/\\\/www.preventionshop.es\\\/wp-content\\\/uploads\\\/2020\\\/02\\\/439-Mascarilla-Moldex-Smart-Solo-1.jpg\",\"width\":500,\"height\":500},{\"@type\":\"BreadcrumbList\",\"@id\":\"https:\\\/\\\/www.preventionshop.es\\\/ca\\\/product\\\/mascarillas-smart-solo\\\/#breadcrumb\",\"itemListElement\":[{\"@type\":\"ListItem\",\"position\":1,\"name\":\"Inici - Prevention Shop\",\"item\":\"https:\\\/\\\/www.preventionshop.es\\\/\"},{\"@type\":\"ListItem\",\"position\":2,\"name\":\"Productos\",\"item\":\"https:\\\/\\\/www.preventionshop.es\\\/product\\\/\"},{\"@type\":\"ListItem\",\"position\":3,\"name\":\"Mascareta Moldex Smart Solo\"}]},{\"@type\":\"WebSite\",\"@id\":\"https:\\\/\\\/www.preventionshop.es\\\/ca\\\/#website\",\"url\":\"https:\\\/\\\/www.preventionshop.es\\\/ca\\\/\",\"name\":\"Prevention Shop\",\"description\":\"Etiquetas y carteles\",\"publisher\":{\"@id\":\"https:\\\/\\\/www.preventionshop.es\\\/ca\\\/#organization\"},\"alternateName\":\"Etiquetas y carteles\",\"potentialAction\":[{\"@type\":\"SearchAction\",\"target\":{\"@type\":\"EntryPoint\",\"urlTemplate\":\"https:\\\/\\\/www.preventionshop.es\\\/ca\\\/?s={search_term_string}\"},\"query-input\":{\"@type\":\"PropertyValueSpecification\",\"valueRequired\":true,\"valueName\":\"search_term_string\"}}],\"inLanguage\":\"ca\"},{\"@type\":\"Organization\",\"@id\":\"https:\\\/\\\/www.preventionshop.es\\\/ca\\\/#organization\",\"name\":\"Prevention Shop\",\"url\":\"https:\\\/\\\/www.preventionshop.es\\\/ca\\\/\",\"logo\":{\"@type\":\"ImageObject\",\"inLanguage\":\"ca\",\"@id\":\"https:\\\/\\\/www.preventionshop.es\\\/ca\\\/#\\\/schema\\\/logo\\\/image\\\/\",\"url\":\"https:\\\/\\\/www.preventionshop.es\\\/\\\/wp-content\\\/uploads\\\/2025\\\/12\\\/favi.png\",\"contentUrl\":\"https:\\\/\\\/www.preventionshop.es\\\/\\\/wp-content\\\/uploads\\\/2025\\\/12\\\/favi.png\",\"width\":512,\"height\":512,\"caption\":\"Prevention Shop\"},\"image\":{\"@id\":\"https:\\\/\\\/www.preventionshop.es\\\/ca\\\/#\\\/schema\\\/logo\\\/image\\\/\"},\"sameAs\":[\"https:\\\/\\\/www.facebook.com\\\/profile.php?id=100068991094376\",\"https:\\\/\\\/x.com\\\/PreventionShop\",\"https:\\\/\\\/www.instagram.com\\\/preventionshop.es\\\/\"]}]}<\/script>\n<!-- \/ Yoast SEO plugin. -->","yoast_head_json":{"title":"Mascareta Moldex Smart Solo","description":"Mascareta Moldex  - ActivForm: f\u00e0cil adaptaci\u00f3, sense necessitat de clip nassal  - DuraMesh: m\u00e9s resist\u00e8ncia, estructura forta i duradera  - Ventex: v\u00e0vula de exhal\u00b7laci\u00f3  - Amb una corretja que facilita posar-se i trure's la mascareta  - M\u00e9s flexibilitat i resist\u00e8ncia","robots":{"index":"index","follow":"follow","max-snippet":"max-snippet:-1","max-image-preview":"max-image-preview:large","max-video-preview":"max-video-preview:-1"},"canonical":"Mascareta Moldex  - ActivForm: f\u00e0cil adaptaci\u00f3, sense necessitat de clip nassal  - DuraMesh: m\u00e9s resist\u00e8ncia, estructura forta i duradera  - Ventex: v\u00e0vula de exhal\u00b7laci\u00f3  - Amb una corretja que facilita posar-se i trure's la mascareta  - M\u00e9s flexibilitat i resist\u00e8ncia","og_locale":"ca_ES","og_type":"article","og_title":"Mascareta Moldex Smart Solo","og_description":"Mascareta Moldex  - ActivForm: f\u00e0cil adaptaci\u00f3, sense necessitat de clip nassal  - DuraMesh: m\u00e9s resist\u00e8ncia, estructura forta i duradera  - Ventex: v\u00e0vula de exhal\u00b7laci\u00f3  - Amb una corretja que facilita posar-se i trure's la mascareta  - M\u00e9s flexibilitat i resist\u00e8ncia","og_url":"https:\/\/www.preventionshop.es\/ca\/product\/mascarillas-smart-solo\/","og_site_name":"Prevention Shop","article_publisher":"https:\/\/www.facebook.com\/profile.php?id=100068991094376","article_modified_time":"2025-12-09T05:20:50+00:00","og_image":[{"width":500,"height":500,"url":"https:\/\/www.preventionshop.es\/wp-content\/uploads\/2020\/02\/439-Mascarilla-Moldex-Smart-Solo-1.jpg","type":"image\/jpeg"}],"twitter_card":"summary_large_image","twitter_site":"@PreventionShop","schema":{"@context":"https:\/\/schema.org","@graph":[{"@type":"WebPage","@id":"https:\/\/www.preventionshop.es\/ca\/product\/mascarillas-smart-solo\/","url":"https:\/\/www.preventionshop.es\/ca\/product\/mascarillas-smart-solo\/","name":"Mascarilla Moldex Smart Solo - Prevention Shop","isPartOf":{"@id":"https:\/\/www.preventionshop.es\/#website"},"primaryImageOfPage":{"@id":"https:\/\/www.preventionshop.es\/ca\/product\/mascarillas-smart-solo\/#primaryimage"},"image":{"@id":"https:\/\/www.preventionshop.es\/ca\/product\/mascarillas-smart-solo\/#primaryimage"},"thumbnailUrl":"https:\/\/www.preventionshop.es\/wp-content\/uploads\/2020\/02\/439-Mascarilla-Moldex-Smart-Solo-1.jpg","datePublished":"2020-02-12T09:55:04+00:00","dateModified":"2025-12-09T05:20:50+00:00","description":"Tienda online con los mejores productos para poder solventar las auditor\u00edas necesarias de la industria moderna. No Brady, Seton, Lock Out Tag Out de Master Lock.","breadcrumb":{"@id":"https:\/\/www.preventionshop.es\/ca\/product\/mascarillas-smart-solo\/#breadcrumb"},"inLanguage":"ca","potentialAction":[{"@type":"ReadAction","target":["https:\/\/www.preventionshop.es\/ca\/product\/mascarillas-smart-solo\/"]}]},{"@type":"ImageObject","inLanguage":"ca","@id":"https:\/\/www.preventionshop.es\/ca\/product\/mascarillas-smart-solo\/#primaryimage","url":"https:\/\/www.preventionshop.es\/wp-content\/uploads\/2020\/02\/439-Mascarilla-Moldex-Smart-Solo-1.jpg","contentUrl":"https:\/\/www.preventionshop.es\/wp-content\/uploads\/2020\/02\/439-Mascarilla-Moldex-Smart-Solo-1.jpg","width":500,"height":500},{"@type":"BreadcrumbList","@id":"https:\/\/www.preventionshop.es\/ca\/product\/mascarillas-smart-solo\/#breadcrumb","itemListElement":[{"@type":"ListItem","position":1,"name":"Inici - Prevention Shop","item":"https:\/\/www.preventionshop.es\/"},{"@type":"ListItem","position":2,"name":"Productos","item":"https:\/\/www.preventionshop.es\/product\/"},{"@type":"ListItem","position":3,"name":"Mascareta Moldex Smart Solo"}]},{"@type":"WebSite","@id":"https:\/\/www.preventionshop.es\/ca\/#website","url":"https:\/\/www.preventionshop.es\/ca\/","name":"Prevention Shop","description":"Etiquetas y carteles","publisher":{"@id":"https:\/\/www.preventionshop.es\/ca\/#organization"},"alternateName":"Etiquetas y carteles","potentialAction":[{"@type":"SearchAction","target":{"@type":"EntryPoint","urlTemplate":"https:\/\/www.preventionshop.es\/ca\/?s={search_term_string}"},"query-input":{"@type":"PropertyValueSpecification","valueRequired":true,"valueName":"search_term_string"}}],"inLanguage":"ca"},{"@type":"Organization","@id":"https:\/\/www.preventionshop.es\/ca\/#organization","name":"Prevention Shop","url":"https:\/\/www.preventionshop.es\/ca\/","logo":{"@type":"ImageObject","inLanguage":"ca","@id":"https:\/\/www.preventionshop.es\/ca\/#\/schema\/logo\/image\/","url":"https:\/\/www.preventionshop.es\/\/wp-content\/uploads\/2025\/12\/favi.png","contentUrl":"https:\/\/www.preventionshop.es\/\/wp-content\/uploads\/2025\/12\/favi.png","width":512,"height":512,"caption":"Prevention Shop"},"image":{"@id":"https:\/\/www.preventionshop.es\/ca\/#\/schema\/logo\/image\/"},"sameAs":["https:\/\/www.facebook.com\/profile.php?id=100068991094376","https:\/\/x.com\/PreventionShop","https:\/\/www.instagram.com\/preventionshop.es\/"]}]}},"_links":{"self":[{"href":"https:\/\/www.preventionshop.es\/ca\/wp-json\/wp\/v2\/product\/1187","targetHints":{"allow":["GET"]}}],"collection":[{"href":"https:\/\/www.preventionshop.es\/ca\/wp-json\/wp\/v2\/product"}],"about":[{"href":"https:\/\/www.preventionshop.es\/ca\/wp-json\/wp\/v2\/types\/product"}],"wp:featuredmedia":[{"embeddable":true,"href":"https:\/\/www.preventionshop.es\/ca\/wp-json\/wp\/v2\/media\/3259"}],"wp:attachment":[{"href":"https:\/\/www.preventionshop.es\/ca\/wp-json\/wp\/v2\/media?parent=1187"}],"wp:term":[{"taxonomy":"product_brand","embeddable":true,"href":"https:\/\/www.preventionshop.es\/ca\/wp-json\/wp\/v2\/product_brand?post=1187"},{"taxonomy":"product_cat","embeddable":true,"href":"https:\/\/www.preventionshop.es\/ca\/wp-json\/wp\/v2\/product_cat?post=1187"},{"taxonomy":"product_tag","embeddable":true,"href":"https:\/\/www.preventionshop.es\/ca\/wp-json\/wp\/v2\/product_tag?post=1187"}],"curies":[{"name":"wp","href":"https:\/\/api.w.org\/{rel}","templated":true}]}}