{"id":1312,"date":"2023-02-01T13:23:28","date_gmt":"2023-02-01T12:23:28","guid":{"rendered":"https:\/\/www.preventionshop.es\/?product=etiqueta-azul-d20mm-proxima-revision-23-28-50u"},"modified":"2026-01-03T20:53:41","modified_gmt":"2026-01-03T19:53:41","slug":"etiqueta-azul-d20mm-proxima-revision-23-28-50u","status":"publish","type":"product","link":"https:\/\/www.preventionshop.es\/ca\/product\/etiqueta-azul-d20mm-proxima-revision-23-28-50u\/","title":{"rendered":"Etiqueta azul D.20mm pr\u00f3xima revisi\u00f3n 25-30 (50u.)"},"content":{"rendered":"<p>Etiqueta para calibraci\u00f3n o inspecci\u00f3n anual. Los a\u00f1os se pueden escoger. M\u00e1s info@preventionshop.es<\/p>\n","protected":false},"excerpt":{"rendered":"<p>Etiqueta para calibraci\u00f3n o inspecci\u00f3n anual. Los a\u00f1os se pueden escoger. M\u00e1s info@preventionshop.es<\/p>\n","protected":false},"featured_media":1311,"template":"","meta":{"inline_featured_image":false},"product_brand":[],"product_cat":[15],"product_tag":[],"class_list":{"0":"post-1312","1":"product","2":"type-product","3":"status-publish","4":"has-post-thumbnail","6":"product_cat-otros","8":"first","9":"instock","10":"taxable","11":"shipping-taxable","12":"purchasable","13":"product-type-simple"},"yoast_head":"<!-- This site is optimized with the Yoast SEO plugin v27.5 - https:\/\/yoast.com\/product\/yoast-seo-wordpress\/ -->\n<title>Etiqueta azul D.20mm pr\u00f3xima revisi\u00f3n 25-30 (50u.)<\/title>\n<meta name=\"description\" content=\"Etiqueta para calibraci\u00f3n o inspecci\u00f3n anual. Los a\u00f1os se pueden escoger. M\u00e1s info@preventionshop.es\" \/>\n<meta name=\"robots\" content=\"index, follow, max-snippet:-1, max-image-preview:large, max-video-preview:-1\" \/>\n<link rel=\"canonical\" href=\"http:\/\/Etiqueta%20para%20calibraci\u00f3n%20o%20inspecci\u00f3n%20anual.%20Los%20a\u00f1os%20se%20pueden%20escoger.%20M\u00e1s%20info@preventionshop.es\" \/>\n<meta property=\"og:locale\" content=\"ca_ES\" \/>\n<meta property=\"og:type\" content=\"article\" \/>\n<meta property=\"og:title\" content=\"Etiqueta azul D.20mm pr\u00f3xima revisi\u00f3n 25-30 (50u.)\" \/>\n<meta property=\"og:description\" content=\"Etiqueta para calibraci\u00f3n o inspecci\u00f3n anual. Los a\u00f1os se pueden escoger. M\u00e1s info@preventionshop.es\" \/>\n<meta property=\"og:url\" content=\"https:\/\/www.preventionshop.es\/ca\/product\/etiqueta-azul-d20mm-proxima-revision-23-28-50u\/\" \/>\n<meta property=\"og:site_name\" content=\"Prevention Shop\" \/>\n<meta property=\"article:publisher\" content=\"https:\/\/www.facebook.com\/profile.php?id=100068991094376\" \/>\n<meta property=\"article:modified_time\" content=\"2026-01-03T19:53:41+00:00\" \/>\n<meta property=\"og:image\" content=\"https:\/\/www.preventionshop.es\/wp-content\/uploads\/2023\/02\/605-Etiqueta-azul-D.20mm-proxima-revision-24-29-50u.jpg\" \/>\n\t<meta property=\"og:image:width\" content=\"343\" \/>\n\t<meta property=\"og:image:height\" content=\"343\" \/>\n\t<meta property=\"og:image:type\" content=\"image\/jpeg\" \/>\n<meta name=\"twitter:card\" content=\"summary_large_image\" \/>\n<meta name=\"twitter:site\" content=\"@PreventionShop\" \/>\n<meta name=\"twitter:label1\" content=\"Temps estimat de lectura\" \/>\n\t<meta name=\"twitter:data1\" content=\"1 minut\" \/>\n<script type=\"application\/ld+json\" class=\"yoast-schema-graph\">{\"@context\":\"https:\\\/\\\/schema.org\",\"@graph\":[{\"@type\":\"WebPage\",\"@id\":\"https:\\\/\\\/www.preventionshop.es\\\/ca\\\/product\\\/etiqueta-azul-d20mm-proxima-revision-23-28-50u\\\/\",\"url\":\"https:\\\/\\\/www.preventionshop.es\\\/ca\\\/product\\\/etiqueta-azul-d20mm-proxima-revision-23-28-50u\\\/\",\"name\":\"Etiqueta azul D.20mm pr\u00f3xima revisi\u00f3n 25-30 (50u.) - Prevention Shop\",\"isPartOf\":{\"@id\":\"https:\\\/\\\/www.preventionshop.es\\\/#website\"},\"primaryImageOfPage\":{\"@id\":\"https:\\\/\\\/www.preventionshop.es\\\/ca\\\/product\\\/etiqueta-azul-d20mm-proxima-revision-23-28-50u\\\/#primaryimage\"},\"image\":{\"@id\":\"https:\\\/\\\/www.preventionshop.es\\\/ca\\\/product\\\/etiqueta-azul-d20mm-proxima-revision-23-28-50u\\\/#primaryimage\"},\"thumbnailUrl\":\"https:\\\/\\\/www.preventionshop.es\\\/wp-content\\\/uploads\\\/2023\\\/02\\\/605-Etiqueta-azul-D.20mm-proxima-revision-24-29-50u.jpg\",\"datePublished\":\"2023-02-01T12:23:28+00:00\",\"dateModified\":\"2026-01-03T19:53:41+00:00\",\"description\":\"Tienda online con los mejores productos para poder solventar las auditor\u00edas necesarias de la industria moderna. No Brady, Seton, Lock Out Tag Out de Master Lock.\",\"breadcrumb\":{\"@id\":\"https:\\\/\\\/www.preventionshop.es\\\/ca\\\/product\\\/etiqueta-azul-d20mm-proxima-revision-23-28-50u\\\/#breadcrumb\"},\"inLanguage\":\"ca\",\"potentialAction\":[{\"@type\":\"ReadAction\",\"target\":[\"https:\\\/\\\/www.preventionshop.es\\\/ca\\\/product\\\/etiqueta-azul-d20mm-proxima-revision-23-28-50u\\\/\"]}]},{\"@type\":\"ImageObject\",\"inLanguage\":\"ca\",\"@id\":\"https:\\\/\\\/www.preventionshop.es\\\/ca\\\/product\\\/etiqueta-azul-d20mm-proxima-revision-23-28-50u\\\/#primaryimage\",\"url\":\"https:\\\/\\\/www.preventionshop.es\\\/wp-content\\\/uploads\\\/2023\\\/02\\\/605-Etiqueta-azul-D.20mm-proxima-revision-24-29-50u.jpg\",\"contentUrl\":\"https:\\\/\\\/www.preventionshop.es\\\/wp-content\\\/uploads\\\/2023\\\/02\\\/605-Etiqueta-azul-D.20mm-proxima-revision-24-29-50u.jpg\",\"width\":343,\"height\":343,\"caption\":\"Etiqueta azul D.20mm pr\u00f3xima revisi\u00f3n 24-29 (50u.)\"},{\"@type\":\"BreadcrumbList\",\"@id\":\"https:\\\/\\\/www.preventionshop.es\\\/ca\\\/product\\\/etiqueta-azul-d20mm-proxima-revision-23-28-50u\\\/#breadcrumb\",\"itemListElement\":[{\"@type\":\"ListItem\",\"position\":1,\"name\":\"Inici - Prevention Shop\",\"item\":\"https:\\\/\\\/www.preventionshop.es\\\/\"},{\"@type\":\"ListItem\",\"position\":2,\"name\":\"Productos\",\"item\":\"https:\\\/\\\/www.preventionshop.es\\\/product\\\/\"},{\"@type\":\"ListItem\",\"position\":3,\"name\":\"Etiqueta azul D.20mm pr\u00f3xima revisi\u00f3n 25-30 (50u.)\"}]},{\"@type\":\"WebSite\",\"@id\":\"https:\\\/\\\/www.preventionshop.es\\\/ca\\\/#website\",\"url\":\"https:\\\/\\\/www.preventionshop.es\\\/ca\\\/\",\"name\":\"Prevention Shop\",\"description\":\"Etiquetas y carteles\",\"publisher\":{\"@id\":\"https:\\\/\\\/www.preventionshop.es\\\/ca\\\/#organization\"},\"alternateName\":\"Etiquetas y carteles\",\"potentialAction\":[{\"@type\":\"SearchAction\",\"target\":{\"@type\":\"EntryPoint\",\"urlTemplate\":\"https:\\\/\\\/www.preventionshop.es\\\/ca\\\/?s={search_term_string}\"},\"query-input\":{\"@type\":\"PropertyValueSpecification\",\"valueRequired\":true,\"valueName\":\"search_term_string\"}}],\"inLanguage\":\"ca\"},{\"@type\":\"Organization\",\"@id\":\"https:\\\/\\\/www.preventionshop.es\\\/ca\\\/#organization\",\"name\":\"Prevention Shop\",\"url\":\"https:\\\/\\\/www.preventionshop.es\\\/ca\\\/\",\"logo\":{\"@type\":\"ImageObject\",\"inLanguage\":\"ca\",\"@id\":\"https:\\\/\\\/www.preventionshop.es\\\/ca\\\/#\\\/schema\\\/logo\\\/image\\\/\",\"url\":\"https:\\\/\\\/www.preventionshop.es\\\/\\\/wp-content\\\/uploads\\\/2025\\\/12\\\/favi.png\",\"contentUrl\":\"https:\\\/\\\/www.preventionshop.es\\\/\\\/wp-content\\\/uploads\\\/2025\\\/12\\\/favi.png\",\"width\":512,\"height\":512,\"caption\":\"Prevention Shop\"},\"image\":{\"@id\":\"https:\\\/\\\/www.preventionshop.es\\\/ca\\\/#\\\/schema\\\/logo\\\/image\\\/\"},\"sameAs\":[\"https:\\\/\\\/www.facebook.com\\\/profile.php?id=100068991094376\",\"https:\\\/\\\/x.com\\\/PreventionShop\",\"https:\\\/\\\/www.instagram.com\\\/preventionshop.es\\\/\"]}]}<\/script>\n<!-- \/ Yoast SEO plugin. -->","yoast_head_json":{"title":"Etiqueta azul D.20mm pr\u00f3xima revisi\u00f3n 25-30 (50u.)","description":"Etiqueta para calibraci\u00f3n o inspecci\u00f3n anual. Los a\u00f1os se pueden escoger. M\u00e1s info@preventionshop.es","robots":{"index":"index","follow":"follow","max-snippet":"max-snippet:-1","max-image-preview":"max-image-preview:large","max-video-preview":"max-video-preview:-1"},"canonical":"Etiqueta para calibraci\u00f3n o inspecci\u00f3n anual. Los a\u00f1os se pueden escoger. M\u00e1s info@preventionshop.es","og_locale":"ca_ES","og_type":"article","og_title":"Etiqueta azul D.20mm pr\u00f3xima revisi\u00f3n 25-30 (50u.)","og_description":"Etiqueta para calibraci\u00f3n o inspecci\u00f3n anual. Los a\u00f1os se pueden escoger. M\u00e1s info@preventionshop.es","og_url":"https:\/\/www.preventionshop.es\/ca\/product\/etiqueta-azul-d20mm-proxima-revision-23-28-50u\/","og_site_name":"Prevention Shop","article_publisher":"https:\/\/www.facebook.com\/profile.php?id=100068991094376","article_modified_time":"2026-01-03T19:53:41+00:00","og_image":[{"width":343,"height":343,"url":"https:\/\/www.preventionshop.es\/wp-content\/uploads\/2023\/02\/605-Etiqueta-azul-D.20mm-proxima-revision-24-29-50u.jpg","type":"image\/jpeg"}],"twitter_card":"summary_large_image","twitter_site":"@PreventionShop","twitter_misc":{"Temps estimat de lectura":"1 minut"},"schema":{"@context":"https:\/\/schema.org","@graph":[{"@type":"WebPage","@id":"https:\/\/www.preventionshop.es\/ca\/product\/etiqueta-azul-d20mm-proxima-revision-23-28-50u\/","url":"https:\/\/www.preventionshop.es\/ca\/product\/etiqueta-azul-d20mm-proxima-revision-23-28-50u\/","name":"Etiqueta azul D.20mm pr\u00f3xima revisi\u00f3n 25-30 (50u.) - Prevention Shop","isPartOf":{"@id":"https:\/\/www.preventionshop.es\/#website"},"primaryImageOfPage":{"@id":"https:\/\/www.preventionshop.es\/ca\/product\/etiqueta-azul-d20mm-proxima-revision-23-28-50u\/#primaryimage"},"image":{"@id":"https:\/\/www.preventionshop.es\/ca\/product\/etiqueta-azul-d20mm-proxima-revision-23-28-50u\/#primaryimage"},"thumbnailUrl":"https:\/\/www.preventionshop.es\/wp-content\/uploads\/2023\/02\/605-Etiqueta-azul-D.20mm-proxima-revision-24-29-50u.jpg","datePublished":"2023-02-01T12:23:28+00:00","dateModified":"2026-01-03T19:53:41+00:00","description":"Tienda online con los mejores productos para poder solventar las auditor\u00edas necesarias de la industria moderna. No Brady, Seton, Lock Out Tag Out de Master Lock.","breadcrumb":{"@id":"https:\/\/www.preventionshop.es\/ca\/product\/etiqueta-azul-d20mm-proxima-revision-23-28-50u\/#breadcrumb"},"inLanguage":"ca","potentialAction":[{"@type":"ReadAction","target":["https:\/\/www.preventionshop.es\/ca\/product\/etiqueta-azul-d20mm-proxima-revision-23-28-50u\/"]}]},{"@type":"ImageObject","inLanguage":"ca","@id":"https:\/\/www.preventionshop.es\/ca\/product\/etiqueta-azul-d20mm-proxima-revision-23-28-50u\/#primaryimage","url":"https:\/\/www.preventionshop.es\/wp-content\/uploads\/2023\/02\/605-Etiqueta-azul-D.20mm-proxima-revision-24-29-50u.jpg","contentUrl":"https:\/\/www.preventionshop.es\/wp-content\/uploads\/2023\/02\/605-Etiqueta-azul-D.20mm-proxima-revision-24-29-50u.jpg","width":343,"height":343,"caption":"Etiqueta azul D.20mm pr\u00f3xima revisi\u00f3n 24-29 (50u.)"},{"@type":"BreadcrumbList","@id":"https:\/\/www.preventionshop.es\/ca\/product\/etiqueta-azul-d20mm-proxima-revision-23-28-50u\/#breadcrumb","itemListElement":[{"@type":"ListItem","position":1,"name":"Inici - Prevention Shop","item":"https:\/\/www.preventionshop.es\/"},{"@type":"ListItem","position":2,"name":"Productos","item":"https:\/\/www.preventionshop.es\/product\/"},{"@type":"ListItem","position":3,"name":"Etiqueta azul D.20mm pr\u00f3xima revisi\u00f3n 25-30 (50u.)"}]},{"@type":"WebSite","@id":"https:\/\/www.preventionshop.es\/ca\/#website","url":"https:\/\/www.preventionshop.es\/ca\/","name":"Prevention Shop","description":"Etiquetas y carteles","publisher":{"@id":"https:\/\/www.preventionshop.es\/ca\/#organization"},"alternateName":"Etiquetas y carteles","potentialAction":[{"@type":"SearchAction","target":{"@type":"EntryPoint","urlTemplate":"https:\/\/www.preventionshop.es\/ca\/?s={search_term_string}"},"query-input":{"@type":"PropertyValueSpecification","valueRequired":true,"valueName":"search_term_string"}}],"inLanguage":"ca"},{"@type":"Organization","@id":"https:\/\/www.preventionshop.es\/ca\/#organization","name":"Prevention Shop","url":"https:\/\/www.preventionshop.es\/ca\/","logo":{"@type":"ImageObject","inLanguage":"ca","@id":"https:\/\/www.preventionshop.es\/ca\/#\/schema\/logo\/image\/","url":"https:\/\/www.preventionshop.es\/\/wp-content\/uploads\/2025\/12\/favi.png","contentUrl":"https:\/\/www.preventionshop.es\/\/wp-content\/uploads\/2025\/12\/favi.png","width":512,"height":512,"caption":"Prevention Shop"},"image":{"@id":"https:\/\/www.preventionshop.es\/ca\/#\/schema\/logo\/image\/"},"sameAs":["https:\/\/www.facebook.com\/profile.php?id=100068991094376","https:\/\/x.com\/PreventionShop","https:\/\/www.instagram.com\/preventionshop.es\/"]}]}},"_links":{"self":[{"href":"https:\/\/www.preventionshop.es\/ca\/wp-json\/wp\/v2\/product\/1312","targetHints":{"allow":["GET"]}}],"collection":[{"href":"https:\/\/www.preventionshop.es\/ca\/wp-json\/wp\/v2\/product"}],"about":[{"href":"https:\/\/www.preventionshop.es\/ca\/wp-json\/wp\/v2\/types\/product"}],"wp:featuredmedia":[{"embeddable":true,"href":"https:\/\/www.preventionshop.es\/ca\/wp-json\/wp\/v2\/media\/1311"}],"wp:attachment":[{"href":"https:\/\/www.preventionshop.es\/ca\/wp-json\/wp\/v2\/media?parent=1312"}],"wp:term":[{"taxonomy":"product_brand","embeddable":true,"href":"https:\/\/www.preventionshop.es\/ca\/wp-json\/wp\/v2\/product_brand?post=1312"},{"taxonomy":"product_cat","embeddable":true,"href":"https:\/\/www.preventionshop.es\/ca\/wp-json\/wp\/v2\/product_cat?post=1312"},{"taxonomy":"product_tag","embeddable":true,"href":"https:\/\/www.preventionshop.es\/ca\/wp-json\/wp\/v2\/product_tag?post=1312"}],"curies":[{"name":"wp","href":"https:\/\/api.w.org\/{rel}","templated":true}]}}