{"id":3309,"date":"2026-01-03T22:10:31","date_gmt":"2026-01-03T21:10:31","guid":{"rendered":"https:\/\/www.preventionshop.es\/product\/\/"},"modified":"2026-01-03T22:12:00","modified_gmt":"2026-01-03T21:12:00","slug":"nuevo-atornillador-electrico-flex-sd-7-320-4","status":"publish","type":"product","link":"https:\/\/www.preventionshop.es\/ca\/product\/nuevo-atornillador-electrico-flex-sd-7-320-4\/","title":{"rendered":"NUEVO ATORNILLADOR EL\u00c9CTRICO FLEX SD 7-320 4"},"content":{"rendered":"<p>Tensi\u00f3n 4 V, revoluciones 0-320 rpm, par m\u00e1ximo 5 Nm, 7 niveles de par, para puntas 1\/4\u201d, con luz led integrada<\/p>\n<p>Con cargador USB C, cinta, bolsa de transporte y caja de cart\u00f3n Marca Flex.<strong>REF 534.549<\/strong><\/p>\n","protected":false},"excerpt":{"rendered":"<p>Tensi\u00f3n 4 V, revoluciones 0-320 rpm, par m\u00e1ximo 5 Nm, 7 niveles de par, para puntas 1\/4\u201d, con luz led integrada<\/p>\n<p>Con cargador USB C, cinta, bolsa de transporte y caja de cart\u00f3n<\/p>\n","protected":false},"featured_media":3310,"template":"","meta":{"inline_featured_image":false},"product_brand":[210],"product_cat":[54,15],"product_tag":[],"class_list":{"0":"post-3309","1":"product","2":"type-product","3":"status-publish","4":"has-post-thumbnail","6":"product_brand-flex","7":"product_cat-herramientas-electricas-bateria","8":"product_cat-otros","10":"first","11":"instock","12":"taxable","13":"shipping-taxable","14":"purchasable","15":"product-type-simple"},"yoast_head":"<!-- This site is optimized with the Yoast SEO plugin v27.5 - https:\/\/yoast.com\/product\/yoast-seo-wordpress\/ -->\n<title>NUEVO ATORNILLADOR EL\u00c9CTRICO FLEX SD 7-320 4<\/title>\n<meta name=\"description\" content=\"Tensi\u00f3n 4 V, revoluciones 0-320 rpm, par m\u00e1ximo 5 Nm, 7 niveles de par, para puntas 1\/4\u201d, con luz led integrada  Con cargador USB C, cinta, bolsa de transporte y caja de cart\u00f3n\" \/>\n<meta name=\"robots\" content=\"index, follow, max-snippet:-1, max-image-preview:large, max-video-preview:-1\" \/>\n<link rel=\"canonical\" href=\"http:\/\/Tensi\u00f3n%204%20V,%20revoluciones%200-320%20rpm,%20par%20m\u00e1ximo%205%20Nm,%207%20niveles%20de%20par,%20para%20puntas%201\/4\u201d,%20con%20luz%20led%20integrada%20%20Con%20cargador%20USB%20C,%20cinta,%20bolsa%20de%20transporte%20y%20caja%20de%20cart\u00f3n\" \/>\n<meta property=\"og:locale\" content=\"ca_ES\" \/>\n<meta property=\"og:type\" content=\"article\" \/>\n<meta property=\"og:title\" content=\"NUEVO ATORNILLADOR EL\u00c9CTRICO FLEX SD 7-320 4\" \/>\n<meta property=\"og:description\" content=\"Tensi\u00f3n 4 V, revoluciones 0-320 rpm, par m\u00e1ximo 5 Nm, 7 niveles de par, para puntas 1\/4\u201d, con luz led integrada  Con cargador USB C, cinta, bolsa de transporte y caja de cart\u00f3n\" \/>\n<meta property=\"og:url\" content=\"https:\/\/www.preventionshop.es\/ca\/product\/nuevo-atornillador-electrico-flex-sd-7-320-4\/\" \/>\n<meta property=\"og:site_name\" content=\"Prevention Shop\" \/>\n<meta property=\"article:publisher\" content=\"https:\/\/www.facebook.com\/profile.php?id=100068991094376\" \/>\n<meta property=\"article:modified_time\" content=\"2026-01-03T21:12:00+00:00\" \/>\n<meta property=\"og:image\" content=\"https:\/\/www.preventionshop.es\/wp-content\/uploads\/2026\/01\/SD7_320_4-534_549.jpg\" \/>\n\t<meta property=\"og:image:width\" content=\"1144\" \/>\n\t<meta property=\"og:image:height\" content=\"786\" \/>\n\t<meta property=\"og:image:type\" content=\"image\/jpeg\" \/>\n<meta name=\"twitter:card\" content=\"summary_large_image\" \/>\n<meta name=\"twitter:site\" content=\"@PreventionShop\" \/>\n<meta name=\"twitter:label1\" content=\"Temps estimat de lectura\" \/>\n\t<meta name=\"twitter:data1\" content=\"1 minut\" \/>\n<script type=\"application\/ld+json\" class=\"yoast-schema-graph\">{\"@context\":\"https:\\\/\\\/schema.org\",\"@graph\":[{\"@type\":\"WebPage\",\"@id\":\"https:\\\/\\\/www.preventionshop.es\\\/ca\\\/product\\\/nuevo-atornillador-electrico-flex-sd-7-320-4\\\/\",\"url\":\"https:\\\/\\\/www.preventionshop.es\\\/ca\\\/product\\\/nuevo-atornillador-electrico-flex-sd-7-320-4\\\/\",\"name\":\"NUEVO ATORNILLADOR EL\u00c9CTRICO FLEX SD 7-320 4 - Prevention Shop\",\"isPartOf\":{\"@id\":\"https:\\\/\\\/www.preventionshop.es\\\/#website\"},\"primaryImageOfPage\":{\"@id\":\"https:\\\/\\\/www.preventionshop.es\\\/ca\\\/product\\\/nuevo-atornillador-electrico-flex-sd-7-320-4\\\/#primaryimage\"},\"image\":{\"@id\":\"https:\\\/\\\/www.preventionshop.es\\\/ca\\\/product\\\/nuevo-atornillador-electrico-flex-sd-7-320-4\\\/#primaryimage\"},\"thumbnailUrl\":\"https:\\\/\\\/www.preventionshop.es\\\/wp-content\\\/uploads\\\/2026\\\/01\\\/SD7_320_4-534_549.jpg\",\"datePublished\":\"2026-01-03T21:10:31+00:00\",\"dateModified\":\"2026-01-03T21:12:00+00:00\",\"description\":\"Tienda online con los mejores productos para poder solventar las auditor\u00edas necesarias de la industria moderna. No Brady, Seton, Lock Out Tag Out de Master Lock.\",\"breadcrumb\":{\"@id\":\"https:\\\/\\\/www.preventionshop.es\\\/ca\\\/product\\\/nuevo-atornillador-electrico-flex-sd-7-320-4\\\/#breadcrumb\"},\"inLanguage\":\"ca\",\"potentialAction\":[{\"@type\":\"ReadAction\",\"target\":[\"https:\\\/\\\/www.preventionshop.es\\\/ca\\\/product\\\/nuevo-atornillador-electrico-flex-sd-7-320-4\\\/\"]}]},{\"@type\":\"ImageObject\",\"inLanguage\":\"ca\",\"@id\":\"https:\\\/\\\/www.preventionshop.es\\\/ca\\\/product\\\/nuevo-atornillador-electrico-flex-sd-7-320-4\\\/#primaryimage\",\"url\":\"https:\\\/\\\/www.preventionshop.es\\\/wp-content\\\/uploads\\\/2026\\\/01\\\/SD7_320_4-534_549.jpg\",\"contentUrl\":\"https:\\\/\\\/www.preventionshop.es\\\/wp-content\\\/uploads\\\/2026\\\/01\\\/SD7_320_4-534_549.jpg\",\"width\":1144,\"height\":786,\"caption\":\"Destornilador electrico\"},{\"@type\":\"BreadcrumbList\",\"@id\":\"https:\\\/\\\/www.preventionshop.es\\\/ca\\\/product\\\/nuevo-atornillador-electrico-flex-sd-7-320-4\\\/#breadcrumb\",\"itemListElement\":[{\"@type\":\"ListItem\",\"position\":1,\"name\":\"Inici - Prevention Shop\",\"item\":\"https:\\\/\\\/www.preventionshop.es\\\/\"},{\"@type\":\"ListItem\",\"position\":2,\"name\":\"Productos\",\"item\":\"https:\\\/\\\/www.preventionshop.es\\\/product\\\/\"},{\"@type\":\"ListItem\",\"position\":3,\"name\":\"NUEVO ATORNILLADOR EL\u00c9CTRICO FLEX SD 7-320 4\"}]},{\"@type\":\"WebSite\",\"@id\":\"https:\\\/\\\/www.preventionshop.es\\\/ca\\\/#website\",\"url\":\"https:\\\/\\\/www.preventionshop.es\\\/ca\\\/\",\"name\":\"Prevention Shop\",\"description\":\"Etiquetas y carteles\",\"publisher\":{\"@id\":\"https:\\\/\\\/www.preventionshop.es\\\/ca\\\/#organization\"},\"alternateName\":\"Etiquetas y carteles\",\"potentialAction\":[{\"@type\":\"SearchAction\",\"target\":{\"@type\":\"EntryPoint\",\"urlTemplate\":\"https:\\\/\\\/www.preventionshop.es\\\/ca\\\/?s={search_term_string}\"},\"query-input\":{\"@type\":\"PropertyValueSpecification\",\"valueRequired\":true,\"valueName\":\"search_term_string\"}}],\"inLanguage\":\"ca\"},{\"@type\":\"Organization\",\"@id\":\"https:\\\/\\\/www.preventionshop.es\\\/ca\\\/#organization\",\"name\":\"Prevention Shop\",\"url\":\"https:\\\/\\\/www.preventionshop.es\\\/ca\\\/\",\"logo\":{\"@type\":\"ImageObject\",\"inLanguage\":\"ca\",\"@id\":\"https:\\\/\\\/www.preventionshop.es\\\/ca\\\/#\\\/schema\\\/logo\\\/image\\\/\",\"url\":\"https:\\\/\\\/www.preventionshop.es\\\/\\\/wp-content\\\/uploads\\\/2025\\\/12\\\/favi.png\",\"contentUrl\":\"https:\\\/\\\/www.preventionshop.es\\\/\\\/wp-content\\\/uploads\\\/2025\\\/12\\\/favi.png\",\"width\":512,\"height\":512,\"caption\":\"Prevention Shop\"},\"image\":{\"@id\":\"https:\\\/\\\/www.preventionshop.es\\\/ca\\\/#\\\/schema\\\/logo\\\/image\\\/\"},\"sameAs\":[\"https:\\\/\\\/www.facebook.com\\\/profile.php?id=100068991094376\",\"https:\\\/\\\/x.com\\\/PreventionShop\",\"https:\\\/\\\/www.instagram.com\\\/preventionshop.es\\\/\"]}]}<\/script>\n<!-- \/ Yoast SEO plugin. -->","yoast_head_json":{"title":"NUEVO ATORNILLADOR EL\u00c9CTRICO FLEX SD 7-320 4","description":"Tensi\u00f3n 4 V, revoluciones 0-320 rpm, par m\u00e1ximo 5 Nm, 7 niveles de par, para puntas 1\/4\u201d, con luz led integrada  Con cargador USB C, cinta, bolsa de transporte y caja de cart\u00f3n","robots":{"index":"index","follow":"follow","max-snippet":"max-snippet:-1","max-image-preview":"max-image-preview:large","max-video-preview":"max-video-preview:-1"},"canonical":"Tensi\u00f3n 4 V, revoluciones 0-320 rpm, par m\u00e1ximo 5 Nm, 7 niveles de par, para puntas 1\/4\u201d, con luz led integrada  Con cargador USB C, cinta, bolsa de transporte y caja de cart\u00f3n","og_locale":"ca_ES","og_type":"article","og_title":"NUEVO ATORNILLADOR EL\u00c9CTRICO FLEX SD 7-320 4","og_description":"Tensi\u00f3n 4 V, revoluciones 0-320 rpm, par m\u00e1ximo 5 Nm, 7 niveles de par, para puntas 1\/4\u201d, con luz led integrada  Con cargador USB C, cinta, bolsa de transporte y caja de cart\u00f3n","og_url":"https:\/\/www.preventionshop.es\/ca\/product\/nuevo-atornillador-electrico-flex-sd-7-320-4\/","og_site_name":"Prevention Shop","article_publisher":"https:\/\/www.facebook.com\/profile.php?id=100068991094376","article_modified_time":"2026-01-03T21:12:00+00:00","og_image":[{"width":1144,"height":786,"url":"https:\/\/www.preventionshop.es\/wp-content\/uploads\/2026\/01\/SD7_320_4-534_549.jpg","type":"image\/jpeg"}],"twitter_card":"summary_large_image","twitter_site":"@PreventionShop","twitter_misc":{"Temps estimat de lectura":"1 minut"},"schema":{"@context":"https:\/\/schema.org","@graph":[{"@type":"WebPage","@id":"https:\/\/www.preventionshop.es\/ca\/product\/nuevo-atornillador-electrico-flex-sd-7-320-4\/","url":"https:\/\/www.preventionshop.es\/ca\/product\/nuevo-atornillador-electrico-flex-sd-7-320-4\/","name":"NUEVO ATORNILLADOR EL\u00c9CTRICO FLEX SD 7-320 4 - Prevention Shop","isPartOf":{"@id":"https:\/\/www.preventionshop.es\/#website"},"primaryImageOfPage":{"@id":"https:\/\/www.preventionshop.es\/ca\/product\/nuevo-atornillador-electrico-flex-sd-7-320-4\/#primaryimage"},"image":{"@id":"https:\/\/www.preventionshop.es\/ca\/product\/nuevo-atornillador-electrico-flex-sd-7-320-4\/#primaryimage"},"thumbnailUrl":"https:\/\/www.preventionshop.es\/wp-content\/uploads\/2026\/01\/SD7_320_4-534_549.jpg","datePublished":"2026-01-03T21:10:31+00:00","dateModified":"2026-01-03T21:12:00+00:00","description":"Tienda online con los mejores productos para poder solventar las auditor\u00edas necesarias de la industria moderna. No Brady, Seton, Lock Out Tag Out de Master Lock.","breadcrumb":{"@id":"https:\/\/www.preventionshop.es\/ca\/product\/nuevo-atornillador-electrico-flex-sd-7-320-4\/#breadcrumb"},"inLanguage":"ca","potentialAction":[{"@type":"ReadAction","target":["https:\/\/www.preventionshop.es\/ca\/product\/nuevo-atornillador-electrico-flex-sd-7-320-4\/"]}]},{"@type":"ImageObject","inLanguage":"ca","@id":"https:\/\/www.preventionshop.es\/ca\/product\/nuevo-atornillador-electrico-flex-sd-7-320-4\/#primaryimage","url":"https:\/\/www.preventionshop.es\/wp-content\/uploads\/2026\/01\/SD7_320_4-534_549.jpg","contentUrl":"https:\/\/www.preventionshop.es\/wp-content\/uploads\/2026\/01\/SD7_320_4-534_549.jpg","width":1144,"height":786,"caption":"Destornilador electrico"},{"@type":"BreadcrumbList","@id":"https:\/\/www.preventionshop.es\/ca\/product\/nuevo-atornillador-electrico-flex-sd-7-320-4\/#breadcrumb","itemListElement":[{"@type":"ListItem","position":1,"name":"Inici - Prevention Shop","item":"https:\/\/www.preventionshop.es\/"},{"@type":"ListItem","position":2,"name":"Productos","item":"https:\/\/www.preventionshop.es\/product\/"},{"@type":"ListItem","position":3,"name":"NUEVO ATORNILLADOR EL\u00c9CTRICO FLEX SD 7-320 4"}]},{"@type":"WebSite","@id":"https:\/\/www.preventionshop.es\/ca\/#website","url":"https:\/\/www.preventionshop.es\/ca\/","name":"Prevention Shop","description":"Etiquetas y carteles","publisher":{"@id":"https:\/\/www.preventionshop.es\/ca\/#organization"},"alternateName":"Etiquetas y carteles","potentialAction":[{"@type":"SearchAction","target":{"@type":"EntryPoint","urlTemplate":"https:\/\/www.preventionshop.es\/ca\/?s={search_term_string}"},"query-input":{"@type":"PropertyValueSpecification","valueRequired":true,"valueName":"search_term_string"}}],"inLanguage":"ca"},{"@type":"Organization","@id":"https:\/\/www.preventionshop.es\/ca\/#organization","name":"Prevention Shop","url":"https:\/\/www.preventionshop.es\/ca\/","logo":{"@type":"ImageObject","inLanguage":"ca","@id":"https:\/\/www.preventionshop.es\/ca\/#\/schema\/logo\/image\/","url":"https:\/\/www.preventionshop.es\/\/wp-content\/uploads\/2025\/12\/favi.png","contentUrl":"https:\/\/www.preventionshop.es\/\/wp-content\/uploads\/2025\/12\/favi.png","width":512,"height":512,"caption":"Prevention Shop"},"image":{"@id":"https:\/\/www.preventionshop.es\/ca\/#\/schema\/logo\/image\/"},"sameAs":["https:\/\/www.facebook.com\/profile.php?id=100068991094376","https:\/\/x.com\/PreventionShop","https:\/\/www.instagram.com\/preventionshop.es\/"]}]}},"_links":{"self":[{"href":"https:\/\/www.preventionshop.es\/ca\/wp-json\/wp\/v2\/product\/3309","targetHints":{"allow":["GET"]}}],"collection":[{"href":"https:\/\/www.preventionshop.es\/ca\/wp-json\/wp\/v2\/product"}],"about":[{"href":"https:\/\/www.preventionshop.es\/ca\/wp-json\/wp\/v2\/types\/product"}],"wp:featuredmedia":[{"embeddable":true,"href":"https:\/\/www.preventionshop.es\/ca\/wp-json\/wp\/v2\/media\/3310"}],"wp:attachment":[{"href":"https:\/\/www.preventionshop.es\/ca\/wp-json\/wp\/v2\/media?parent=3309"}],"wp:term":[{"taxonomy":"product_brand","embeddable":true,"href":"https:\/\/www.preventionshop.es\/ca\/wp-json\/wp\/v2\/product_brand?post=3309"},{"taxonomy":"product_cat","embeddable":true,"href":"https:\/\/www.preventionshop.es\/ca\/wp-json\/wp\/v2\/product_cat?post=3309"},{"taxonomy":"product_tag","embeddable":true,"href":"https:\/\/www.preventionshop.es\/ca\/wp-json\/wp\/v2\/product_tag?post=3309"}],"curies":[{"name":"wp","href":"https:\/\/api.w.org\/{rel}","templated":true}]}}