{"id":784,"date":"2018-09-17T17:24:40","date_gmt":"2018-09-17T15:24:40","guid":{"rendered":"https:\/\/www.preventionshop.es\/?product=caja-mascarillas-ffp2-no-reutilizable-serie-smart-solo"},"modified":"2025-05-23T12:52:47","modified_gmt":"2025-05-23T10:52:47","slug":"caja-mascarillas-ffp2-no-reutilizable-serie-smart-solo","status":"publish","type":"product","link":"https:\/\/www.preventionshop.es\/ca\/product\/caja-mascarillas-ffp2-no-reutilizable-serie-smart-solo\/","title":{"rendered":"Caixa Mascaretes Moldex FFP2 No Reutilitzable Serie Smart Solo"},"content":{"rendered":"","protected":false},"excerpt":{"rendered":"<p>Caixa Mascaretes FFP2 No Reutilitzables S\u00e8rie Smart Nom\u00e9s Marca Moldex &#8211; Coixinet nasal, col\u00b7locaci\u00f3 r\u00e0pida i f\u00e1cil.1 caixa = 20 unitats.<\/p>\n<p>Tipus de risc: FFP Part\u00edcules, fums i aerosols t\u00f2xics en base aigua o oli. Test d&#8217;obstrucci\u00f3 de Dolomites.<\/p>\n","protected":false},"featured_media":1666,"template":"","meta":{"inline_featured_image":false},"product_brand":[],"product_cat":[43],"product_tag":[],"class_list":{"0":"post-784","1":"product","2":"type-product","3":"status-publish","4":"has-post-thumbnail","6":"product_cat-proteccio-respiratoria","8":"first","9":"instock","10":"taxable","11":"shipping-taxable","12":"purchasable","13":"product-type-simple"},"yoast_head":"<!-- This site is optimized with the Yoast SEO plugin v27.5 - https:\/\/yoast.com\/product\/yoast-seo-wordpress\/ -->\n<title>Caixa Mascaretes Moldex FFP2 No Reutilitzable Serie Smart Solo<\/title>\n<meta name=\"description\" content=\"Caixa Mascaretes FFP2 No Reutilitzables S\u00e8rie Smart Nom\u00e9s Marca Moldex - Coixinet nasal, col\u00b7locaci\u00f3 r\u00e0pida i f\u00e1cil.1 caixa = 20 unitats.  Tipus de risc: FFP Part\u00edcules, fums i aerosols t\u00f2xics en base aigua o oli. Test d&#039;obstrucci\u00f3 de Dolomites.\" \/>\n<meta name=\"robots\" content=\"index, follow, max-snippet:-1, max-image-preview:large, max-video-preview:-1\" \/>\n<link rel=\"canonical\" href=\"\" \/>\n<meta property=\"og:locale\" content=\"ca_ES\" \/>\n<meta property=\"og:type\" content=\"article\" \/>\n<meta property=\"og:title\" content=\"Caixa Mascaretes Moldex FFP2 No Reutilitzable Serie Smart Solo\" \/>\n<meta property=\"og:description\" content=\"Caixa Mascaretes FFP2 No Reutilitzables S\u00e8rie Smart Nom\u00e9s Marca Moldex - Coixinet nasal, col\u00b7locaci\u00f3 r\u00e0pida i f\u00e1cil.1 caixa = 20 unitats.  Tipus de risc: FFP Part\u00edcules, fums i aerosols t\u00f2xics en base aigua o oli. Test d&#039;obstrucci\u00f3 de Dolomites.\" \/>\n<meta property=\"og:url\" content=\"https:\/\/www.preventionshop.es\/ca\/product\/caja-mascarillas-ffp2-no-reutilizable-serie-smart-solo\/\" \/>\n<meta property=\"og:site_name\" content=\"Prevention Shop\" \/>\n<meta property=\"article:publisher\" content=\"https:\/\/www.facebook.com\/profile.php?id=100068991094376\" \/>\n<meta property=\"article:modified_time\" content=\"2025-05-23T10:52:47+00:00\" \/>\n<meta property=\"og:image\" content=\"https:\/\/www.preventionshop.es\/wp-content\/uploads\/2018\/09\/39-Caja-Mascarillas-Moldex-FFP2-No-Reutilizable-Serie-Smart-Solo.jpg\" \/>\n\t<meta property=\"og:image:width\" content=\"350\" \/>\n\t<meta property=\"og:image:height\" content=\"350\" \/>\n\t<meta property=\"og:image:type\" content=\"image\/jpeg\" \/>\n<meta name=\"twitter:card\" content=\"summary_large_image\" \/>\n<meta name=\"twitter:site\" content=\"@PreventionShop\" \/>\n<script type=\"application\/ld+json\" class=\"yoast-schema-graph\">{\"@context\":\"https:\\\/\\\/schema.org\",\"@graph\":[{\"@type\":\"WebPage\",\"@id\":\"https:\\\/\\\/www.preventionshop.es\\\/ca\\\/product\\\/caja-mascarillas-ffp2-no-reutilizable-serie-smart-solo\\\/\",\"url\":\"https:\\\/\\\/www.preventionshop.es\\\/ca\\\/product\\\/caja-mascarillas-ffp2-no-reutilizable-serie-smart-solo\\\/\",\"name\":\"Caja Mascarillas Moldex FFP2 No Reutilizable Serie Smart Solo - Prevention Shop\",\"isPartOf\":{\"@id\":\"https:\\\/\\\/www.preventionshop.es\\\/#website\"},\"primaryImageOfPage\":{\"@id\":\"https:\\\/\\\/www.preventionshop.es\\\/ca\\\/product\\\/caja-mascarillas-ffp2-no-reutilizable-serie-smart-solo\\\/#primaryimage\"},\"image\":{\"@id\":\"https:\\\/\\\/www.preventionshop.es\\\/ca\\\/product\\\/caja-mascarillas-ffp2-no-reutilizable-serie-smart-solo\\\/#primaryimage\"},\"thumbnailUrl\":\"https:\\\/\\\/www.preventionshop.es\\\/wp-content\\\/uploads\\\/2018\\\/09\\\/39-Caja-Mascarillas-Moldex-FFP2-No-Reutilizable-Serie-Smart-Solo.jpg\",\"datePublished\":\"2018-09-17T15:24:40+00:00\",\"dateModified\":\"2025-05-23T10:52:47+00:00\",\"description\":\"Tienda online con los mejores productos para poder solventar las auditor\u00edas necesarias de la industria moderna. No Brady, Seton, Lock Out Tag Out de Master Lock.\",\"breadcrumb\":{\"@id\":\"https:\\\/\\\/www.preventionshop.es\\\/ca\\\/product\\\/caja-mascarillas-ffp2-no-reutilizable-serie-smart-solo\\\/#breadcrumb\"},\"inLanguage\":\"ca\",\"potentialAction\":[{\"@type\":\"ReadAction\",\"target\":[\"https:\\\/\\\/www.preventionshop.es\\\/ca\\\/product\\\/caja-mascarillas-ffp2-no-reutilizable-serie-smart-solo\\\/\"]}]},{\"@type\":\"ImageObject\",\"inLanguage\":\"ca\",\"@id\":\"https:\\\/\\\/www.preventionshop.es\\\/ca\\\/product\\\/caja-mascarillas-ffp2-no-reutilizable-serie-smart-solo\\\/#primaryimage\",\"url\":\"https:\\\/\\\/www.preventionshop.es\\\/wp-content\\\/uploads\\\/2018\\\/09\\\/39-Caja-Mascarillas-Moldex-FFP2-No-Reutilizable-Serie-Smart-Solo.jpg\",\"contentUrl\":\"https:\\\/\\\/www.preventionshop.es\\\/wp-content\\\/uploads\\\/2018\\\/09\\\/39-Caja-Mascarillas-Moldex-FFP2-No-Reutilizable-Serie-Smart-Solo.jpg\",\"width\":350,\"height\":350},{\"@type\":\"BreadcrumbList\",\"@id\":\"https:\\\/\\\/www.preventionshop.es\\\/ca\\\/product\\\/caja-mascarillas-ffp2-no-reutilizable-serie-smart-solo\\\/#breadcrumb\",\"itemListElement\":[{\"@type\":\"ListItem\",\"position\":1,\"name\":\"Inici - Prevention Shop\",\"item\":\"https:\\\/\\\/www.preventionshop.es\\\/\"},{\"@type\":\"ListItem\",\"position\":2,\"name\":\"Productos\",\"item\":\"https:\\\/\\\/www.preventionshop.es\\\/product\\\/\"},{\"@type\":\"ListItem\",\"position\":3,\"name\":\"Caixa Mascaretes Moldex FFP2 No Reutilitzable Serie Smart Solo\"}]},{\"@type\":\"WebSite\",\"@id\":\"https:\\\/\\\/www.preventionshop.es\\\/ca\\\/#website\",\"url\":\"https:\\\/\\\/www.preventionshop.es\\\/ca\\\/\",\"name\":\"Prevention Shop\",\"description\":\"Etiquetas y carteles\",\"publisher\":{\"@id\":\"https:\\\/\\\/www.preventionshop.es\\\/ca\\\/#organization\"},\"alternateName\":\"Etiquetas y carteles\",\"potentialAction\":[{\"@type\":\"SearchAction\",\"target\":{\"@type\":\"EntryPoint\",\"urlTemplate\":\"https:\\\/\\\/www.preventionshop.es\\\/ca\\\/?s={search_term_string}\"},\"query-input\":{\"@type\":\"PropertyValueSpecification\",\"valueRequired\":true,\"valueName\":\"search_term_string\"}}],\"inLanguage\":\"ca\"},{\"@type\":\"Organization\",\"@id\":\"https:\\\/\\\/www.preventionshop.es\\\/ca\\\/#organization\",\"name\":\"Prevention Shop\",\"url\":\"https:\\\/\\\/www.preventionshop.es\\\/ca\\\/\",\"logo\":{\"@type\":\"ImageObject\",\"inLanguage\":\"ca\",\"@id\":\"https:\\\/\\\/www.preventionshop.es\\\/ca\\\/#\\\/schema\\\/logo\\\/image\\\/\",\"url\":\"https:\\\/\\\/www.preventionshop.es\\\/\\\/wp-content\\\/uploads\\\/2025\\\/12\\\/favi.png\",\"contentUrl\":\"https:\\\/\\\/www.preventionshop.es\\\/\\\/wp-content\\\/uploads\\\/2025\\\/12\\\/favi.png\",\"width\":512,\"height\":512,\"caption\":\"Prevention Shop\"},\"image\":{\"@id\":\"https:\\\/\\\/www.preventionshop.es\\\/ca\\\/#\\\/schema\\\/logo\\\/image\\\/\"},\"sameAs\":[\"https:\\\/\\\/www.facebook.com\\\/profile.php?id=100068991094376\",\"https:\\\/\\\/x.com\\\/PreventionShop\",\"https:\\\/\\\/www.instagram.com\\\/preventionshop.es\\\/\"]}]}<\/script>\n<!-- \/ Yoast SEO plugin. -->","yoast_head_json":{"title":"Caixa Mascaretes Moldex FFP2 No Reutilitzable Serie Smart Solo","description":"Caixa Mascaretes FFP2 No Reutilitzables S\u00e8rie Smart Nom\u00e9s Marca Moldex - Coixinet nasal, col\u00b7locaci\u00f3 r\u00e0pida i f\u00e1cil.1 caixa = 20 unitats.  Tipus de risc: FFP Part\u00edcules, fums i aerosols t\u00f2xics en base aigua o oli. Test d'obstrucci\u00f3 de Dolomites.","robots":{"index":"index","follow":"follow","max-snippet":"max-snippet:-1","max-image-preview":"max-image-preview:large","max-video-preview":"max-video-preview:-1"},"canonical":"Caixa Mascaretes FFP2 No Reutilitzables S\u00e8rie Smart Nom\u00e9s Marca Moldex - Coixinet nasal, col\u00b7locaci\u00f3 r\u00e0pida i f\u00e1cil.1 caixa = 20 unitats.  Tipus de risc: FFP Part\u00edcules, fums i aerosols t\u00f2xics en base aigua o oli. Test d'obstrucci\u00f3 de Dolomites.","og_locale":"ca_ES","og_type":"article","og_title":"Caixa Mascaretes Moldex FFP2 No Reutilitzable Serie Smart Solo","og_description":"Caixa Mascaretes FFP2 No Reutilitzables S\u00e8rie Smart Nom\u00e9s Marca Moldex - Coixinet nasal, col\u00b7locaci\u00f3 r\u00e0pida i f\u00e1cil.1 caixa = 20 unitats.  Tipus de risc: FFP Part\u00edcules, fums i aerosols t\u00f2xics en base aigua o oli. Test d'obstrucci\u00f3 de Dolomites.","og_url":"https:\/\/www.preventionshop.es\/ca\/product\/caja-mascarillas-ffp2-no-reutilizable-serie-smart-solo\/","og_site_name":"Prevention Shop","article_publisher":"https:\/\/www.facebook.com\/profile.php?id=100068991094376","article_modified_time":"2025-05-23T10:52:47+00:00","og_image":[{"width":350,"height":350,"url":"https:\/\/www.preventionshop.es\/wp-content\/uploads\/2018\/09\/39-Caja-Mascarillas-Moldex-FFP2-No-Reutilizable-Serie-Smart-Solo.jpg","type":"image\/jpeg"}],"twitter_card":"summary_large_image","twitter_site":"@PreventionShop","schema":{"@context":"https:\/\/schema.org","@graph":[{"@type":"WebPage","@id":"https:\/\/www.preventionshop.es\/ca\/product\/caja-mascarillas-ffp2-no-reutilizable-serie-smart-solo\/","url":"https:\/\/www.preventionshop.es\/ca\/product\/caja-mascarillas-ffp2-no-reutilizable-serie-smart-solo\/","name":"Caja Mascarillas Moldex FFP2 No Reutilizable Serie Smart Solo - Prevention Shop","isPartOf":{"@id":"https:\/\/www.preventionshop.es\/#website"},"primaryImageOfPage":{"@id":"https:\/\/www.preventionshop.es\/ca\/product\/caja-mascarillas-ffp2-no-reutilizable-serie-smart-solo\/#primaryimage"},"image":{"@id":"https:\/\/www.preventionshop.es\/ca\/product\/caja-mascarillas-ffp2-no-reutilizable-serie-smart-solo\/#primaryimage"},"thumbnailUrl":"https:\/\/www.preventionshop.es\/wp-content\/uploads\/2018\/09\/39-Caja-Mascarillas-Moldex-FFP2-No-Reutilizable-Serie-Smart-Solo.jpg","datePublished":"2018-09-17T15:24:40+00:00","dateModified":"2025-05-23T10:52:47+00:00","description":"Tienda online con los mejores productos para poder solventar las auditor\u00edas necesarias de la industria moderna. No Brady, Seton, Lock Out Tag Out de Master Lock.","breadcrumb":{"@id":"https:\/\/www.preventionshop.es\/ca\/product\/caja-mascarillas-ffp2-no-reutilizable-serie-smart-solo\/#breadcrumb"},"inLanguage":"ca","potentialAction":[{"@type":"ReadAction","target":["https:\/\/www.preventionshop.es\/ca\/product\/caja-mascarillas-ffp2-no-reutilizable-serie-smart-solo\/"]}]},{"@type":"ImageObject","inLanguage":"ca","@id":"https:\/\/www.preventionshop.es\/ca\/product\/caja-mascarillas-ffp2-no-reutilizable-serie-smart-solo\/#primaryimage","url":"https:\/\/www.preventionshop.es\/wp-content\/uploads\/2018\/09\/39-Caja-Mascarillas-Moldex-FFP2-No-Reutilizable-Serie-Smart-Solo.jpg","contentUrl":"https:\/\/www.preventionshop.es\/wp-content\/uploads\/2018\/09\/39-Caja-Mascarillas-Moldex-FFP2-No-Reutilizable-Serie-Smart-Solo.jpg","width":350,"height":350},{"@type":"BreadcrumbList","@id":"https:\/\/www.preventionshop.es\/ca\/product\/caja-mascarillas-ffp2-no-reutilizable-serie-smart-solo\/#breadcrumb","itemListElement":[{"@type":"ListItem","position":1,"name":"Inici - Prevention Shop","item":"https:\/\/www.preventionshop.es\/"},{"@type":"ListItem","position":2,"name":"Productos","item":"https:\/\/www.preventionshop.es\/product\/"},{"@type":"ListItem","position":3,"name":"Caixa Mascaretes Moldex FFP2 No Reutilitzable Serie Smart Solo"}]},{"@type":"WebSite","@id":"https:\/\/www.preventionshop.es\/ca\/#website","url":"https:\/\/www.preventionshop.es\/ca\/","name":"Prevention Shop","description":"Etiquetas y carteles","publisher":{"@id":"https:\/\/www.preventionshop.es\/ca\/#organization"},"alternateName":"Etiquetas y carteles","potentialAction":[{"@type":"SearchAction","target":{"@type":"EntryPoint","urlTemplate":"https:\/\/www.preventionshop.es\/ca\/?s={search_term_string}"},"query-input":{"@type":"PropertyValueSpecification","valueRequired":true,"valueName":"search_term_string"}}],"inLanguage":"ca"},{"@type":"Organization","@id":"https:\/\/www.preventionshop.es\/ca\/#organization","name":"Prevention Shop","url":"https:\/\/www.preventionshop.es\/ca\/","logo":{"@type":"ImageObject","inLanguage":"ca","@id":"https:\/\/www.preventionshop.es\/ca\/#\/schema\/logo\/image\/","url":"https:\/\/www.preventionshop.es\/\/wp-content\/uploads\/2025\/12\/favi.png","contentUrl":"https:\/\/www.preventionshop.es\/\/wp-content\/uploads\/2025\/12\/favi.png","width":512,"height":512,"caption":"Prevention Shop"},"image":{"@id":"https:\/\/www.preventionshop.es\/ca\/#\/schema\/logo\/image\/"},"sameAs":["https:\/\/www.facebook.com\/profile.php?id=100068991094376","https:\/\/x.com\/PreventionShop","https:\/\/www.instagram.com\/preventionshop.es\/"]}]}},"_links":{"self":[{"href":"https:\/\/www.preventionshop.es\/ca\/wp-json\/wp\/v2\/product\/784","targetHints":{"allow":["GET"]}}],"collection":[{"href":"https:\/\/www.preventionshop.es\/ca\/wp-json\/wp\/v2\/product"}],"about":[{"href":"https:\/\/www.preventionshop.es\/ca\/wp-json\/wp\/v2\/types\/product"}],"wp:featuredmedia":[{"embeddable":true,"href":"https:\/\/www.preventionshop.es\/ca\/wp-json\/wp\/v2\/media\/1666"}],"wp:attachment":[{"href":"https:\/\/www.preventionshop.es\/ca\/wp-json\/wp\/v2\/media?parent=784"}],"wp:term":[{"taxonomy":"product_brand","embeddable":true,"href":"https:\/\/www.preventionshop.es\/ca\/wp-json\/wp\/v2\/product_brand?post=784"},{"taxonomy":"product_cat","embeddable":true,"href":"https:\/\/www.preventionshop.es\/ca\/wp-json\/wp\/v2\/product_cat?post=784"},{"taxonomy":"product_tag","embeddable":true,"href":"https:\/\/www.preventionshop.es\/ca\/wp-json\/wp\/v2\/product_tag?post=784"}],"curies":[{"name":"wp","href":"https:\/\/api.w.org\/{rel}","templated":true}]}}