{"id":788,"date":"2018-09-17T18:03:03","date_gmt":"2018-09-17T16:03:03","guid":{"rendered":"https:\/\/www.preventionshop.es\/?product=media-mascara-reutilizable-pre-montada-y-filtros-2x-a1b1e1k1p3-r"},"modified":"2025-05-23T12:51:55","modified_gmt":"2025-05-23T10:51:55","slug":"media-mascara-reutilizable-pre-montada-y-filtros-2x-a1b1e1k1p3-r","status":"publish","type":"product","link":"https:\/\/www.preventionshop.es\/ca\/product\/media-mascara-reutilizable-pre-montada-y-filtros-2x-a1b1e1k1p3-r\/","title":{"rendered":"Mitja M\u00e0scara Reutilizable Pre-montada i filtres 2x A1B1E1K1P3 R"},"content":{"rendered":"","protected":false},"excerpt":{"rendered":"<p>Respiratory Box: Inclou: 1 semi-m\u00e0scara reutilitzable pre-muntada Talla M, 2 filtres ABEK1 i 2 filtres P3.<\/p>\n<p>Gasos i \/ o vapors org\u00e0nics (Pe> 65 \u00b0 C), inorg\u00e0nics, \u00e0cids, amon\u00edac i part\u00edcules.<\/p>\n","protected":false},"featured_media":1819,"template":"","meta":{"inline_featured_image":false},"product_brand":[],"product_cat":[43],"product_tag":[],"class_list":{"0":"post-788","1":"product","2":"type-product","3":"status-publish","4":"has-post-thumbnail","6":"product_cat-proteccio-respiratoria","8":"first","9":"instock","10":"taxable","11":"shipping-taxable","12":"purchasable","13":"product-type-simple"},"yoast_head":"<!-- This site is optimized with the Yoast SEO plugin v27.5 - https:\/\/yoast.com\/product\/yoast-seo-wordpress\/ -->\n<title>Mitja M\u00e0scara Reutilizable Pre-montada i filtres 2x A1B1E1K1P3 R<\/title>\n<meta name=\"description\" content=\"Respiratory Box: Inclou: 1 semi-m\u00e0scara reutilitzable pre-muntada Talla M, 2 filtres ABEK1 i 2 filtres P3.  Gasos i \/ o vapors org\u00e0nics (Pe&gt; 65 \u00b0 C), inorg\u00e0nics, \u00e0cids, amon\u00edac i part\u00edcules.\" \/>\n<meta name=\"robots\" content=\"index, follow, max-snippet:-1, max-image-preview:large, max-video-preview:-1\" \/>\n<link rel=\"canonical\" href=\"\" \/>\n<meta property=\"og:locale\" content=\"ca_ES\" \/>\n<meta property=\"og:type\" content=\"article\" \/>\n<meta property=\"og:title\" content=\"Mitja M\u00e0scara Reutilizable Pre-montada i filtres 2x A1B1E1K1P3 R\" \/>\n<meta property=\"og:description\" content=\"Respiratory Box: Inclou: 1 semi-m\u00e0scara reutilitzable pre-muntada Talla M, 2 filtres ABEK1 i 2 filtres P3.  Gasos i \/ o vapors org\u00e0nics (Pe&gt; 65 \u00b0 C), inorg\u00e0nics, \u00e0cids, amon\u00edac i part\u00edcules.\" \/>\n<meta property=\"og:url\" content=\"https:\/\/www.preventionshop.es\/ca\/product\/media-mascara-reutilizable-pre-montada-y-filtros-2x-a1b1e1k1p3-r\/\" \/>\n<meta property=\"og:site_name\" content=\"Prevention Shop\" \/>\n<meta property=\"article:publisher\" content=\"https:\/\/www.facebook.com\/profile.php?id=100068991094376\" \/>\n<meta property=\"article:modified_time\" content=\"2025-05-23T10:51:55+00:00\" \/>\n<meta property=\"og:image\" content=\"https:\/\/www.preventionshop.es\/wp-content\/uploads\/2018\/09\/40-Media-Mascara-Reutilizable-Pre-montada-y-filtros-2x-A1B1E1K1P3-R.jpg\" \/>\n\t<meta property=\"og:image:width\" content=\"412\" \/>\n\t<meta property=\"og:image:height\" content=\"412\" \/>\n\t<meta property=\"og:image:type\" content=\"image\/jpeg\" \/>\n<meta name=\"twitter:card\" content=\"summary_large_image\" \/>\n<meta name=\"twitter:site\" content=\"@PreventionShop\" \/>\n<script type=\"application\/ld+json\" class=\"yoast-schema-graph\">{\"@context\":\"https:\\\/\\\/schema.org\",\"@graph\":[{\"@type\":\"WebPage\",\"@id\":\"https:\\\/\\\/www.preventionshop.es\\\/ca\\\/product\\\/media-mascara-reutilizable-pre-montada-y-filtros-2x-a1b1e1k1p3-r\\\/\",\"url\":\"https:\\\/\\\/www.preventionshop.es\\\/ca\\\/product\\\/media-mascara-reutilizable-pre-montada-y-filtros-2x-a1b1e1k1p3-r\\\/\",\"name\":\"Media M\u00e1scara Reutilizable Pre-montada y filtros 2x A1B1E1K1P3 R - Prevention Shop\",\"isPartOf\":{\"@id\":\"https:\\\/\\\/www.preventionshop.es\\\/#website\"},\"primaryImageOfPage\":{\"@id\":\"https:\\\/\\\/www.preventionshop.es\\\/ca\\\/product\\\/media-mascara-reutilizable-pre-montada-y-filtros-2x-a1b1e1k1p3-r\\\/#primaryimage\"},\"image\":{\"@id\":\"https:\\\/\\\/www.preventionshop.es\\\/ca\\\/product\\\/media-mascara-reutilizable-pre-montada-y-filtros-2x-a1b1e1k1p3-r\\\/#primaryimage\"},\"thumbnailUrl\":\"https:\\\/\\\/www.preventionshop.es\\\/wp-content\\\/uploads\\\/2018\\\/09\\\/40-Media-Mascara-Reutilizable-Pre-montada-y-filtros-2x-A1B1E1K1P3-R.jpg\",\"datePublished\":\"2018-09-17T16:03:03+00:00\",\"dateModified\":\"2025-05-23T10:51:55+00:00\",\"description\":\"Tienda online con los mejores productos para poder solventar las auditor\u00edas necesarias de la industria moderna. No Brady, Seton, Lock Out Tag Out de Master Lock.\",\"breadcrumb\":{\"@id\":\"https:\\\/\\\/www.preventionshop.es\\\/ca\\\/product\\\/media-mascara-reutilizable-pre-montada-y-filtros-2x-a1b1e1k1p3-r\\\/#breadcrumb\"},\"inLanguage\":\"ca\",\"potentialAction\":[{\"@type\":\"ReadAction\",\"target\":[\"https:\\\/\\\/www.preventionshop.es\\\/ca\\\/product\\\/media-mascara-reutilizable-pre-montada-y-filtros-2x-a1b1e1k1p3-r\\\/\"]}]},{\"@type\":\"ImageObject\",\"inLanguage\":\"ca\",\"@id\":\"https:\\\/\\\/www.preventionshop.es\\\/ca\\\/product\\\/media-mascara-reutilizable-pre-montada-y-filtros-2x-a1b1e1k1p3-r\\\/#primaryimage\",\"url\":\"https:\\\/\\\/www.preventionshop.es\\\/wp-content\\\/uploads\\\/2018\\\/09\\\/40-Media-Mascara-Reutilizable-Pre-montada-y-filtros-2x-A1B1E1K1P3-R.jpg\",\"contentUrl\":\"https:\\\/\\\/www.preventionshop.es\\\/wp-content\\\/uploads\\\/2018\\\/09\\\/40-Media-Mascara-Reutilizable-Pre-montada-y-filtros-2x-A1B1E1K1P3-R.jpg\",\"width\":412,\"height\":412},{\"@type\":\"BreadcrumbList\",\"@id\":\"https:\\\/\\\/www.preventionshop.es\\\/ca\\\/product\\\/media-mascara-reutilizable-pre-montada-y-filtros-2x-a1b1e1k1p3-r\\\/#breadcrumb\",\"itemListElement\":[{\"@type\":\"ListItem\",\"position\":1,\"name\":\"Inici - Prevention Shop\",\"item\":\"https:\\\/\\\/www.preventionshop.es\\\/\"},{\"@type\":\"ListItem\",\"position\":2,\"name\":\"Productos\",\"item\":\"https:\\\/\\\/www.preventionshop.es\\\/product\\\/\"},{\"@type\":\"ListItem\",\"position\":3,\"name\":\"Mitja M\u00e0scara Reutilizable Pre-montada i filtres 2x A1B1E1K1P3 R\"}]},{\"@type\":\"WebSite\",\"@id\":\"https:\\\/\\\/www.preventionshop.es\\\/ca\\\/#website\",\"url\":\"https:\\\/\\\/www.preventionshop.es\\\/ca\\\/\",\"name\":\"Prevention Shop\",\"description\":\"Etiquetas y carteles\",\"publisher\":{\"@id\":\"https:\\\/\\\/www.preventionshop.es\\\/ca\\\/#organization\"},\"alternateName\":\"Etiquetas y carteles\",\"potentialAction\":[{\"@type\":\"SearchAction\",\"target\":{\"@type\":\"EntryPoint\",\"urlTemplate\":\"https:\\\/\\\/www.preventionshop.es\\\/ca\\\/?s={search_term_string}\"},\"query-input\":{\"@type\":\"PropertyValueSpecification\",\"valueRequired\":true,\"valueName\":\"search_term_string\"}}],\"inLanguage\":\"ca\"},{\"@type\":\"Organization\",\"@id\":\"https:\\\/\\\/www.preventionshop.es\\\/ca\\\/#organization\",\"name\":\"Prevention Shop\",\"url\":\"https:\\\/\\\/www.preventionshop.es\\\/ca\\\/\",\"logo\":{\"@type\":\"ImageObject\",\"inLanguage\":\"ca\",\"@id\":\"https:\\\/\\\/www.preventionshop.es\\\/ca\\\/#\\\/schema\\\/logo\\\/image\\\/\",\"url\":\"https:\\\/\\\/www.preventionshop.es\\\/\\\/wp-content\\\/uploads\\\/2025\\\/12\\\/favi.png\",\"contentUrl\":\"https:\\\/\\\/www.preventionshop.es\\\/\\\/wp-content\\\/uploads\\\/2025\\\/12\\\/favi.png\",\"width\":512,\"height\":512,\"caption\":\"Prevention Shop\"},\"image\":{\"@id\":\"https:\\\/\\\/www.preventionshop.es\\\/ca\\\/#\\\/schema\\\/logo\\\/image\\\/\"},\"sameAs\":[\"https:\\\/\\\/www.facebook.com\\\/profile.php?id=100068991094376\",\"https:\\\/\\\/x.com\\\/PreventionShop\",\"https:\\\/\\\/www.instagram.com\\\/preventionshop.es\\\/\"]}]}<\/script>\n<!-- \/ Yoast SEO plugin. -->","yoast_head_json":{"title":"Mitja M\u00e0scara Reutilizable Pre-montada i filtres 2x A1B1E1K1P3 R","description":"Respiratory Box: Inclou: 1 semi-m\u00e0scara reutilitzable pre-muntada Talla M, 2 filtres ABEK1 i 2 filtres P3.  Gasos i \/ o vapors org\u00e0nics (Pe> 65 \u00b0 C), inorg\u00e0nics, \u00e0cids, amon\u00edac i part\u00edcules.","robots":{"index":"index","follow":"follow","max-snippet":"max-snippet:-1","max-image-preview":"max-image-preview:large","max-video-preview":"max-video-preview:-1"},"canonical":"Respiratory Box: Inclou: 1 semi-m\u00e0scara reutilitzable pre-muntada Talla M, 2 filtres ABEK1 i 2 filtres P3.  Gasos i \/ o vapors org\u00e0nics (Pe> 65 \u00b0 C), inorg\u00e0nics, \u00e0cids, amon\u00edac i part\u00edcules.","og_locale":"ca_ES","og_type":"article","og_title":"Mitja M\u00e0scara Reutilizable Pre-montada i filtres 2x A1B1E1K1P3 R","og_description":"Respiratory Box: Inclou: 1 semi-m\u00e0scara reutilitzable pre-muntada Talla M, 2 filtres ABEK1 i 2 filtres P3.  Gasos i \/ o vapors org\u00e0nics (Pe> 65 \u00b0 C), inorg\u00e0nics, \u00e0cids, amon\u00edac i part\u00edcules.","og_url":"https:\/\/www.preventionshop.es\/ca\/product\/media-mascara-reutilizable-pre-montada-y-filtros-2x-a1b1e1k1p3-r\/","og_site_name":"Prevention Shop","article_publisher":"https:\/\/www.facebook.com\/profile.php?id=100068991094376","article_modified_time":"2025-05-23T10:51:55+00:00","og_image":[{"width":412,"height":412,"url":"https:\/\/www.preventionshop.es\/wp-content\/uploads\/2018\/09\/40-Media-Mascara-Reutilizable-Pre-montada-y-filtros-2x-A1B1E1K1P3-R.jpg","type":"image\/jpeg"}],"twitter_card":"summary_large_image","twitter_site":"@PreventionShop","schema":{"@context":"https:\/\/schema.org","@graph":[{"@type":"WebPage","@id":"https:\/\/www.preventionshop.es\/ca\/product\/media-mascara-reutilizable-pre-montada-y-filtros-2x-a1b1e1k1p3-r\/","url":"https:\/\/www.preventionshop.es\/ca\/product\/media-mascara-reutilizable-pre-montada-y-filtros-2x-a1b1e1k1p3-r\/","name":"Media M\u00e1scara Reutilizable Pre-montada y filtros 2x A1B1E1K1P3 R - Prevention Shop","isPartOf":{"@id":"https:\/\/www.preventionshop.es\/#website"},"primaryImageOfPage":{"@id":"https:\/\/www.preventionshop.es\/ca\/product\/media-mascara-reutilizable-pre-montada-y-filtros-2x-a1b1e1k1p3-r\/#primaryimage"},"image":{"@id":"https:\/\/www.preventionshop.es\/ca\/product\/media-mascara-reutilizable-pre-montada-y-filtros-2x-a1b1e1k1p3-r\/#primaryimage"},"thumbnailUrl":"https:\/\/www.preventionshop.es\/wp-content\/uploads\/2018\/09\/40-Media-Mascara-Reutilizable-Pre-montada-y-filtros-2x-A1B1E1K1P3-R.jpg","datePublished":"2018-09-17T16:03:03+00:00","dateModified":"2025-05-23T10:51:55+00:00","description":"Tienda online con los mejores productos para poder solventar las auditor\u00edas necesarias de la industria moderna. No Brady, Seton, Lock Out Tag Out de Master Lock.","breadcrumb":{"@id":"https:\/\/www.preventionshop.es\/ca\/product\/media-mascara-reutilizable-pre-montada-y-filtros-2x-a1b1e1k1p3-r\/#breadcrumb"},"inLanguage":"ca","potentialAction":[{"@type":"ReadAction","target":["https:\/\/www.preventionshop.es\/ca\/product\/media-mascara-reutilizable-pre-montada-y-filtros-2x-a1b1e1k1p3-r\/"]}]},{"@type":"ImageObject","inLanguage":"ca","@id":"https:\/\/www.preventionshop.es\/ca\/product\/media-mascara-reutilizable-pre-montada-y-filtros-2x-a1b1e1k1p3-r\/#primaryimage","url":"https:\/\/www.preventionshop.es\/wp-content\/uploads\/2018\/09\/40-Media-Mascara-Reutilizable-Pre-montada-y-filtros-2x-A1B1E1K1P3-R.jpg","contentUrl":"https:\/\/www.preventionshop.es\/wp-content\/uploads\/2018\/09\/40-Media-Mascara-Reutilizable-Pre-montada-y-filtros-2x-A1B1E1K1P3-R.jpg","width":412,"height":412},{"@type":"BreadcrumbList","@id":"https:\/\/www.preventionshop.es\/ca\/product\/media-mascara-reutilizable-pre-montada-y-filtros-2x-a1b1e1k1p3-r\/#breadcrumb","itemListElement":[{"@type":"ListItem","position":1,"name":"Inici - Prevention Shop","item":"https:\/\/www.preventionshop.es\/"},{"@type":"ListItem","position":2,"name":"Productos","item":"https:\/\/www.preventionshop.es\/product\/"},{"@type":"ListItem","position":3,"name":"Mitja M\u00e0scara Reutilizable Pre-montada i filtres 2x A1B1E1K1P3 R"}]},{"@type":"WebSite","@id":"https:\/\/www.preventionshop.es\/ca\/#website","url":"https:\/\/www.preventionshop.es\/ca\/","name":"Prevention Shop","description":"Etiquetas y carteles","publisher":{"@id":"https:\/\/www.preventionshop.es\/ca\/#organization"},"alternateName":"Etiquetas y carteles","potentialAction":[{"@type":"SearchAction","target":{"@type":"EntryPoint","urlTemplate":"https:\/\/www.preventionshop.es\/ca\/?s={search_term_string}"},"query-input":{"@type":"PropertyValueSpecification","valueRequired":true,"valueName":"search_term_string"}}],"inLanguage":"ca"},{"@type":"Organization","@id":"https:\/\/www.preventionshop.es\/ca\/#organization","name":"Prevention Shop","url":"https:\/\/www.preventionshop.es\/ca\/","logo":{"@type":"ImageObject","inLanguage":"ca","@id":"https:\/\/www.preventionshop.es\/ca\/#\/schema\/logo\/image\/","url":"https:\/\/www.preventionshop.es\/\/wp-content\/uploads\/2025\/12\/favi.png","contentUrl":"https:\/\/www.preventionshop.es\/\/wp-content\/uploads\/2025\/12\/favi.png","width":512,"height":512,"caption":"Prevention Shop"},"image":{"@id":"https:\/\/www.preventionshop.es\/ca\/#\/schema\/logo\/image\/"},"sameAs":["https:\/\/www.facebook.com\/profile.php?id=100068991094376","https:\/\/x.com\/PreventionShop","https:\/\/www.instagram.com\/preventionshop.es\/"]}]}},"_links":{"self":[{"href":"https:\/\/www.preventionshop.es\/ca\/wp-json\/wp\/v2\/product\/788","targetHints":{"allow":["GET"]}}],"collection":[{"href":"https:\/\/www.preventionshop.es\/ca\/wp-json\/wp\/v2\/product"}],"about":[{"href":"https:\/\/www.preventionshop.es\/ca\/wp-json\/wp\/v2\/types\/product"}],"wp:featuredmedia":[{"embeddable":true,"href":"https:\/\/www.preventionshop.es\/ca\/wp-json\/wp\/v2\/media\/1819"}],"wp:attachment":[{"href":"https:\/\/www.preventionshop.es\/ca\/wp-json\/wp\/v2\/media?parent=788"}],"wp:term":[{"taxonomy":"product_brand","embeddable":true,"href":"https:\/\/www.preventionshop.es\/ca\/wp-json\/wp\/v2\/product_brand?post=788"},{"taxonomy":"product_cat","embeddable":true,"href":"https:\/\/www.preventionshop.es\/ca\/wp-json\/wp\/v2\/product_cat?post=788"},{"taxonomy":"product_tag","embeddable":true,"href":"https:\/\/www.preventionshop.es\/ca\/wp-json\/wp\/v2\/product_tag?post=788"}],"curies":[{"name":"wp","href":"https:\/\/api.w.org\/{rel}","templated":true}]}}