{"id":793,"date":"2018-09-18T09:18:29","date_gmt":"2018-09-18T07:18:29","guid":{"rendered":"https:\/\/www.preventionshop.es\/?product=orejeras-m5"},"modified":"2025-05-09T12:50:24","modified_gmt":"2025-05-09T10:50:24","slug":"orejeras-m5","status":"publish","type":"product","link":"https:\/\/www.preventionshop.es\/ca\/product\/orejeras-m5\/","title":{"rendered":"Orelleres M5"},"content":{"rendered":"","protected":false},"excerpt":{"rendered":"<p class=\"MsoNormal\">Orellera robusta i d\u2019alta qualitat<\/p>\n<p>Alta atenuaci\u00f3 de 34 dB [SNR]<\/p>\n<p>Lleugera i flexible, amb baixa pressi\u00f3 de contacte<\/p>\n<p>Coixinets molt confortables d\u2019escuma viscoel\u00e0stica<\/p>\n<p>Coixinets d\u2019aire conformats per a un m\u00e0xim confort<\/p>\n<p>Superf\u00edcie plana per a una neteja f\u00e0cil<\/p>\n<p>Aprovades i certificades d\u2019acord amb la norma EN 352-1:2002<\/p>\n","protected":false},"featured_media":1653,"template":"","meta":{"inline_featured_image":false},"product_brand":[],"product_cat":[42],"product_tag":[],"class_list":{"0":"post-793","1":"product","2":"type-product","3":"status-publish","4":"has-post-thumbnail","6":"product_cat-proteccio-acustica","8":"first","9":"instock","10":"taxable","11":"shipping-taxable","12":"purchasable","13":"product-type-simple"},"yoast_head":"<!-- This site is optimized with the Yoast SEO plugin v27.5 - https:\/\/yoast.com\/product\/yoast-seo-wordpress\/ -->\n<title>Orelleres M5<\/title>\n<meta name=\"description\" content=\"Orellera robusta i d\u2019alta qualitat  Alta atenuaci\u00f3 de 34 dB [SNR]  Lleugera i flexible, amb baixa pressi\u00f3 de contacte  Coixinets molt confortables d\u2019escuma viscoel\u00e0stica  Coixinets d\u2019aire conformats per a un m\u00e0xim confort  Superf\u00edcie plana per a una neteja f\u00e0cil  Aprovades i certificades d\u2019acord amb la norma EN 352-1:2002\" \/>\n<meta name=\"robots\" content=\"index, follow, max-snippet:-1, max-image-preview:large, max-video-preview:-1\" \/>\n<link rel=\"canonical\" href=\"\" \/>\n<meta property=\"og:locale\" content=\"ca_ES\" \/>\n<meta property=\"og:type\" content=\"article\" \/>\n<meta property=\"og:title\" content=\"Orelleres M5\" \/>\n<meta property=\"og:description\" content=\"Orellera robusta i d\u2019alta qualitat  Alta atenuaci\u00f3 de 34 dB [SNR]  Lleugera i flexible, amb baixa pressi\u00f3 de contacte  Coixinets molt confortables d\u2019escuma viscoel\u00e0stica  Coixinets d\u2019aire conformats per a un m\u00e0xim confort  Superf\u00edcie plana per a una neteja f\u00e0cil  Aprovades i certificades d\u2019acord amb la norma EN 352-1:2002\" \/>\n<meta property=\"og:url\" content=\"https:\/\/www.preventionshop.es\/ca\/product\/orejeras-m5\/\" \/>\n<meta property=\"og:site_name\" content=\"Prevention Shop\" \/>\n<meta property=\"article:publisher\" content=\"https:\/\/www.facebook.com\/profile.php?id=100068991094376\" \/>\n<meta property=\"article:modified_time\" content=\"2025-05-09T10:50:24+00:00\" \/>\n<meta property=\"og:image\" content=\"https:\/\/www.preventionshop.es\/wp-content\/uploads\/2018\/09\/54-Orejeras-M5.jpg\" \/>\n\t<meta property=\"og:image:width\" content=\"330\" \/>\n\t<meta property=\"og:image:height\" content=\"330\" \/>\n\t<meta property=\"og:image:type\" content=\"image\/jpeg\" \/>\n<meta name=\"twitter:card\" content=\"summary_large_image\" \/>\n<meta name=\"twitter:site\" content=\"@PreventionShop\" \/>\n<script type=\"application\/ld+json\" class=\"yoast-schema-graph\">{\"@context\":\"https:\\\/\\\/schema.org\",\"@graph\":[{\"@type\":\"WebPage\",\"@id\":\"https:\\\/\\\/www.preventionshop.es\\\/ca\\\/product\\\/orejeras-m5\\\/\",\"url\":\"https:\\\/\\\/www.preventionshop.es\\\/ca\\\/product\\\/orejeras-m5\\\/\",\"name\":\"Orejeras M5 - Prevention Shop\",\"isPartOf\":{\"@id\":\"https:\\\/\\\/www.preventionshop.es\\\/#website\"},\"primaryImageOfPage\":{\"@id\":\"https:\\\/\\\/www.preventionshop.es\\\/ca\\\/product\\\/orejeras-m5\\\/#primaryimage\"},\"image\":{\"@id\":\"https:\\\/\\\/www.preventionshop.es\\\/ca\\\/product\\\/orejeras-m5\\\/#primaryimage\"},\"thumbnailUrl\":\"https:\\\/\\\/www.preventionshop.es\\\/wp-content\\\/uploads\\\/2018\\\/09\\\/54-Orejeras-M5.jpg\",\"datePublished\":\"2018-09-18T07:18:29+00:00\",\"dateModified\":\"2025-05-09T10:50:24+00:00\",\"description\":\"Tienda online con los mejores productos para poder solventar las auditor\u00edas necesarias de la industria moderna. No Brady, Seton, Lock Out Tag Out de Master Lock.\",\"breadcrumb\":{\"@id\":\"https:\\\/\\\/www.preventionshop.es\\\/ca\\\/product\\\/orejeras-m5\\\/#breadcrumb\"},\"inLanguage\":\"ca\",\"potentialAction\":[{\"@type\":\"ReadAction\",\"target\":[\"https:\\\/\\\/www.preventionshop.es\\\/ca\\\/product\\\/orejeras-m5\\\/\"]}]},{\"@type\":\"ImageObject\",\"inLanguage\":\"ca\",\"@id\":\"https:\\\/\\\/www.preventionshop.es\\\/ca\\\/product\\\/orejeras-m5\\\/#primaryimage\",\"url\":\"https:\\\/\\\/www.preventionshop.es\\\/wp-content\\\/uploads\\\/2018\\\/09\\\/54-Orejeras-M5.jpg\",\"contentUrl\":\"https:\\\/\\\/www.preventionshop.es\\\/wp-content\\\/uploads\\\/2018\\\/09\\\/54-Orejeras-M5.jpg\",\"width\":330,\"height\":330},{\"@type\":\"BreadcrumbList\",\"@id\":\"https:\\\/\\\/www.preventionshop.es\\\/ca\\\/product\\\/orejeras-m5\\\/#breadcrumb\",\"itemListElement\":[{\"@type\":\"ListItem\",\"position\":1,\"name\":\"Inici - Prevention Shop\",\"item\":\"https:\\\/\\\/www.preventionshop.es\\\/\"},{\"@type\":\"ListItem\",\"position\":2,\"name\":\"Productos\",\"item\":\"https:\\\/\\\/www.preventionshop.es\\\/product\\\/\"},{\"@type\":\"ListItem\",\"position\":3,\"name\":\"Orelleres M5\"}]},{\"@type\":\"WebSite\",\"@id\":\"https:\\\/\\\/www.preventionshop.es\\\/ca\\\/#website\",\"url\":\"https:\\\/\\\/www.preventionshop.es\\\/ca\\\/\",\"name\":\"Prevention Shop\",\"description\":\"Etiquetas y carteles\",\"publisher\":{\"@id\":\"https:\\\/\\\/www.preventionshop.es\\\/ca\\\/#organization\"},\"alternateName\":\"Etiquetas y carteles\",\"potentialAction\":[{\"@type\":\"SearchAction\",\"target\":{\"@type\":\"EntryPoint\",\"urlTemplate\":\"https:\\\/\\\/www.preventionshop.es\\\/ca\\\/?s={search_term_string}\"},\"query-input\":{\"@type\":\"PropertyValueSpecification\",\"valueRequired\":true,\"valueName\":\"search_term_string\"}}],\"inLanguage\":\"ca\"},{\"@type\":\"Organization\",\"@id\":\"https:\\\/\\\/www.preventionshop.es\\\/ca\\\/#organization\",\"name\":\"Prevention Shop\",\"url\":\"https:\\\/\\\/www.preventionshop.es\\\/ca\\\/\",\"logo\":{\"@type\":\"ImageObject\",\"inLanguage\":\"ca\",\"@id\":\"https:\\\/\\\/www.preventionshop.es\\\/ca\\\/#\\\/schema\\\/logo\\\/image\\\/\",\"url\":\"https:\\\/\\\/www.preventionshop.es\\\/\\\/wp-content\\\/uploads\\\/2025\\\/12\\\/favi.png\",\"contentUrl\":\"https:\\\/\\\/www.preventionshop.es\\\/\\\/wp-content\\\/uploads\\\/2025\\\/12\\\/favi.png\",\"width\":512,\"height\":512,\"caption\":\"Prevention Shop\"},\"image\":{\"@id\":\"https:\\\/\\\/www.preventionshop.es\\\/ca\\\/#\\\/schema\\\/logo\\\/image\\\/\"},\"sameAs\":[\"https:\\\/\\\/www.facebook.com\\\/profile.php?id=100068991094376\",\"https:\\\/\\\/x.com\\\/PreventionShop\",\"https:\\\/\\\/www.instagram.com\\\/preventionshop.es\\\/\"]}]}<\/script>\n<!-- \/ Yoast SEO plugin. -->","yoast_head_json":{"title":"Orelleres M5","description":"Orellera robusta i d\u2019alta qualitat  Alta atenuaci\u00f3 de 34 dB [SNR]  Lleugera i flexible, amb baixa pressi\u00f3 de contacte  Coixinets molt confortables d\u2019escuma viscoel\u00e0stica  Coixinets d\u2019aire conformats per a un m\u00e0xim confort  Superf\u00edcie plana per a una neteja f\u00e0cil  Aprovades i certificades d\u2019acord amb la norma EN 352-1:2002","robots":{"index":"index","follow":"follow","max-snippet":"max-snippet:-1","max-image-preview":"max-image-preview:large","max-video-preview":"max-video-preview:-1"},"canonical":"Orellera robusta i d\u2019alta qualitat  Alta atenuaci\u00f3 de 34 dB [SNR]  Lleugera i flexible, amb baixa pressi\u00f3 de contacte  Coixinets molt confortables d\u2019escuma viscoel\u00e0stica  Coixinets d\u2019aire conformats per a un m\u00e0xim confort  Superf\u00edcie plana per a una neteja f\u00e0cil  Aprovades i certificades d\u2019acord amb la norma EN 352-1:2002","og_locale":"ca_ES","og_type":"article","og_title":"Orelleres M5","og_description":"Orellera robusta i d\u2019alta qualitat  Alta atenuaci\u00f3 de 34 dB [SNR]  Lleugera i flexible, amb baixa pressi\u00f3 de contacte  Coixinets molt confortables d\u2019escuma viscoel\u00e0stica  Coixinets d\u2019aire conformats per a un m\u00e0xim confort  Superf\u00edcie plana per a una neteja f\u00e0cil  Aprovades i certificades d\u2019acord amb la norma EN 352-1:2002","og_url":"https:\/\/www.preventionshop.es\/ca\/product\/orejeras-m5\/","og_site_name":"Prevention Shop","article_publisher":"https:\/\/www.facebook.com\/profile.php?id=100068991094376","article_modified_time":"2025-05-09T10:50:24+00:00","og_image":[{"width":330,"height":330,"url":"https:\/\/www.preventionshop.es\/wp-content\/uploads\/2018\/09\/54-Orejeras-M5.jpg","type":"image\/jpeg"}],"twitter_card":"summary_large_image","twitter_site":"@PreventionShop","schema":{"@context":"https:\/\/schema.org","@graph":[{"@type":"WebPage","@id":"https:\/\/www.preventionshop.es\/ca\/product\/orejeras-m5\/","url":"https:\/\/www.preventionshop.es\/ca\/product\/orejeras-m5\/","name":"Orejeras M5 - Prevention Shop","isPartOf":{"@id":"https:\/\/www.preventionshop.es\/#website"},"primaryImageOfPage":{"@id":"https:\/\/www.preventionshop.es\/ca\/product\/orejeras-m5\/#primaryimage"},"image":{"@id":"https:\/\/www.preventionshop.es\/ca\/product\/orejeras-m5\/#primaryimage"},"thumbnailUrl":"https:\/\/www.preventionshop.es\/wp-content\/uploads\/2018\/09\/54-Orejeras-M5.jpg","datePublished":"2018-09-18T07:18:29+00:00","dateModified":"2025-05-09T10:50:24+00:00","description":"Tienda online con los mejores productos para poder solventar las auditor\u00edas necesarias de la industria moderna. No Brady, Seton, Lock Out Tag Out de Master Lock.","breadcrumb":{"@id":"https:\/\/www.preventionshop.es\/ca\/product\/orejeras-m5\/#breadcrumb"},"inLanguage":"ca","potentialAction":[{"@type":"ReadAction","target":["https:\/\/www.preventionshop.es\/ca\/product\/orejeras-m5\/"]}]},{"@type":"ImageObject","inLanguage":"ca","@id":"https:\/\/www.preventionshop.es\/ca\/product\/orejeras-m5\/#primaryimage","url":"https:\/\/www.preventionshop.es\/wp-content\/uploads\/2018\/09\/54-Orejeras-M5.jpg","contentUrl":"https:\/\/www.preventionshop.es\/wp-content\/uploads\/2018\/09\/54-Orejeras-M5.jpg","width":330,"height":330},{"@type":"BreadcrumbList","@id":"https:\/\/www.preventionshop.es\/ca\/product\/orejeras-m5\/#breadcrumb","itemListElement":[{"@type":"ListItem","position":1,"name":"Inici - Prevention Shop","item":"https:\/\/www.preventionshop.es\/"},{"@type":"ListItem","position":2,"name":"Productos","item":"https:\/\/www.preventionshop.es\/product\/"},{"@type":"ListItem","position":3,"name":"Orelleres M5"}]},{"@type":"WebSite","@id":"https:\/\/www.preventionshop.es\/ca\/#website","url":"https:\/\/www.preventionshop.es\/ca\/","name":"Prevention Shop","description":"Etiquetas y carteles","publisher":{"@id":"https:\/\/www.preventionshop.es\/ca\/#organization"},"alternateName":"Etiquetas y carteles","potentialAction":[{"@type":"SearchAction","target":{"@type":"EntryPoint","urlTemplate":"https:\/\/www.preventionshop.es\/ca\/?s={search_term_string}"},"query-input":{"@type":"PropertyValueSpecification","valueRequired":true,"valueName":"search_term_string"}}],"inLanguage":"ca"},{"@type":"Organization","@id":"https:\/\/www.preventionshop.es\/ca\/#organization","name":"Prevention Shop","url":"https:\/\/www.preventionshop.es\/ca\/","logo":{"@type":"ImageObject","inLanguage":"ca","@id":"https:\/\/www.preventionshop.es\/ca\/#\/schema\/logo\/image\/","url":"https:\/\/www.preventionshop.es\/\/wp-content\/uploads\/2025\/12\/favi.png","contentUrl":"https:\/\/www.preventionshop.es\/\/wp-content\/uploads\/2025\/12\/favi.png","width":512,"height":512,"caption":"Prevention Shop"},"image":{"@id":"https:\/\/www.preventionshop.es\/ca\/#\/schema\/logo\/image\/"},"sameAs":["https:\/\/www.facebook.com\/profile.php?id=100068991094376","https:\/\/x.com\/PreventionShop","https:\/\/www.instagram.com\/preventionshop.es\/"]}]}},"_links":{"self":[{"href":"https:\/\/www.preventionshop.es\/ca\/wp-json\/wp\/v2\/product\/793","targetHints":{"allow":["GET"]}}],"collection":[{"href":"https:\/\/www.preventionshop.es\/ca\/wp-json\/wp\/v2\/product"}],"about":[{"href":"https:\/\/www.preventionshop.es\/ca\/wp-json\/wp\/v2\/types\/product"}],"wp:featuredmedia":[{"embeddable":true,"href":"https:\/\/www.preventionshop.es\/ca\/wp-json\/wp\/v2\/media\/1653"}],"wp:attachment":[{"href":"https:\/\/www.preventionshop.es\/ca\/wp-json\/wp\/v2\/media?parent=793"}],"wp:term":[{"taxonomy":"product_brand","embeddable":true,"href":"https:\/\/www.preventionshop.es\/ca\/wp-json\/wp\/v2\/product_brand?post=793"},{"taxonomy":"product_cat","embeddable":true,"href":"https:\/\/www.preventionshop.es\/ca\/wp-json\/wp\/v2\/product_cat?post=793"},{"taxonomy":"product_tag","embeddable":true,"href":"https:\/\/www.preventionshop.es\/ca\/wp-json\/wp\/v2\/product_tag?post=793"}],"curies":[{"name":"wp","href":"https:\/\/api.w.org\/{rel}","templated":true}]}}