{"id":819,"date":"2018-09-24T16:19:10","date_gmt":"2018-09-24T14:19:10","guid":{"rendered":"https:\/\/www.preventionshop.es\/?product=caja-filtros-de-particulas-p2-r-easylock-x-20u"},"modified":"2025-12-09T06:19:05","modified_gmt":"2025-12-09T05:19:05","slug":"caja-filtros-de-particulas-p2-r-easylock-x-20u","status":"publish","type":"product","link":"https:\/\/www.preventionshop.es\/ca\/product\/caja-filtros-de-particulas-p2-r-easylock-x-20u\/","title":{"rendered":"Caixa Filtres de Part\u00edcules P2 R EasyLock\u00ae x 20u."},"content":{"rendered":"<p>1 caixa de 20 u. de filtres P1 R EasyLock de Moldex.<\/p>\n","protected":false},"excerpt":{"rendered":"<p>Per a les S\u00e8ries 7000 i 9000<\/p>\n<p>Reutilitzables<\/p>\n<p>Tipus de risc: Part\u00edcules, fums i aerosols t\u00f2xics d\u2019aigua o d\u2019oli<\/p>\n<p>Connexi\u00f3 amb baioneta<\/p>\n<p>Els filtres de part\u00edcules es poden connectar als filtres de gasos o directament a la pe\u00e7a facial<\/p>\n<p>No calen adaptadors ni pre-filtres<\/p>\n<p>Log\u00edstica m\u00e9s f\u00e0cil i econ\u00f2mica: 30% menys de recanvis<\/p>\n<p>Filtres de part\u00edcules amb Tecnologia de Filtres Plegats: redueix significativament la resist\u00e8ncia a la respiraci\u00f3, millora el confort i permet un temps d\u2019\u00fas m\u00e9s llarg<\/p>\n<p>Els filtres de part\u00edcules han estat aprovats i certificats segons: EN 143:2000+A1:2006<\/p>\n<p>Els filtres de gasos i els filtres premuntats han estat aprovats i certificats segons EN 14387:2004+A1:2008<\/p>\n","protected":false},"featured_media":3258,"template":"","meta":{"inline_featured_image":false},"product_brand":[],"product_cat":[43],"product_tag":[],"class_list":{"0":"post-819","1":"product","2":"type-product","3":"status-publish","4":"has-post-thumbnail","6":"product_cat-proteccio-respiratoria","8":"first","9":"instock","10":"taxable","11":"shipping-taxable","12":"purchasable","13":"product-type-simple"},"yoast_head":"<!-- This site is optimized with the Yoast SEO plugin v27.5 - https:\/\/yoast.com\/product\/yoast-seo-wordpress\/ -->\n<title>Caixa Filtres de Part\u00edcules P2 R EasyLock\u00ae x 20u.<\/title>\n<meta name=\"description\" content=\"Per a les S\u00e8ries 7000 i 9000  Reutilitzables  Tipus de risc: Part\u00edcules, fums i aerosols t\u00f2xics d\u2019aigua o d\u2019oli  Connexi\u00f3 amb baioneta  Els filtres de part\u00edcules es poden connectar als filtres de gasos o directament a la pe\u00e7a facial  No calen adaptadors ni pre-filtres  Log\u00edstica m\u00e9s f\u00e0cil i econ\u00f2mica: 30% menys de recanvis  Filtres de part\u00edcules amb Tecnologia de Filtres Plegats: redueix significativament la resist\u00e8ncia a la respiraci\u00f3, millora el confort i permet un temps d\u2019\u00fas m\u00e9s llarg  Els filtres de part\u00edcules han estat aprovats i certificats segons: EN 143:2000+A1:2006  Els filtres de gasos i els filtres premuntats han estat aprovats i certificats segons EN 14387:2004+A1:2008\" \/>\n<meta name=\"robots\" content=\"index, follow, max-snippet:-1, max-image-preview:large, max-video-preview:-1\" \/>\n<link rel=\"canonical\" href=\"\" \/>\n<meta property=\"og:locale\" content=\"ca_ES\" \/>\n<meta property=\"og:type\" content=\"article\" \/>\n<meta property=\"og:title\" content=\"Caixa Filtres de Part\u00edcules P2 R EasyLock\u00ae x 20u.\" \/>\n<meta property=\"og:description\" content=\"Per a les S\u00e8ries 7000 i 9000  Reutilitzables  Tipus de risc: Part\u00edcules, fums i aerosols t\u00f2xics d\u2019aigua o d\u2019oli  Connexi\u00f3 amb baioneta  Els filtres de part\u00edcules es poden connectar als filtres de gasos o directament a la pe\u00e7a facial  No calen adaptadors ni pre-filtres  Log\u00edstica m\u00e9s f\u00e0cil i econ\u00f2mica: 30% menys de recanvis  Filtres de part\u00edcules amb Tecnologia de Filtres Plegats: redueix significativament la resist\u00e8ncia a la respiraci\u00f3, millora el confort i permet un temps d\u2019\u00fas m\u00e9s llarg  Els filtres de part\u00edcules han estat aprovats i certificats segons: EN 143:2000+A1:2006  Els filtres de gasos i els filtres premuntats han estat aprovats i certificats segons EN 14387:2004+A1:2008\" \/>\n<meta property=\"og:url\" content=\"https:\/\/www.preventionshop.es\/ca\/product\/caja-filtros-de-particulas-p2-r-easylock-x-20u\/\" \/>\n<meta property=\"og:site_name\" content=\"Prevention Shop\" \/>\n<meta property=\"article:publisher\" content=\"https:\/\/www.facebook.com\/profile.php?id=100068991094376\" \/>\n<meta property=\"article:modified_time\" content=\"2025-12-09T05:19:05+00:00\" \/>\n<meta property=\"og:image\" content=\"https:\/\/www.preventionshop.es\/wp-content\/uploads\/2018\/09\/74-Caja-Filtros-de-Particulas-P2-R-EasyLockR-x-20u-1.jpg\" \/>\n\t<meta property=\"og:image:width\" content=\"500\" \/>\n\t<meta property=\"og:image:height\" content=\"500\" \/>\n\t<meta property=\"og:image:type\" content=\"image\/jpeg\" \/>\n<meta name=\"twitter:card\" content=\"summary_large_image\" \/>\n<meta name=\"twitter:site\" content=\"@PreventionShop\" \/>\n<script type=\"application\/ld+json\" class=\"yoast-schema-graph\">{\"@context\":\"https:\\\/\\\/schema.org\",\"@graph\":[{\"@type\":\"WebPage\",\"@id\":\"https:\\\/\\\/www.preventionshop.es\\\/ca\\\/product\\\/caja-filtros-de-particulas-p2-r-easylock-x-20u\\\/\",\"url\":\"https:\\\/\\\/www.preventionshop.es\\\/ca\\\/product\\\/caja-filtros-de-particulas-p2-r-easylock-x-20u\\\/\",\"name\":\"Caja Filtros de Part\u00edculas P2 R EasyLock\u00ae x 20u. - Prevention Shop\",\"isPartOf\":{\"@id\":\"https:\\\/\\\/www.preventionshop.es\\\/#website\"},\"primaryImageOfPage\":{\"@id\":\"https:\\\/\\\/www.preventionshop.es\\\/ca\\\/product\\\/caja-filtros-de-particulas-p2-r-easylock-x-20u\\\/#primaryimage\"},\"image\":{\"@id\":\"https:\\\/\\\/www.preventionshop.es\\\/ca\\\/product\\\/caja-filtros-de-particulas-p2-r-easylock-x-20u\\\/#primaryimage\"},\"thumbnailUrl\":\"https:\\\/\\\/www.preventionshop.es\\\/wp-content\\\/uploads\\\/2018\\\/09\\\/74-Caja-Filtros-de-Particulas-P2-R-EasyLockR-x-20u-1.jpg\",\"datePublished\":\"2018-09-24T14:19:10+00:00\",\"dateModified\":\"2025-12-09T05:19:05+00:00\",\"description\":\"Tienda online con los mejores productos para poder solventar las auditor\u00edas necesarias de la industria moderna. No Brady, Seton, Lock Out Tag Out de Master Lock.\",\"breadcrumb\":{\"@id\":\"https:\\\/\\\/www.preventionshop.es\\\/ca\\\/product\\\/caja-filtros-de-particulas-p2-r-easylock-x-20u\\\/#breadcrumb\"},\"inLanguage\":\"ca\",\"potentialAction\":[{\"@type\":\"ReadAction\",\"target\":[\"https:\\\/\\\/www.preventionshop.es\\\/ca\\\/product\\\/caja-filtros-de-particulas-p2-r-easylock-x-20u\\\/\"]}]},{\"@type\":\"ImageObject\",\"inLanguage\":\"ca\",\"@id\":\"https:\\\/\\\/www.preventionshop.es\\\/ca\\\/product\\\/caja-filtros-de-particulas-p2-r-easylock-x-20u\\\/#primaryimage\",\"url\":\"https:\\\/\\\/www.preventionshop.es\\\/wp-content\\\/uploads\\\/2018\\\/09\\\/74-Caja-Filtros-de-Particulas-P2-R-EasyLockR-x-20u-1.jpg\",\"contentUrl\":\"https:\\\/\\\/www.preventionshop.es\\\/wp-content\\\/uploads\\\/2018\\\/09\\\/74-Caja-Filtros-de-Particulas-P2-R-EasyLockR-x-20u-1.jpg\",\"width\":500,\"height\":500},{\"@type\":\"BreadcrumbList\",\"@id\":\"https:\\\/\\\/www.preventionshop.es\\\/ca\\\/product\\\/caja-filtros-de-particulas-p2-r-easylock-x-20u\\\/#breadcrumb\",\"itemListElement\":[{\"@type\":\"ListItem\",\"position\":1,\"name\":\"Inici - Prevention Shop\",\"item\":\"https:\\\/\\\/www.preventionshop.es\\\/\"},{\"@type\":\"ListItem\",\"position\":2,\"name\":\"Productos\",\"item\":\"https:\\\/\\\/www.preventionshop.es\\\/product\\\/\"},{\"@type\":\"ListItem\",\"position\":3,\"name\":\"Caixa Filtres de Part\u00edcules P2 R EasyLock\u00ae x 20u.\"}]},{\"@type\":\"WebSite\",\"@id\":\"https:\\\/\\\/www.preventionshop.es\\\/ca\\\/#website\",\"url\":\"https:\\\/\\\/www.preventionshop.es\\\/ca\\\/\",\"name\":\"Prevention Shop\",\"description\":\"Etiquetas y carteles\",\"publisher\":{\"@id\":\"https:\\\/\\\/www.preventionshop.es\\\/ca\\\/#organization\"},\"alternateName\":\"Etiquetas y carteles\",\"potentialAction\":[{\"@type\":\"SearchAction\",\"target\":{\"@type\":\"EntryPoint\",\"urlTemplate\":\"https:\\\/\\\/www.preventionshop.es\\\/ca\\\/?s={search_term_string}\"},\"query-input\":{\"@type\":\"PropertyValueSpecification\",\"valueRequired\":true,\"valueName\":\"search_term_string\"}}],\"inLanguage\":\"ca\"},{\"@type\":\"Organization\",\"@id\":\"https:\\\/\\\/www.preventionshop.es\\\/ca\\\/#organization\",\"name\":\"Prevention Shop\",\"url\":\"https:\\\/\\\/www.preventionshop.es\\\/ca\\\/\",\"logo\":{\"@type\":\"ImageObject\",\"inLanguage\":\"ca\",\"@id\":\"https:\\\/\\\/www.preventionshop.es\\\/ca\\\/#\\\/schema\\\/logo\\\/image\\\/\",\"url\":\"https:\\\/\\\/www.preventionshop.es\\\/\\\/wp-content\\\/uploads\\\/2025\\\/12\\\/favi.png\",\"contentUrl\":\"https:\\\/\\\/www.preventionshop.es\\\/\\\/wp-content\\\/uploads\\\/2025\\\/12\\\/favi.png\",\"width\":512,\"height\":512,\"caption\":\"Prevention Shop\"},\"image\":{\"@id\":\"https:\\\/\\\/www.preventionshop.es\\\/ca\\\/#\\\/schema\\\/logo\\\/image\\\/\"},\"sameAs\":[\"https:\\\/\\\/www.facebook.com\\\/profile.php?id=100068991094376\",\"https:\\\/\\\/x.com\\\/PreventionShop\",\"https:\\\/\\\/www.instagram.com\\\/preventionshop.es\\\/\"]}]}<\/script>\n<!-- \/ Yoast SEO plugin. -->","yoast_head_json":{"title":"Caixa Filtres de Part\u00edcules P2 R EasyLock\u00ae x 20u.","description":"Per a les S\u00e8ries 7000 i 9000  Reutilitzables  Tipus de risc: Part\u00edcules, fums i aerosols t\u00f2xics d\u2019aigua o d\u2019oli  Connexi\u00f3 amb baioneta  Els filtres de part\u00edcules es poden connectar als filtres de gasos o directament a la pe\u00e7a facial  No calen adaptadors ni pre-filtres  Log\u00edstica m\u00e9s f\u00e0cil i econ\u00f2mica: 30% menys de recanvis  Filtres de part\u00edcules amb Tecnologia de Filtres Plegats: redueix significativament la resist\u00e8ncia a la respiraci\u00f3, millora el confort i permet un temps d\u2019\u00fas m\u00e9s llarg  Els filtres de part\u00edcules han estat aprovats i certificats segons: EN 143:2000+A1:2006  Els filtres de gasos i els filtres premuntats han estat aprovats i certificats segons EN 14387:2004+A1:2008","robots":{"index":"index","follow":"follow","max-snippet":"max-snippet:-1","max-image-preview":"max-image-preview:large","max-video-preview":"max-video-preview:-1"},"canonical":"Per a les S\u00e8ries 7000 i 9000  Reutilitzables  Tipus de risc: Part\u00edcules, fums i aerosols t\u00f2xics d\u2019aigua o d\u2019oli  Connexi\u00f3 amb baioneta  Els filtres de part\u00edcules es poden connectar als filtres de gasos o directament a la pe\u00e7a facial  No calen adaptadors ni pre-filtres  Log\u00edstica m\u00e9s f\u00e0cil i econ\u00f2mica: 30% menys de recanvis  Filtres de part\u00edcules amb Tecnologia de Filtres Plegats: redueix significativament la resist\u00e8ncia a la respiraci\u00f3, millora el confort i permet un temps d\u2019\u00fas m\u00e9s llarg  Els filtres de part\u00edcules han estat aprovats i certificats segons: EN 143:2000 A1:2006  Els filtres de gasos i els filtres premuntats han estat aprovats i certificats segons EN 14387:2004 A1:2008","og_locale":"ca_ES","og_type":"article","og_title":"Caixa Filtres de Part\u00edcules P2 R EasyLock\u00ae x 20u.","og_description":"Per a les S\u00e8ries 7000 i 9000  Reutilitzables  Tipus de risc: Part\u00edcules, fums i aerosols t\u00f2xics d\u2019aigua o d\u2019oli  Connexi\u00f3 amb baioneta  Els filtres de part\u00edcules es poden connectar als filtres de gasos o directament a la pe\u00e7a facial  No calen adaptadors ni pre-filtres  Log\u00edstica m\u00e9s f\u00e0cil i econ\u00f2mica: 30% menys de recanvis  Filtres de part\u00edcules amb Tecnologia de Filtres Plegats: redueix significativament la resist\u00e8ncia a la respiraci\u00f3, millora el confort i permet un temps d\u2019\u00fas m\u00e9s llarg  Els filtres de part\u00edcules han estat aprovats i certificats segons: EN 143:2000+A1:2006  Els filtres de gasos i els filtres premuntats han estat aprovats i certificats segons EN 14387:2004+A1:2008","og_url":"https:\/\/www.preventionshop.es\/ca\/product\/caja-filtros-de-particulas-p2-r-easylock-x-20u\/","og_site_name":"Prevention Shop","article_publisher":"https:\/\/www.facebook.com\/profile.php?id=100068991094376","article_modified_time":"2025-12-09T05:19:05+00:00","og_image":[{"width":500,"height":500,"url":"https:\/\/www.preventionshop.es\/wp-content\/uploads\/2018\/09\/74-Caja-Filtros-de-Particulas-P2-R-EasyLockR-x-20u-1.jpg","type":"image\/jpeg"}],"twitter_card":"summary_large_image","twitter_site":"@PreventionShop","schema":{"@context":"https:\/\/schema.org","@graph":[{"@type":"WebPage","@id":"https:\/\/www.preventionshop.es\/ca\/product\/caja-filtros-de-particulas-p2-r-easylock-x-20u\/","url":"https:\/\/www.preventionshop.es\/ca\/product\/caja-filtros-de-particulas-p2-r-easylock-x-20u\/","name":"Caja Filtros de Part\u00edculas P2 R EasyLock\u00ae x 20u. - Prevention Shop","isPartOf":{"@id":"https:\/\/www.preventionshop.es\/#website"},"primaryImageOfPage":{"@id":"https:\/\/www.preventionshop.es\/ca\/product\/caja-filtros-de-particulas-p2-r-easylock-x-20u\/#primaryimage"},"image":{"@id":"https:\/\/www.preventionshop.es\/ca\/product\/caja-filtros-de-particulas-p2-r-easylock-x-20u\/#primaryimage"},"thumbnailUrl":"https:\/\/www.preventionshop.es\/wp-content\/uploads\/2018\/09\/74-Caja-Filtros-de-Particulas-P2-R-EasyLockR-x-20u-1.jpg","datePublished":"2018-09-24T14:19:10+00:00","dateModified":"2025-12-09T05:19:05+00:00","description":"Tienda online con los mejores productos para poder solventar las auditor\u00edas necesarias de la industria moderna. No Brady, Seton, Lock Out Tag Out de Master Lock.","breadcrumb":{"@id":"https:\/\/www.preventionshop.es\/ca\/product\/caja-filtros-de-particulas-p2-r-easylock-x-20u\/#breadcrumb"},"inLanguage":"ca","potentialAction":[{"@type":"ReadAction","target":["https:\/\/www.preventionshop.es\/ca\/product\/caja-filtros-de-particulas-p2-r-easylock-x-20u\/"]}]},{"@type":"ImageObject","inLanguage":"ca","@id":"https:\/\/www.preventionshop.es\/ca\/product\/caja-filtros-de-particulas-p2-r-easylock-x-20u\/#primaryimage","url":"https:\/\/www.preventionshop.es\/wp-content\/uploads\/2018\/09\/74-Caja-Filtros-de-Particulas-P2-R-EasyLockR-x-20u-1.jpg","contentUrl":"https:\/\/www.preventionshop.es\/wp-content\/uploads\/2018\/09\/74-Caja-Filtros-de-Particulas-P2-R-EasyLockR-x-20u-1.jpg","width":500,"height":500},{"@type":"BreadcrumbList","@id":"https:\/\/www.preventionshop.es\/ca\/product\/caja-filtros-de-particulas-p2-r-easylock-x-20u\/#breadcrumb","itemListElement":[{"@type":"ListItem","position":1,"name":"Inici - Prevention Shop","item":"https:\/\/www.preventionshop.es\/"},{"@type":"ListItem","position":2,"name":"Productos","item":"https:\/\/www.preventionshop.es\/product\/"},{"@type":"ListItem","position":3,"name":"Caixa Filtres de Part\u00edcules P2 R EasyLock\u00ae x 20u."}]},{"@type":"WebSite","@id":"https:\/\/www.preventionshop.es\/ca\/#website","url":"https:\/\/www.preventionshop.es\/ca\/","name":"Prevention Shop","description":"Etiquetas y carteles","publisher":{"@id":"https:\/\/www.preventionshop.es\/ca\/#organization"},"alternateName":"Etiquetas y carteles","potentialAction":[{"@type":"SearchAction","target":{"@type":"EntryPoint","urlTemplate":"https:\/\/www.preventionshop.es\/ca\/?s={search_term_string}"},"query-input":{"@type":"PropertyValueSpecification","valueRequired":true,"valueName":"search_term_string"}}],"inLanguage":"ca"},{"@type":"Organization","@id":"https:\/\/www.preventionshop.es\/ca\/#organization","name":"Prevention Shop","url":"https:\/\/www.preventionshop.es\/ca\/","logo":{"@type":"ImageObject","inLanguage":"ca","@id":"https:\/\/www.preventionshop.es\/ca\/#\/schema\/logo\/image\/","url":"https:\/\/www.preventionshop.es\/\/wp-content\/uploads\/2025\/12\/favi.png","contentUrl":"https:\/\/www.preventionshop.es\/\/wp-content\/uploads\/2025\/12\/favi.png","width":512,"height":512,"caption":"Prevention Shop"},"image":{"@id":"https:\/\/www.preventionshop.es\/ca\/#\/schema\/logo\/image\/"},"sameAs":["https:\/\/www.facebook.com\/profile.php?id=100068991094376","https:\/\/x.com\/PreventionShop","https:\/\/www.instagram.com\/preventionshop.es\/"]}]}},"_links":{"self":[{"href":"https:\/\/www.preventionshop.es\/ca\/wp-json\/wp\/v2\/product\/819","targetHints":{"allow":["GET"]}}],"collection":[{"href":"https:\/\/www.preventionshop.es\/ca\/wp-json\/wp\/v2\/product"}],"about":[{"href":"https:\/\/www.preventionshop.es\/ca\/wp-json\/wp\/v2\/types\/product"}],"wp:featuredmedia":[{"embeddable":true,"href":"https:\/\/www.preventionshop.es\/ca\/wp-json\/wp\/v2\/media\/3258"}],"wp:attachment":[{"href":"https:\/\/www.preventionshop.es\/ca\/wp-json\/wp\/v2\/media?parent=819"}],"wp:term":[{"taxonomy":"product_brand","embeddable":true,"href":"https:\/\/www.preventionshop.es\/ca\/wp-json\/wp\/v2\/product_brand?post=819"},{"taxonomy":"product_cat","embeddable":true,"href":"https:\/\/www.preventionshop.es\/ca\/wp-json\/wp\/v2\/product_cat?post=819"},{"taxonomy":"product_tag","embeddable":true,"href":"https:\/\/www.preventionshop.es\/ca\/wp-json\/wp\/v2\/product_tag?post=819"}],"curies":[{"name":"wp","href":"https:\/\/api.w.org\/{rel}","templated":true}]}}