{"id":822,"date":"2025-04-29T06:56:24","date_gmt":"2025-04-29T04:56:24","guid":{"rendered":"https:\/\/www.preventionshop.es\/?post_type=product&#038;p=822"},"modified":"2025-12-21T19:21:51","modified_gmt":"2025-12-21T18:21:51","slug":"caja-2u-lavaojos-de-emergencia-500ml-2","status":"publish","type":"product","link":"https:\/\/www.preventionshop.es\/ca\/product\/caja-2u-lavaojos-de-emergencia-500ml-2\/","title":{"rendered":"Caixa 2u. Ampolla rentaulls emergencia 500ml."},"content":{"rendered":"<p>Botella f\u00e0cil d&#8217;obrir i llesta per utilitzar simplement girant el tap.<br \/>El vas integrat per als ulls t&#8217;ajuda a mantenir l&#8217;ull obert<br \/>durant la curaci\u00f3 i a evitar p\u00e8rdues innecess\u00e0ries<br \/>durant el flux del producte.<\/p>\n<p>Caducitat: 4,5 anys des de la data de producci\u00f3.<\/p>\n","protected":false},"excerpt":{"rendered":"<p>Ampolla rentaulls d&#8217;emerg\u00e8ncia 500ml. Caixa de 2 ampolles.<\/p>\n","protected":false},"featured_media":1466,"template":"","meta":{"inline_featured_image":false},"product_brand":[207],"product_cat":[35],"product_tag":[],"class_list":{"0":"post-822","1":"product","2":"type-product","3":"status-publish","4":"has-post-thumbnail","6":"product_brand-cederroth","7":"product_cat-primers-auxilis","9":"first","10":"instock","11":"taxable","12":"shipping-taxable","13":"purchasable","14":"product-type-simple"},"yoast_head":"<!-- This site is optimized with the Yoast SEO plugin v27.5 - https:\/\/yoast.com\/product\/yoast-seo-wordpress\/ -->\n<title>Caixa 2u. Ampolla rentaulls emergencia 500ml.<\/title>\n<meta name=\"description\" content=\"Ampolla rentaulls d&#039;emerg\u00e8ncia 500ml. Caixa de 2 ampolles.\" \/>\n<meta name=\"robots\" content=\"index, follow, max-snippet:-1, max-image-preview:large, max-video-preview:-1\" \/>\n<link rel=\"canonical\" href=\"http:\/\/Ampolla%20rentaulls%20d'emerg\u00e8ncia%20500ml.%20Caixa%20de%202%20ampolles.\" \/>\n<meta property=\"og:locale\" content=\"ca_ES\" \/>\n<meta property=\"og:type\" content=\"article\" \/>\n<meta property=\"og:title\" content=\"Caixa 2u. Ampolla rentaulls emergencia 500ml.\" \/>\n<meta property=\"og:description\" content=\"Ampolla rentaulls d&#039;emerg\u00e8ncia 500ml. Caixa de 2 ampolles.\" \/>\n<meta property=\"og:url\" content=\"https:\/\/www.preventionshop.es\/ca\/product\/caja-2u-lavaojos-de-emergencia-500ml-2\/\" \/>\n<meta property=\"og:site_name\" content=\"Prevention Shop\" \/>\n<meta property=\"article:publisher\" content=\"https:\/\/www.facebook.com\/profile.php?id=100068991094376\" \/>\n<meta property=\"article:modified_time\" content=\"2025-12-21T18:21:51+00:00\" \/>\n<meta property=\"og:image\" content=\"https:\/\/www.preventionshop.es\/wp-content\/uploads\/2025\/04\/75-Caja-2u.-Lavaojos-de-emergencia-500ml.jpg\" \/>\n\t<meta property=\"og:image:width\" content=\"386\" \/>\n\t<meta property=\"og:image:height\" content=\"386\" \/>\n\t<meta property=\"og:image:type\" content=\"image\/jpeg\" \/>\n<meta name=\"twitter:card\" content=\"summary_large_image\" \/>\n<meta name=\"twitter:site\" content=\"@PreventionShop\" \/>\n<script type=\"application\/ld+json\" class=\"yoast-schema-graph\">{\"@context\":\"https:\\\/\\\/schema.org\",\"@graph\":[{\"@type\":\"WebPage\",\"@id\":\"https:\\\/\\\/www.preventionshop.es\\\/ca\\\/product\\\/caja-2u-lavaojos-de-emergencia-500ml-2\\\/\",\"url\":\"https:\\\/\\\/www.preventionshop.es\\\/ca\\\/product\\\/caja-2u-lavaojos-de-emergencia-500ml-2\\\/\",\"name\":\"Caja 2u. Lavaojos de emergencia 500ml. - Prevention Shop\",\"isPartOf\":{\"@id\":\"https:\\\/\\\/www.preventionshop.es\\\/#website\"},\"primaryImageOfPage\":{\"@id\":\"https:\\\/\\\/www.preventionshop.es\\\/ca\\\/product\\\/caja-2u-lavaojos-de-emergencia-500ml-2\\\/#primaryimage\"},\"image\":{\"@id\":\"https:\\\/\\\/www.preventionshop.es\\\/ca\\\/product\\\/caja-2u-lavaojos-de-emergencia-500ml-2\\\/#primaryimage\"},\"thumbnailUrl\":\"https:\\\/\\\/www.preventionshop.es\\\/wp-content\\\/uploads\\\/2025\\\/04\\\/75-Caja-2u.-Lavaojos-de-emergencia-500ml.jpg\",\"datePublished\":\"2025-04-29T04:56:24+00:00\",\"dateModified\":\"2025-12-21T18:21:51+00:00\",\"description\":\"Tienda online con los mejores productos para poder solventar las auditor\u00edas necesarias de la industria moderna. No Brady, Seton, Lock Out Tag Out de Master Lock.\",\"breadcrumb\":{\"@id\":\"https:\\\/\\\/www.preventionshop.es\\\/ca\\\/product\\\/caja-2u-lavaojos-de-emergencia-500ml-2\\\/#breadcrumb\"},\"inLanguage\":\"ca\",\"potentialAction\":[{\"@type\":\"ReadAction\",\"target\":[\"https:\\\/\\\/www.preventionshop.es\\\/ca\\\/product\\\/caja-2u-lavaojos-de-emergencia-500ml-2\\\/\"]}]},{\"@type\":\"ImageObject\",\"inLanguage\":\"ca\",\"@id\":\"https:\\\/\\\/www.preventionshop.es\\\/ca\\\/product\\\/caja-2u-lavaojos-de-emergencia-500ml-2\\\/#primaryimage\",\"url\":\"https:\\\/\\\/www.preventionshop.es\\\/wp-content\\\/uploads\\\/2025\\\/04\\\/75-Caja-2u.-Lavaojos-de-emergencia-500ml.jpg\",\"contentUrl\":\"https:\\\/\\\/www.preventionshop.es\\\/wp-content\\\/uploads\\\/2025\\\/04\\\/75-Caja-2u.-Lavaojos-de-emergencia-500ml.jpg\",\"width\":386,\"height\":386},{\"@type\":\"BreadcrumbList\",\"@id\":\"https:\\\/\\\/www.preventionshop.es\\\/ca\\\/product\\\/caja-2u-lavaojos-de-emergencia-500ml-2\\\/#breadcrumb\",\"itemListElement\":[{\"@type\":\"ListItem\",\"position\":1,\"name\":\"Inici - Prevention Shop\",\"item\":\"https:\\\/\\\/www.preventionshop.es\\\/\"},{\"@type\":\"ListItem\",\"position\":2,\"name\":\"Productos\",\"item\":\"https:\\\/\\\/www.preventionshop.es\\\/product\\\/\"},{\"@type\":\"ListItem\",\"position\":3,\"name\":\"Caixa 2u. Ampolla rentaulls emergencia 500ml.\"}]},{\"@type\":\"WebSite\",\"@id\":\"https:\\\/\\\/www.preventionshop.es\\\/ca\\\/#website\",\"url\":\"https:\\\/\\\/www.preventionshop.es\\\/ca\\\/\",\"name\":\"Prevention Shop\",\"description\":\"Etiquetas y carteles\",\"publisher\":{\"@id\":\"https:\\\/\\\/www.preventionshop.es\\\/ca\\\/#organization\"},\"alternateName\":\"Etiquetas y carteles\",\"potentialAction\":[{\"@type\":\"SearchAction\",\"target\":{\"@type\":\"EntryPoint\",\"urlTemplate\":\"https:\\\/\\\/www.preventionshop.es\\\/ca\\\/?s={search_term_string}\"},\"query-input\":{\"@type\":\"PropertyValueSpecification\",\"valueRequired\":true,\"valueName\":\"search_term_string\"}}],\"inLanguage\":\"ca\"},{\"@type\":\"Organization\",\"@id\":\"https:\\\/\\\/www.preventionshop.es\\\/ca\\\/#organization\",\"name\":\"Prevention Shop\",\"url\":\"https:\\\/\\\/www.preventionshop.es\\\/ca\\\/\",\"logo\":{\"@type\":\"ImageObject\",\"inLanguage\":\"ca\",\"@id\":\"https:\\\/\\\/www.preventionshop.es\\\/ca\\\/#\\\/schema\\\/logo\\\/image\\\/\",\"url\":\"https:\\\/\\\/www.preventionshop.es\\\/\\\/wp-content\\\/uploads\\\/2025\\\/12\\\/favi.png\",\"contentUrl\":\"https:\\\/\\\/www.preventionshop.es\\\/\\\/wp-content\\\/uploads\\\/2025\\\/12\\\/favi.png\",\"width\":512,\"height\":512,\"caption\":\"Prevention Shop\"},\"image\":{\"@id\":\"https:\\\/\\\/www.preventionshop.es\\\/ca\\\/#\\\/schema\\\/logo\\\/image\\\/\"},\"sameAs\":[\"https:\\\/\\\/www.facebook.com\\\/profile.php?id=100068991094376\",\"https:\\\/\\\/x.com\\\/PreventionShop\",\"https:\\\/\\\/www.instagram.com\\\/preventionshop.es\\\/\"]}]}<\/script>\n<!-- \/ Yoast SEO plugin. -->","yoast_head_json":{"title":"Caixa 2u. Ampolla rentaulls emergencia 500ml.","description":"Ampolla rentaulls d'emerg\u00e8ncia 500ml. Caixa de 2 ampolles.","robots":{"index":"index","follow":"follow","max-snippet":"max-snippet:-1","max-image-preview":"max-image-preview:large","max-video-preview":"max-video-preview:-1"},"canonical":"Ampolla rentaulls d'emerg\u00e8ncia 500ml. Caixa de 2 ampolles.","og_locale":"ca_ES","og_type":"article","og_title":"Caixa 2u. Ampolla rentaulls emergencia 500ml.","og_description":"Ampolla rentaulls d'emerg\u00e8ncia 500ml. Caixa de 2 ampolles.","og_url":"https:\/\/www.preventionshop.es\/ca\/product\/caja-2u-lavaojos-de-emergencia-500ml-2\/","og_site_name":"Prevention Shop","article_publisher":"https:\/\/www.facebook.com\/profile.php?id=100068991094376","article_modified_time":"2025-12-21T18:21:51+00:00","og_image":[{"width":386,"height":386,"url":"https:\/\/www.preventionshop.es\/wp-content\/uploads\/2025\/04\/75-Caja-2u.-Lavaojos-de-emergencia-500ml.jpg","type":"image\/jpeg"}],"twitter_card":"summary_large_image","twitter_site":"@PreventionShop","schema":{"@context":"https:\/\/schema.org","@graph":[{"@type":"WebPage","@id":"https:\/\/www.preventionshop.es\/ca\/product\/caja-2u-lavaojos-de-emergencia-500ml-2\/","url":"https:\/\/www.preventionshop.es\/ca\/product\/caja-2u-lavaojos-de-emergencia-500ml-2\/","name":"Caja 2u. Lavaojos de emergencia 500ml. - Prevention Shop","isPartOf":{"@id":"https:\/\/www.preventionshop.es\/#website"},"primaryImageOfPage":{"@id":"https:\/\/www.preventionshop.es\/ca\/product\/caja-2u-lavaojos-de-emergencia-500ml-2\/#primaryimage"},"image":{"@id":"https:\/\/www.preventionshop.es\/ca\/product\/caja-2u-lavaojos-de-emergencia-500ml-2\/#primaryimage"},"thumbnailUrl":"https:\/\/www.preventionshop.es\/wp-content\/uploads\/2025\/04\/75-Caja-2u.-Lavaojos-de-emergencia-500ml.jpg","datePublished":"2025-04-29T04:56:24+00:00","dateModified":"2025-12-21T18:21:51+00:00","description":"Tienda online con los mejores productos para poder solventar las auditor\u00edas necesarias de la industria moderna. No Brady, Seton, Lock Out Tag Out de Master Lock.","breadcrumb":{"@id":"https:\/\/www.preventionshop.es\/ca\/product\/caja-2u-lavaojos-de-emergencia-500ml-2\/#breadcrumb"},"inLanguage":"ca","potentialAction":[{"@type":"ReadAction","target":["https:\/\/www.preventionshop.es\/ca\/product\/caja-2u-lavaojos-de-emergencia-500ml-2\/"]}]},{"@type":"ImageObject","inLanguage":"ca","@id":"https:\/\/www.preventionshop.es\/ca\/product\/caja-2u-lavaojos-de-emergencia-500ml-2\/#primaryimage","url":"https:\/\/www.preventionshop.es\/wp-content\/uploads\/2025\/04\/75-Caja-2u.-Lavaojos-de-emergencia-500ml.jpg","contentUrl":"https:\/\/www.preventionshop.es\/wp-content\/uploads\/2025\/04\/75-Caja-2u.-Lavaojos-de-emergencia-500ml.jpg","width":386,"height":386},{"@type":"BreadcrumbList","@id":"https:\/\/www.preventionshop.es\/ca\/product\/caja-2u-lavaojos-de-emergencia-500ml-2\/#breadcrumb","itemListElement":[{"@type":"ListItem","position":1,"name":"Inici - Prevention Shop","item":"https:\/\/www.preventionshop.es\/"},{"@type":"ListItem","position":2,"name":"Productos","item":"https:\/\/www.preventionshop.es\/product\/"},{"@type":"ListItem","position":3,"name":"Caixa 2u. Ampolla rentaulls emergencia 500ml."}]},{"@type":"WebSite","@id":"https:\/\/www.preventionshop.es\/ca\/#website","url":"https:\/\/www.preventionshop.es\/ca\/","name":"Prevention Shop","description":"Etiquetas y carteles","publisher":{"@id":"https:\/\/www.preventionshop.es\/ca\/#organization"},"alternateName":"Etiquetas y carteles","potentialAction":[{"@type":"SearchAction","target":{"@type":"EntryPoint","urlTemplate":"https:\/\/www.preventionshop.es\/ca\/?s={search_term_string}"},"query-input":{"@type":"PropertyValueSpecification","valueRequired":true,"valueName":"search_term_string"}}],"inLanguage":"ca"},{"@type":"Organization","@id":"https:\/\/www.preventionshop.es\/ca\/#organization","name":"Prevention Shop","url":"https:\/\/www.preventionshop.es\/ca\/","logo":{"@type":"ImageObject","inLanguage":"ca","@id":"https:\/\/www.preventionshop.es\/ca\/#\/schema\/logo\/image\/","url":"https:\/\/www.preventionshop.es\/\/wp-content\/uploads\/2025\/12\/favi.png","contentUrl":"https:\/\/www.preventionshop.es\/\/wp-content\/uploads\/2025\/12\/favi.png","width":512,"height":512,"caption":"Prevention Shop"},"image":{"@id":"https:\/\/www.preventionshop.es\/ca\/#\/schema\/logo\/image\/"},"sameAs":["https:\/\/www.facebook.com\/profile.php?id=100068991094376","https:\/\/x.com\/PreventionShop","https:\/\/www.instagram.com\/preventionshop.es\/"]}]}},"_links":{"self":[{"href":"https:\/\/www.preventionshop.es\/ca\/wp-json\/wp\/v2\/product\/822","targetHints":{"allow":["GET"]}}],"collection":[{"href":"https:\/\/www.preventionshop.es\/ca\/wp-json\/wp\/v2\/product"}],"about":[{"href":"https:\/\/www.preventionshop.es\/ca\/wp-json\/wp\/v2\/types\/product"}],"wp:featuredmedia":[{"embeddable":true,"href":"https:\/\/www.preventionshop.es\/ca\/wp-json\/wp\/v2\/media\/1466"}],"wp:attachment":[{"href":"https:\/\/www.preventionshop.es\/ca\/wp-json\/wp\/v2\/media?parent=822"}],"wp:term":[{"taxonomy":"product_brand","embeddable":true,"href":"https:\/\/www.preventionshop.es\/ca\/wp-json\/wp\/v2\/product_brand?post=822"},{"taxonomy":"product_cat","embeddable":true,"href":"https:\/\/www.preventionshop.es\/ca\/wp-json\/wp\/v2\/product_cat?post=822"},{"taxonomy":"product_tag","embeddable":true,"href":"https:\/\/www.preventionshop.es\/ca\/wp-json\/wp\/v2\/product_tag?post=822"}],"curies":[{"name":"wp","href":"https:\/\/api.w.org\/{rel}","templated":true}]}}