{"id":831,"date":"2018-09-26T17:07:32","date_gmt":"2018-09-26T15:07:32","guid":{"rendered":"https:\/\/www.preventionshop.es\/?product=bloqueador-de-magnetotermico-en-miniatura"},"modified":"2025-06-17T12:59:40","modified_gmt":"2025-06-17T10:59:40","slug":"bloqueador-de-magnetotermico-en-miniatura","status":"publish","type":"product","link":"https:\/\/www.preventionshop.es\/ca\/product\/bloqueador-de-magnetotermico-en-miniatura\/","title":{"rendered":"Bloquejador de magnetot\u00e8rmic en miniatura"},"content":{"rendered":"<p>El dispositiu de bloqueig de&nbsp;disyuntor&nbsp;universal en miniatura n.\u00ba S2394 de&nbsp;Master&nbsp;Lock&nbsp;bloqueja pr\u00e0cticament qualsevol&nbsp;disyuntor&nbsp;ISO\/DIN&nbsp;en miniatura amb clavilles externes de tot el m\u00f3n. El dispositiu patentat compta amb una ruleta amb cargol que es gira amb el polze perqu\u00e8 sigui f\u00e0cil de col\u00b7locar sense necessitat d&#8217;eines. El dispositiu s&#8217;uneix al&nbsp;disyuntor&nbsp;i fa que la ruleta sigui inaccessible quan est\u00e0 en posici\u00f3 de bloqueig per evitar la seva extracci\u00f3. El cadenat es pot col\u00b7locar en horitzontal o en vertical, i el seu disseny permet que es col\u00b7loqui al costat de&nbsp;disyuntores&nbsp;adjacents. El dispositiu funciona amb tots els cadenats de consignaci\u00f3 i baldes de consignaci\u00f3 de&nbsp;American&nbsp;Lock\u00ae&nbsp;i&nbsp;Master&nbsp;Lock\u00ae&nbsp;(sense incloure&nbsp;ALO80&nbsp;ni&nbsp;ALO802).<\/p>\n","protected":false},"excerpt":{"rendered":"<p>Bloqueig de magnetot\u00e8rmic en miniatura, ajustatge universal que no requereix eines.<\/p>\n","protected":false},"featured_media":1623,"template":"","meta":{"inline_featured_image":false},"product_brand":[],"product_cat":[36],"product_tag":[],"class_list":{"0":"post-831","1":"product","2":"type-product","3":"status-publish","4":"has-post-thumbnail","6":"product_cat-consignacio-lockout","8":"first","9":"instock","10":"taxable","11":"shipping-taxable","12":"purchasable","13":"product-type-simple"},"yoast_head":"<!-- This site is optimized with the Yoast SEO plugin v27.5 - https:\/\/yoast.com\/product\/yoast-seo-wordpress\/ -->\n<title>Bloquejador de magnetot\u00e8rmic en miniatura<\/title>\n<meta name=\"description\" content=\"Bloqueig de magnetot\u00e8rmic en miniatura, ajustatge universal que no requereix eines.\" \/>\n<meta name=\"robots\" content=\"index, follow, max-snippet:-1, max-image-preview:large, max-video-preview:-1\" \/>\n<link rel=\"canonical\" href=\"http:\/\/Bloqueig%20de%20magnetot\u00e8rmic%20en%20miniatura,%20ajustatge%20universal%20que%20no%20requereix%20eines.\" \/>\n<meta property=\"og:locale\" content=\"ca_ES\" \/>\n<meta property=\"og:type\" content=\"article\" \/>\n<meta property=\"og:title\" content=\"Bloquejador de magnetot\u00e8rmic en miniatura\" \/>\n<meta property=\"og:description\" content=\"Bloqueig de magnetot\u00e8rmic en miniatura, ajustatge universal que no requereix eines.\" \/>\n<meta property=\"og:url\" content=\"https:\/\/www.preventionshop.es\/ca\/product\/bloqueador-de-magnetotermico-en-miniatura\/\" \/>\n<meta property=\"og:site_name\" content=\"Prevention Shop\" \/>\n<meta property=\"article:publisher\" content=\"https:\/\/www.facebook.com\/profile.php?id=100068991094376\" \/>\n<meta property=\"article:modified_time\" content=\"2025-06-17T10:59:40+00:00\" \/>\n<meta property=\"og:image\" content=\"https:\/\/www.preventionshop.es\/wp-content\/uploads\/2018\/09\/85-Bloqueador-de-magnetotermico-en-miniatura.jpg\" \/>\n\t<meta property=\"og:image:width\" content=\"250\" \/>\n\t<meta property=\"og:image:height\" content=\"250\" \/>\n\t<meta property=\"og:image:type\" content=\"image\/jpeg\" \/>\n<meta name=\"twitter:card\" content=\"summary_large_image\" \/>\n<meta name=\"twitter:site\" content=\"@PreventionShop\" \/>\n<meta name=\"twitter:label1\" content=\"Temps estimat de lectura\" \/>\n\t<meta name=\"twitter:data1\" content=\"1 minut\" \/>\n<script type=\"application\/ld+json\" class=\"yoast-schema-graph\">{\"@context\":\"https:\\\/\\\/schema.org\",\"@graph\":[{\"@type\":\"WebPage\",\"@id\":\"https:\\\/\\\/www.preventionshop.es\\\/ca\\\/product\\\/bloqueador-de-magnetotermico-en-miniatura\\\/\",\"url\":\"https:\\\/\\\/www.preventionshop.es\\\/ca\\\/product\\\/bloqueador-de-magnetotermico-en-miniatura\\\/\",\"name\":\"Bloqueador de magnetot\u00e9rmico en miniatura - Prevention Shop\",\"isPartOf\":{\"@id\":\"https:\\\/\\\/www.preventionshop.es\\\/#website\"},\"primaryImageOfPage\":{\"@id\":\"https:\\\/\\\/www.preventionshop.es\\\/ca\\\/product\\\/bloqueador-de-magnetotermico-en-miniatura\\\/#primaryimage\"},\"image\":{\"@id\":\"https:\\\/\\\/www.preventionshop.es\\\/ca\\\/product\\\/bloqueador-de-magnetotermico-en-miniatura\\\/#primaryimage\"},\"thumbnailUrl\":\"https:\\\/\\\/www.preventionshop.es\\\/wp-content\\\/uploads\\\/2018\\\/09\\\/85-Bloqueador-de-magnetotermico-en-miniatura.jpg\",\"datePublished\":\"2018-09-26T15:07:32+00:00\",\"dateModified\":\"2025-06-17T10:59:40+00:00\",\"description\":\"Tienda online con los mejores productos para poder solventar las auditor\u00edas necesarias de la industria moderna. No Brady, Seton, Lock Out Tag Out de Master Lock.\",\"breadcrumb\":{\"@id\":\"https:\\\/\\\/www.preventionshop.es\\\/ca\\\/product\\\/bloqueador-de-magnetotermico-en-miniatura\\\/#breadcrumb\"},\"inLanguage\":\"ca\",\"potentialAction\":[{\"@type\":\"ReadAction\",\"target\":[\"https:\\\/\\\/www.preventionshop.es\\\/ca\\\/product\\\/bloqueador-de-magnetotermico-en-miniatura\\\/\"]}]},{\"@type\":\"ImageObject\",\"inLanguage\":\"ca\",\"@id\":\"https:\\\/\\\/www.preventionshop.es\\\/ca\\\/product\\\/bloqueador-de-magnetotermico-en-miniatura\\\/#primaryimage\",\"url\":\"https:\\\/\\\/www.preventionshop.es\\\/wp-content\\\/uploads\\\/2018\\\/09\\\/85-Bloqueador-de-magnetotermico-en-miniatura.jpg\",\"contentUrl\":\"https:\\\/\\\/www.preventionshop.es\\\/wp-content\\\/uploads\\\/2018\\\/09\\\/85-Bloqueador-de-magnetotermico-en-miniatura.jpg\",\"width\":250,\"height\":250},{\"@type\":\"BreadcrumbList\",\"@id\":\"https:\\\/\\\/www.preventionshop.es\\\/ca\\\/product\\\/bloqueador-de-magnetotermico-en-miniatura\\\/#breadcrumb\",\"itemListElement\":[{\"@type\":\"ListItem\",\"position\":1,\"name\":\"Inici - Prevention Shop\",\"item\":\"https:\\\/\\\/www.preventionshop.es\\\/\"},{\"@type\":\"ListItem\",\"position\":2,\"name\":\"Productos\",\"item\":\"https:\\\/\\\/www.preventionshop.es\\\/product\\\/\"},{\"@type\":\"ListItem\",\"position\":3,\"name\":\"Bloquejador de magnetot\u00e8rmic en miniatura\"}]},{\"@type\":\"WebSite\",\"@id\":\"https:\\\/\\\/www.preventionshop.es\\\/ca\\\/#website\",\"url\":\"https:\\\/\\\/www.preventionshop.es\\\/ca\\\/\",\"name\":\"Prevention Shop\",\"description\":\"Etiquetas y carteles\",\"publisher\":{\"@id\":\"https:\\\/\\\/www.preventionshop.es\\\/ca\\\/#organization\"},\"alternateName\":\"Etiquetas y carteles\",\"potentialAction\":[{\"@type\":\"SearchAction\",\"target\":{\"@type\":\"EntryPoint\",\"urlTemplate\":\"https:\\\/\\\/www.preventionshop.es\\\/ca\\\/?s={search_term_string}\"},\"query-input\":{\"@type\":\"PropertyValueSpecification\",\"valueRequired\":true,\"valueName\":\"search_term_string\"}}],\"inLanguage\":\"ca\"},{\"@type\":\"Organization\",\"@id\":\"https:\\\/\\\/www.preventionshop.es\\\/ca\\\/#organization\",\"name\":\"Prevention Shop\",\"url\":\"https:\\\/\\\/www.preventionshop.es\\\/ca\\\/\",\"logo\":{\"@type\":\"ImageObject\",\"inLanguage\":\"ca\",\"@id\":\"https:\\\/\\\/www.preventionshop.es\\\/ca\\\/#\\\/schema\\\/logo\\\/image\\\/\",\"url\":\"https:\\\/\\\/www.preventionshop.es\\\/\\\/wp-content\\\/uploads\\\/2025\\\/12\\\/favi.png\",\"contentUrl\":\"https:\\\/\\\/www.preventionshop.es\\\/\\\/wp-content\\\/uploads\\\/2025\\\/12\\\/favi.png\",\"width\":512,\"height\":512,\"caption\":\"Prevention Shop\"},\"image\":{\"@id\":\"https:\\\/\\\/www.preventionshop.es\\\/ca\\\/#\\\/schema\\\/logo\\\/image\\\/\"},\"sameAs\":[\"https:\\\/\\\/www.facebook.com\\\/profile.php?id=100068991094376\",\"https:\\\/\\\/x.com\\\/PreventionShop\",\"https:\\\/\\\/www.instagram.com\\\/preventionshop.es\\\/\"]}]}<\/script>\n<!-- \/ Yoast SEO plugin. -->","yoast_head_json":{"title":"Bloquejador de magnetot\u00e8rmic en miniatura","description":"Bloqueig de magnetot\u00e8rmic en miniatura, ajustatge universal que no requereix eines.","robots":{"index":"index","follow":"follow","max-snippet":"max-snippet:-1","max-image-preview":"max-image-preview:large","max-video-preview":"max-video-preview:-1"},"canonical":"Bloqueig de magnetot\u00e8rmic en miniatura, ajustatge universal que no requereix eines.","og_locale":"ca_ES","og_type":"article","og_title":"Bloquejador de magnetot\u00e8rmic en miniatura","og_description":"Bloqueig de magnetot\u00e8rmic en miniatura, ajustatge universal que no requereix eines.","og_url":"https:\/\/www.preventionshop.es\/ca\/product\/bloqueador-de-magnetotermico-en-miniatura\/","og_site_name":"Prevention Shop","article_publisher":"https:\/\/www.facebook.com\/profile.php?id=100068991094376","article_modified_time":"2025-06-17T10:59:40+00:00","og_image":[{"width":250,"height":250,"url":"https:\/\/www.preventionshop.es\/wp-content\/uploads\/2018\/09\/85-Bloqueador-de-magnetotermico-en-miniatura.jpg","type":"image\/jpeg"}],"twitter_card":"summary_large_image","twitter_site":"@PreventionShop","twitter_misc":{"Temps estimat de lectura":"1 minut"},"schema":{"@context":"https:\/\/schema.org","@graph":[{"@type":"WebPage","@id":"https:\/\/www.preventionshop.es\/ca\/product\/bloqueador-de-magnetotermico-en-miniatura\/","url":"https:\/\/www.preventionshop.es\/ca\/product\/bloqueador-de-magnetotermico-en-miniatura\/","name":"Bloqueador de magnetot\u00e9rmico en miniatura - Prevention Shop","isPartOf":{"@id":"https:\/\/www.preventionshop.es\/#website"},"primaryImageOfPage":{"@id":"https:\/\/www.preventionshop.es\/ca\/product\/bloqueador-de-magnetotermico-en-miniatura\/#primaryimage"},"image":{"@id":"https:\/\/www.preventionshop.es\/ca\/product\/bloqueador-de-magnetotermico-en-miniatura\/#primaryimage"},"thumbnailUrl":"https:\/\/www.preventionshop.es\/wp-content\/uploads\/2018\/09\/85-Bloqueador-de-magnetotermico-en-miniatura.jpg","datePublished":"2018-09-26T15:07:32+00:00","dateModified":"2025-06-17T10:59:40+00:00","description":"Tienda online con los mejores productos para poder solventar las auditor\u00edas necesarias de la industria moderna. No Brady, Seton, Lock Out Tag Out de Master Lock.","breadcrumb":{"@id":"https:\/\/www.preventionshop.es\/ca\/product\/bloqueador-de-magnetotermico-en-miniatura\/#breadcrumb"},"inLanguage":"ca","potentialAction":[{"@type":"ReadAction","target":["https:\/\/www.preventionshop.es\/ca\/product\/bloqueador-de-magnetotermico-en-miniatura\/"]}]},{"@type":"ImageObject","inLanguage":"ca","@id":"https:\/\/www.preventionshop.es\/ca\/product\/bloqueador-de-magnetotermico-en-miniatura\/#primaryimage","url":"https:\/\/www.preventionshop.es\/wp-content\/uploads\/2018\/09\/85-Bloqueador-de-magnetotermico-en-miniatura.jpg","contentUrl":"https:\/\/www.preventionshop.es\/wp-content\/uploads\/2018\/09\/85-Bloqueador-de-magnetotermico-en-miniatura.jpg","width":250,"height":250},{"@type":"BreadcrumbList","@id":"https:\/\/www.preventionshop.es\/ca\/product\/bloqueador-de-magnetotermico-en-miniatura\/#breadcrumb","itemListElement":[{"@type":"ListItem","position":1,"name":"Inici - Prevention Shop","item":"https:\/\/www.preventionshop.es\/"},{"@type":"ListItem","position":2,"name":"Productos","item":"https:\/\/www.preventionshop.es\/product\/"},{"@type":"ListItem","position":3,"name":"Bloquejador de magnetot\u00e8rmic en miniatura"}]},{"@type":"WebSite","@id":"https:\/\/www.preventionshop.es\/ca\/#website","url":"https:\/\/www.preventionshop.es\/ca\/","name":"Prevention Shop","description":"Etiquetas y carteles","publisher":{"@id":"https:\/\/www.preventionshop.es\/ca\/#organization"},"alternateName":"Etiquetas y carteles","potentialAction":[{"@type":"SearchAction","target":{"@type":"EntryPoint","urlTemplate":"https:\/\/www.preventionshop.es\/ca\/?s={search_term_string}"},"query-input":{"@type":"PropertyValueSpecification","valueRequired":true,"valueName":"search_term_string"}}],"inLanguage":"ca"},{"@type":"Organization","@id":"https:\/\/www.preventionshop.es\/ca\/#organization","name":"Prevention Shop","url":"https:\/\/www.preventionshop.es\/ca\/","logo":{"@type":"ImageObject","inLanguage":"ca","@id":"https:\/\/www.preventionshop.es\/ca\/#\/schema\/logo\/image\/","url":"https:\/\/www.preventionshop.es\/\/wp-content\/uploads\/2025\/12\/favi.png","contentUrl":"https:\/\/www.preventionshop.es\/\/wp-content\/uploads\/2025\/12\/favi.png","width":512,"height":512,"caption":"Prevention Shop"},"image":{"@id":"https:\/\/www.preventionshop.es\/ca\/#\/schema\/logo\/image\/"},"sameAs":["https:\/\/www.facebook.com\/profile.php?id=100068991094376","https:\/\/x.com\/PreventionShop","https:\/\/www.instagram.com\/preventionshop.es\/"]}]}},"_links":{"self":[{"href":"https:\/\/www.preventionshop.es\/ca\/wp-json\/wp\/v2\/product\/831","targetHints":{"allow":["GET"]}}],"collection":[{"href":"https:\/\/www.preventionshop.es\/ca\/wp-json\/wp\/v2\/product"}],"about":[{"href":"https:\/\/www.preventionshop.es\/ca\/wp-json\/wp\/v2\/types\/product"}],"wp:featuredmedia":[{"embeddable":true,"href":"https:\/\/www.preventionshop.es\/ca\/wp-json\/wp\/v2\/media\/1623"}],"wp:attachment":[{"href":"https:\/\/www.preventionshop.es\/ca\/wp-json\/wp\/v2\/media?parent=831"}],"wp:term":[{"taxonomy":"product_brand","embeddable":true,"href":"https:\/\/www.preventionshop.es\/ca\/wp-json\/wp\/v2\/product_brand?post=831"},{"taxonomy":"product_cat","embeddable":true,"href":"https:\/\/www.preventionshop.es\/ca\/wp-json\/wp\/v2\/product_cat?post=831"},{"taxonomy":"product_tag","embeddable":true,"href":"https:\/\/www.preventionshop.es\/ca\/wp-json\/wp\/v2\/product_tag?post=831"}],"curies":[{"name":"wp","href":"https:\/\/api.w.org\/{rel}","templated":true}]}}