{"id":859,"date":"2018-10-09T16:31:28","date_gmt":"2018-10-09T14:31:28","guid":{"rendered":"https:\/\/www.preventionshop.es\/?product=senal-emergencia-flecha-direccional-7"},"modified":"2025-11-23T07:45:55","modified_gmt":"2025-11-23T06:45:55","slug":"senal-emergencia-salida","status":"publish","type":"product","link":"https:\/\/www.preventionshop.es\/ca\/product\/senal-emergencia-salida\/","title":{"rendered":"Senyal emerg\u00e8ncia SORTIDA"},"content":{"rendered":"","protected":false},"excerpt":{"rendered":"<p>Senyal emerg\u00e8ncia, pl\u00e0stic 0,7mm fotolluminiscent clase B. Mida 297x105mm. Pictograma SORTIDA. Idioma text: Castell\u00e0.<\/p>\n","protected":false},"featured_media":1683,"template":"","meta":{"inline_featured_image":false},"product_brand":[],"product_cat":[49,38],"product_tag":[],"class_list":{"0":"post-859","1":"product","2":"type-product","3":"status-publish","4":"has-post-thumbnail","6":"product_cat-evacuacio-emergencia-primers-auxilis","7":"product_cat-senyalitzacio","9":"first","10":"instock","11":"taxable","12":"shipping-taxable","13":"purchasable","14":"product-type-simple"},"yoast_head":"<!-- This site is optimized with the Yoast SEO plugin v27.5 - https:\/\/yoast.com\/product\/yoast-seo-wordpress\/ -->\n<title>Senyal emerg\u00e8ncia SORTIDA<\/title>\n<meta name=\"description\" content=\"Senyal emerg\u00e8ncia, pl\u00e0stic 0,7mm fotolluminiscent clase B. Mida 297x105mm. Pictograma SORTIDA. Idioma text: Castell\u00e0.\" \/>\n<meta name=\"robots\" content=\"index, follow, max-snippet:-1, max-image-preview:large, max-video-preview:-1\" \/>\n<link rel=\"canonical\" href=\"\" \/>\n<meta property=\"og:locale\" content=\"ca_ES\" \/>\n<meta property=\"og:type\" content=\"article\" \/>\n<meta property=\"og:title\" content=\"Senyal emerg\u00e8ncia SORTIDA\" \/>\n<meta property=\"og:description\" content=\"Senyal emerg\u00e8ncia, pl\u00e0stic 0,7mm fotolluminiscent clase B. Mida 297x105mm. Pictograma SORTIDA. Idioma text: Castell\u00e0.\" \/>\n<meta property=\"og:url\" content=\"https:\/\/www.preventionshop.es\/ca\/product\/senal-emergencia-salida\/\" \/>\n<meta property=\"og:site_name\" content=\"Prevention Shop\" \/>\n<meta property=\"article:publisher\" content=\"https:\/\/www.facebook.com\/profile.php?id=100068991094376\" \/>\n<meta property=\"article:modified_time\" content=\"2025-11-23T06:45:55+00:00\" \/>\n<meta property=\"og:image\" content=\"https:\/\/www.preventionshop.es\/wp-content\/uploads\/2018\/10\/115-Senal-emergencia-SALIDA-1.jpg\" \/>\n\t<meta property=\"og:image:width\" content=\"843\" \/>\n\t<meta property=\"og:image:height\" content=\"843\" \/>\n\t<meta property=\"og:image:type\" content=\"image\/jpeg\" \/>\n<meta name=\"twitter:card\" content=\"summary_large_image\" \/>\n<meta name=\"twitter:site\" content=\"@PreventionShop\" \/>\n<script type=\"application\/ld+json\" class=\"yoast-schema-graph\">{\"@context\":\"https:\\\/\\\/schema.org\",\"@graph\":[{\"@type\":\"WebPage\",\"@id\":\"https:\\\/\\\/www.preventionshop.es\\\/ca\\\/product\\\/senal-emergencia-salida\\\/\",\"url\":\"https:\\\/\\\/www.preventionshop.es\\\/ca\\\/product\\\/senal-emergencia-salida\\\/\",\"name\":\"Se\u00f1al emergencia SALIDA - Prevention Shop\",\"isPartOf\":{\"@id\":\"https:\\\/\\\/www.preventionshop.es\\\/#website\"},\"primaryImageOfPage\":{\"@id\":\"https:\\\/\\\/www.preventionshop.es\\\/ca\\\/product\\\/senal-emergencia-salida\\\/#primaryimage\"},\"image\":{\"@id\":\"https:\\\/\\\/www.preventionshop.es\\\/ca\\\/product\\\/senal-emergencia-salida\\\/#primaryimage\"},\"thumbnailUrl\":\"https:\\\/\\\/www.preventionshop.es\\\/wp-content\\\/uploads\\\/2018\\\/10\\\/115-Senal-emergencia-SALIDA-1.jpg\",\"datePublished\":\"2018-10-09T14:31:28+00:00\",\"dateModified\":\"2025-11-23T06:45:55+00:00\",\"description\":\"Tienda online con los mejores productos para poder solventar las auditor\u00edas necesarias de la industria moderna. No Brady, Seton, Lock Out Tag Out de Master Lock.\",\"breadcrumb\":{\"@id\":\"https:\\\/\\\/www.preventionshop.es\\\/ca\\\/product\\\/senal-emergencia-salida\\\/#breadcrumb\"},\"inLanguage\":\"ca\",\"potentialAction\":[{\"@type\":\"ReadAction\",\"target\":[\"https:\\\/\\\/www.preventionshop.es\\\/ca\\\/product\\\/senal-emergencia-salida\\\/\"]}]},{\"@type\":\"ImageObject\",\"inLanguage\":\"ca\",\"@id\":\"https:\\\/\\\/www.preventionshop.es\\\/ca\\\/product\\\/senal-emergencia-salida\\\/#primaryimage\",\"url\":\"https:\\\/\\\/www.preventionshop.es\\\/wp-content\\\/uploads\\\/2018\\\/10\\\/115-Senal-emergencia-SALIDA-1.jpg\",\"contentUrl\":\"https:\\\/\\\/www.preventionshop.es\\\/wp-content\\\/uploads\\\/2018\\\/10\\\/115-Senal-emergencia-SALIDA-1.jpg\",\"width\":843,\"height\":843},{\"@type\":\"BreadcrumbList\",\"@id\":\"https:\\\/\\\/www.preventionshop.es\\\/ca\\\/product\\\/senal-emergencia-salida\\\/#breadcrumb\",\"itemListElement\":[{\"@type\":\"ListItem\",\"position\":1,\"name\":\"Inici - Prevention Shop\",\"item\":\"https:\\\/\\\/www.preventionshop.es\\\/\"},{\"@type\":\"ListItem\",\"position\":2,\"name\":\"Productos\",\"item\":\"https:\\\/\\\/www.preventionshop.es\\\/product\\\/\"},{\"@type\":\"ListItem\",\"position\":3,\"name\":\"Senyal emerg\u00e8ncia SORTIDA\"}]},{\"@type\":\"WebSite\",\"@id\":\"https:\\\/\\\/www.preventionshop.es\\\/ca\\\/#website\",\"url\":\"https:\\\/\\\/www.preventionshop.es\\\/ca\\\/\",\"name\":\"Prevention Shop\",\"description\":\"Etiquetas y carteles\",\"publisher\":{\"@id\":\"https:\\\/\\\/www.preventionshop.es\\\/ca\\\/#organization\"},\"alternateName\":\"Etiquetas y carteles\",\"potentialAction\":[{\"@type\":\"SearchAction\",\"target\":{\"@type\":\"EntryPoint\",\"urlTemplate\":\"https:\\\/\\\/www.preventionshop.es\\\/ca\\\/?s={search_term_string}\"},\"query-input\":{\"@type\":\"PropertyValueSpecification\",\"valueRequired\":true,\"valueName\":\"search_term_string\"}}],\"inLanguage\":\"ca\"},{\"@type\":\"Organization\",\"@id\":\"https:\\\/\\\/www.preventionshop.es\\\/ca\\\/#organization\",\"name\":\"Prevention Shop\",\"url\":\"https:\\\/\\\/www.preventionshop.es\\\/ca\\\/\",\"logo\":{\"@type\":\"ImageObject\",\"inLanguage\":\"ca\",\"@id\":\"https:\\\/\\\/www.preventionshop.es\\\/ca\\\/#\\\/schema\\\/logo\\\/image\\\/\",\"url\":\"https:\\\/\\\/www.preventionshop.es\\\/\\\/wp-content\\\/uploads\\\/2025\\\/12\\\/favi.png\",\"contentUrl\":\"https:\\\/\\\/www.preventionshop.es\\\/\\\/wp-content\\\/uploads\\\/2025\\\/12\\\/favi.png\",\"width\":512,\"height\":512,\"caption\":\"Prevention Shop\"},\"image\":{\"@id\":\"https:\\\/\\\/www.preventionshop.es\\\/ca\\\/#\\\/schema\\\/logo\\\/image\\\/\"},\"sameAs\":[\"https:\\\/\\\/www.facebook.com\\\/profile.php?id=100068991094376\",\"https:\\\/\\\/x.com\\\/PreventionShop\",\"https:\\\/\\\/www.instagram.com\\\/preventionshop.es\\\/\"]}]}<\/script>\n<!-- \/ Yoast SEO plugin. -->","yoast_head_json":{"title":"Senyal emerg\u00e8ncia SORTIDA","description":"Senyal emerg\u00e8ncia, pl\u00e0stic 0,7mm fotolluminiscent clase B. Mida 297x105mm. Pictograma SORTIDA. Idioma text: Castell\u00e0.","robots":{"index":"index","follow":"follow","max-snippet":"max-snippet:-1","max-image-preview":"max-image-preview:large","max-video-preview":"max-video-preview:-1"},"canonical":"Senyal emerg\u00e8ncia, pl\u00e0stic 0,7mm fotolluminiscent clase B. Mida 297x105mm. Pictograma SORTIDA. Idioma text: Castell\u00e0.","og_locale":"ca_ES","og_type":"article","og_title":"Senyal emerg\u00e8ncia SORTIDA","og_description":"Senyal emerg\u00e8ncia, pl\u00e0stic 0,7mm fotolluminiscent clase B. Mida 297x105mm. Pictograma SORTIDA. Idioma text: Castell\u00e0.","og_url":"https:\/\/www.preventionshop.es\/ca\/product\/senal-emergencia-salida\/","og_site_name":"Prevention Shop","article_publisher":"https:\/\/www.facebook.com\/profile.php?id=100068991094376","article_modified_time":"2025-11-23T06:45:55+00:00","og_image":[{"width":843,"height":843,"url":"https:\/\/www.preventionshop.es\/wp-content\/uploads\/2018\/10\/115-Senal-emergencia-SALIDA-1.jpg","type":"image\/jpeg"}],"twitter_card":"summary_large_image","twitter_site":"@PreventionShop","schema":{"@context":"https:\/\/schema.org","@graph":[{"@type":"WebPage","@id":"https:\/\/www.preventionshop.es\/ca\/product\/senal-emergencia-salida\/","url":"https:\/\/www.preventionshop.es\/ca\/product\/senal-emergencia-salida\/","name":"Se\u00f1al emergencia SALIDA - Prevention Shop","isPartOf":{"@id":"https:\/\/www.preventionshop.es\/#website"},"primaryImageOfPage":{"@id":"https:\/\/www.preventionshop.es\/ca\/product\/senal-emergencia-salida\/#primaryimage"},"image":{"@id":"https:\/\/www.preventionshop.es\/ca\/product\/senal-emergencia-salida\/#primaryimage"},"thumbnailUrl":"https:\/\/www.preventionshop.es\/wp-content\/uploads\/2018\/10\/115-Senal-emergencia-SALIDA-1.jpg","datePublished":"2018-10-09T14:31:28+00:00","dateModified":"2025-11-23T06:45:55+00:00","description":"Tienda online con los mejores productos para poder solventar las auditor\u00edas necesarias de la industria moderna. No Brady, Seton, Lock Out Tag Out de Master Lock.","breadcrumb":{"@id":"https:\/\/www.preventionshop.es\/ca\/product\/senal-emergencia-salida\/#breadcrumb"},"inLanguage":"ca","potentialAction":[{"@type":"ReadAction","target":["https:\/\/www.preventionshop.es\/ca\/product\/senal-emergencia-salida\/"]}]},{"@type":"ImageObject","inLanguage":"ca","@id":"https:\/\/www.preventionshop.es\/ca\/product\/senal-emergencia-salida\/#primaryimage","url":"https:\/\/www.preventionshop.es\/wp-content\/uploads\/2018\/10\/115-Senal-emergencia-SALIDA-1.jpg","contentUrl":"https:\/\/www.preventionshop.es\/wp-content\/uploads\/2018\/10\/115-Senal-emergencia-SALIDA-1.jpg","width":843,"height":843},{"@type":"BreadcrumbList","@id":"https:\/\/www.preventionshop.es\/ca\/product\/senal-emergencia-salida\/#breadcrumb","itemListElement":[{"@type":"ListItem","position":1,"name":"Inici - Prevention Shop","item":"https:\/\/www.preventionshop.es\/"},{"@type":"ListItem","position":2,"name":"Productos","item":"https:\/\/www.preventionshop.es\/product\/"},{"@type":"ListItem","position":3,"name":"Senyal emerg\u00e8ncia SORTIDA"}]},{"@type":"WebSite","@id":"https:\/\/www.preventionshop.es\/ca\/#website","url":"https:\/\/www.preventionshop.es\/ca\/","name":"Prevention Shop","description":"Etiquetas y carteles","publisher":{"@id":"https:\/\/www.preventionshop.es\/ca\/#organization"},"alternateName":"Etiquetas y carteles","potentialAction":[{"@type":"SearchAction","target":{"@type":"EntryPoint","urlTemplate":"https:\/\/www.preventionshop.es\/ca\/?s={search_term_string}"},"query-input":{"@type":"PropertyValueSpecification","valueRequired":true,"valueName":"search_term_string"}}],"inLanguage":"ca"},{"@type":"Organization","@id":"https:\/\/www.preventionshop.es\/ca\/#organization","name":"Prevention Shop","url":"https:\/\/www.preventionshop.es\/ca\/","logo":{"@type":"ImageObject","inLanguage":"ca","@id":"https:\/\/www.preventionshop.es\/ca\/#\/schema\/logo\/image\/","url":"https:\/\/www.preventionshop.es\/\/wp-content\/uploads\/2025\/12\/favi.png","contentUrl":"https:\/\/www.preventionshop.es\/\/wp-content\/uploads\/2025\/12\/favi.png","width":512,"height":512,"caption":"Prevention Shop"},"image":{"@id":"https:\/\/www.preventionshop.es\/ca\/#\/schema\/logo\/image\/"},"sameAs":["https:\/\/www.facebook.com\/profile.php?id=100068991094376","https:\/\/x.com\/PreventionShop","https:\/\/www.instagram.com\/preventionshop.es\/"]}]}},"_links":{"self":[{"href":"https:\/\/www.preventionshop.es\/ca\/wp-json\/wp\/v2\/product\/859","targetHints":{"allow":["GET"]}}],"collection":[{"href":"https:\/\/www.preventionshop.es\/ca\/wp-json\/wp\/v2\/product"}],"about":[{"href":"https:\/\/www.preventionshop.es\/ca\/wp-json\/wp\/v2\/types\/product"}],"wp:featuredmedia":[{"embeddable":true,"href":"https:\/\/www.preventionshop.es\/ca\/wp-json\/wp\/v2\/media\/1683"}],"wp:attachment":[{"href":"https:\/\/www.preventionshop.es\/ca\/wp-json\/wp\/v2\/media?parent=859"}],"wp:term":[{"taxonomy":"product_brand","embeddable":true,"href":"https:\/\/www.preventionshop.es\/ca\/wp-json\/wp\/v2\/product_brand?post=859"},{"taxonomy":"product_cat","embeddable":true,"href":"https:\/\/www.preventionshop.es\/ca\/wp-json\/wp\/v2\/product_cat?post=859"},{"taxonomy":"product_tag","embeddable":true,"href":"https:\/\/www.preventionshop.es\/ca\/wp-json\/wp\/v2\/product_tag?post=859"}],"curies":[{"name":"wp","href":"https:\/\/api.w.org\/{rel}","templated":true}]}}